{"id":7238,"date":"2022-03-07T14:34:09","date_gmt":"2022-03-07T13:34:09","guid":{"rendered":"https:\/\/www.visionix.com\/produit\/visionix-vx120-2\/"},"modified":"2023-12-15T10:35:48","modified_gmt":"2023-12-15T09:35:48","slug":"analizzatore-del-segmento-anteriore-visionix-vx120","status":"publish","type":"product","link":"https:\/\/www.visionix.com\/it\/product\/analizzatore-del-segmento-anteriore-visionix-vx120\/","title":{"rendered":"Visionix VX 120+"},"content":{"rendered":"<p>Strumento full-auto per la misura wavefront della refrazione e valutazione della camera anteriore. L&#8217;unico Strumento diagnostico per la camera anteriore, lo screening e l&#8217;analisi della visione in 90&#8242;.<br \/>\nFai la differenza con il VX 120+, un dispositivo di screening diagnostico completo e totalmente automatizzato. L&#8217;unico 8 in 1, misurazione della refrazione in fase diurna e notturna, individuazione e monitoraggio del glaucoma, cataratta e cheratocono, data base delle lenti a contatto.<\/p>\n","protected":false},"excerpt":{"rendered":"<p><strong>Piattaforma multimodale, dispositivo diagnostico per la camera anteriore, screening e analisi della visione<\/strong><\/p>\n<p>I servizi di screening forniti dalla VX 120+ vi danno la possibilit\u00e0 di avvisare i vostri pazienti di patologie come il glaucoma, la cataratta, il cheratocono, nonch\u00e9 di correggere i difetti visivi, compresi quelli che riguardano la visione notturna, e di completare cos\u00ec il pannello di servizi che offrite come ottico \/ optometrista. Guadagnare la fedelt\u00e0 del cliente attraverso una cura competente e buone relazioni diventa pi\u00f9 facile. Dando al cliente pi\u00f9 tempo, con pi\u00f9 informazioni sulla sua salute visiva, riconoscer\u00e0 naturalmente il vostro valore aggiunto a lungo termine.<\/p>\n","protected":false},"featured_media":60888,"template":"","meta":{"_acf_changed":false,"content-type":"","footnotes":""},"pwb-brand":[506],"product_brand":[],"product_cat":[168,192,191],"product_tag":[],"class_list":{"0":"post-7238","1":"product","2":"type-product","3":"status-publish","4":"has-post-thumbnail","6":"pwb-brand-visionix-it","7":"product_cat-oftalmologia-strumenti","8":"product_cat-optometria-strumento","9":"product_cat-ottiche-apparecchiature","10":"pa_product-family-diagnostic-it","11":"pa_product-type-wavefront-analyzer-it","12":"pa_product-type-ark-it","13":"pa_product-type-pachymeter-it","14":"pa_product-type-anterior-segment-it","15":"pa_product-type-tonometer-it","16":"pa_product-type-topographer-it","18":"first","19":"instock","20":"product-type-simple"},"acf":[],"brands":[{"id":506,"name":"Visionix","slug":"visionix-it"}],"_links":{"self":[{"href":"https:\/\/www.visionix.com\/it\/wp-json\/wp\/v2\/product\/7238","targetHints":{"allow":["GET"]}}],"collection":[{"href":"https:\/\/www.visionix.com\/it\/wp-json\/wp\/v2\/product"}],"about":[{"href":"https:\/\/www.visionix.com\/it\/wp-json\/wp\/v2\/types\/product"}],"version-history":[{"count":10,"href":"https:\/\/www.visionix.com\/it\/wp-json\/wp\/v2\/product\/7238\/revisions"}],"predecessor-version":[{"id":51487,"href":"https:\/\/www.visionix.com\/it\/wp-json\/wp\/v2\/product\/7238\/revisions\/51487"}],"wp:featuredmedia":[{"embeddable":true,"href":"https:\/\/www.visionix.com\/it\/wp-json\/wp\/v2\/media\/60888"}],"wp:attachment":[{"href":"https:\/\/www.visionix.com\/it\/wp-json\/wp\/v2\/media?parent=7238"}],"wp:term":[{"taxonomy":"pwb-brand","embeddable":true,"href":"https:\/\/www.visionix.com\/it\/wp-json\/wp\/v2\/pwb-brand?post=7238"},{"taxonomy":"product_brand","embeddable":true,"href":"https:\/\/www.visionix.com\/it\/wp-json\/wp\/v2\/product_brand?post=7238"},{"taxonomy":"product_cat","embeddable":true,"href":"https:\/\/www.visionix.com\/it\/wp-json\/wp\/v2\/product_cat?post=7238"},{"taxonomy":"product_tag","embeddable":true,"href":"https:\/\/www.visionix.com\/it\/wp-json\/wp\/v2\/product_tag?post=7238"}],"curies":[{"name":"wp","href":"https:\/\/api.w.org\/{rel}","templated":true}]}}