{"id":7235,"date":"2022-03-07T14:34:09","date_gmt":"2022-03-07T13:34:09","guid":{"rendered":"https:\/\/www.visionix.com\/produit\/visionix-vx120-dry-eye\/"},"modified":"2023-12-15T10:48:32","modified_gmt":"2023-12-15T09:48:32","slug":"analizzatore-del-segmento-anteriore-visionix-vx120-dry-eye","status":"publish","type":"product","link":"https:\/\/www.visionix.com\/it\/product\/analizzatore-del-segmento-anteriore-visionix-vx120-dry-eye\/","title":{"rendered":"Visionix VX 120+ Dry Eye"},"content":{"rendered":"<p>VX 120+ Dry Eye offre tre tipi di misurazioni :<br \/>\nTest non invasivo del tempo di rottura del film lacrimale : Test che elabora il movimento degli anelli sull&#8217;occhio calcolando la velocit\u00e0 di rottura del film lacrimale tra due ammiccamenti.<br \/>\nGhiandole di Meibomio : La fotocamera a colori consente di eseguire una galleria fotografica delle parti dell&#8217;occhio, con particolare attenzione alla zona delle ghiandole di Meibomio.<br \/>\nMisurazione del menisco lacrimale :Grazie allo zoom manuale della fotocamera a colori, \u00e8 possibile misurare l&#8217;altezza del menisco lacrimale e completare il test.<br \/>\nAlla fine del test sul display apparir\u00e0 un sommario dei tra test.<\/p>\n","protected":false},"excerpt":{"rendered":"<p><strong>Piattaforma multimodale, screening e monitoraggio della sindrome dell&#8217;occhio secco (DES)<\/strong><\/p>\n<p>I servizi di screening forniti dalla VX 120+ Dry Eye vi danno la possibilit\u00e0 di avvisare i vostri pazienti di patologie come il glaucoma, la cataratta, il cheratocono, oltre a correggere i difetti visivi, compresi quelli che riguardano la visione notturna, e cos\u00ec facendo completate il pannello di servizi che offrite come ottico \/ optometrista. Guadagnare la fedelt\u00e0 del cliente attraverso una cura competente e buone relazioni diventa pi\u00f9 facile. Dando al cliente pi\u00f9 tempo, con pi\u00f9 informazioni sulla sua salute visiva, riconoscer\u00e0 naturalmente il vostro valore aggiunto a lungo termine.<\/p>\n","protected":false},"featured_media":49881,"template":"","meta":{"_acf_changed":false,"content-type":"","footnotes":""},"pwb-brand":[506],"product_brand":[],"product_cat":[168,192,191],"product_tag":[],"class_list":{"0":"post-7235","1":"product","2":"type-product","3":"status-publish","4":"has-post-thumbnail","6":"pwb-brand-visionix-it","7":"product_cat-oftalmologia-strumenti","8":"product_cat-optometria-strumento","9":"product_cat-ottiche-apparecchiature","10":"pa_product-family-diagnostic-it","11":"pa_product-type-wavefront-analyzer-it","12":"pa_product-type-ark-it","13":"pa_product-type-pachymeter-it","14":"pa_product-type-anterior-segment-it","15":"pa_product-type-tonometer-it","16":"pa_product-type-topographer-it","18":"first","19":"instock","20":"product-type-simple"},"acf":[],"brands":[{"id":506,"name":"Visionix","slug":"visionix-it"}],"_links":{"self":[{"href":"https:\/\/www.visionix.com\/it\/wp-json\/wp\/v2\/product\/7235","targetHints":{"allow":["GET"]}}],"collection":[{"href":"https:\/\/www.visionix.com\/it\/wp-json\/wp\/v2\/product"}],"about":[{"href":"https:\/\/www.visionix.com\/it\/wp-json\/wp\/v2\/types\/product"}],"version-history":[{"count":7,"href":"https:\/\/www.visionix.com\/it\/wp-json\/wp\/v2\/product\/7235\/revisions"}],"predecessor-version":[{"id":51496,"href":"https:\/\/www.visionix.com\/it\/wp-json\/wp\/v2\/product\/7235\/revisions\/51496"}],"wp:featuredmedia":[{"embeddable":true,"href":"https:\/\/www.visionix.com\/it\/wp-json\/wp\/v2\/media\/49881"}],"wp:attachment":[{"href":"https:\/\/www.visionix.com\/it\/wp-json\/wp\/v2\/media?parent=7235"}],"wp:term":[{"taxonomy":"pwb-brand","embeddable":true,"href":"https:\/\/www.visionix.com\/it\/wp-json\/wp\/v2\/pwb-brand?post=7235"},{"taxonomy":"product_brand","embeddable":true,"href":"https:\/\/www.visionix.com\/it\/wp-json\/wp\/v2\/product_brand?post=7235"},{"taxonomy":"product_cat","embeddable":true,"href":"https:\/\/www.visionix.com\/it\/wp-json\/wp\/v2\/product_cat?post=7235"},{"taxonomy":"product_tag","embeddable":true,"href":"https:\/\/www.visionix.com\/it\/wp-json\/wp\/v2\/product_tag?post=7235"}],"curies":[{"name":"wp","href":"https:\/\/api.w.org\/{rel}","templated":true}]}}