{"id":7104,"date":"2022-03-07T14:34:09","date_gmt":"2022-03-07T13:34:09","guid":{"rendered":"https:\/\/www.visionix.com\/produit\/visionix-vx40\/"},"modified":"2024-10-31T09:51:17","modified_gmt":"2024-10-31T08:51:17","slug":"lensmetro-automatico-visionix-vx40","status":"publish","type":"product","link":"https:\/\/www.visionix.com\/it\/product\/lensmetro-automatico-visionix-vx40\/","title":{"rendered":"Visionix VX 40"},"content":{"rendered":"<p>La tecnologia Wavefront di Visionix permette di avere un&#8217;analisi completa delle geometrie pi\u00f9 sofisticate semplicemente premendo un solo pulsante. di prossima generazione . Il VX 40 pu\u00f2 rilevare e analizzare lenti monofocali, bifocali e progressive ed \u00e8 compatibile con tutte le tecnologie e marche di lenti.<\/p>\n","protected":false},"excerpt":{"rendered":"<p><strong>Analisi completa della prescrizione in 30 secondi<\/strong><\/p>\n<p>La tecnologia Wavefront di Visionix ti permette di avere un&#8217;analisi completa e dettagliata di una montatura premendo semplicemente un pulsante. Sperimentate l&#8217;auto-lente di nuova generazione con il VX 40. Il VX 40 pu\u00f2 rilevare e analizzare lenti monofocali, bifocali e progressive ed \u00e8 compatibile con tutte le tecnologie e marche di lenti.<\/p>\n","protected":false},"featured_media":48513,"template":"","meta":{"_acf_changed":false,"content-type":"","footnotes":""},"pwb-brand":[506],"product_brand":[],"product_cat":[168,192,191],"product_tag":[],"class_list":{"0":"post-7104","1":"product","2":"type-product","3":"status-publish","4":"has-post-thumbnail","6":"pwb-brand-visionix-it","7":"product_cat-oftalmologia-strumenti","8":"product_cat-optometria-strumento","9":"product_cat-ottiche-apparecchiature","10":"pa_product-family-refraction-it","11":"pa_product-type-lens-analyzer-it","12":"pa_product-type-lensmeter-it","14":"first","15":"instock","16":"product-type-simple"},"acf":[],"brands":[{"id":506,"name":"Visionix","slug":"visionix-it"}],"_links":{"self":[{"href":"https:\/\/www.visionix.com\/it\/wp-json\/wp\/v2\/product\/7104","targetHints":{"allow":["GET"]}}],"collection":[{"href":"https:\/\/www.visionix.com\/it\/wp-json\/wp\/v2\/product"}],"about":[{"href":"https:\/\/www.visionix.com\/it\/wp-json\/wp\/v2\/types\/product"}],"version-history":[{"count":12,"href":"https:\/\/www.visionix.com\/it\/wp-json\/wp\/v2\/product\/7104\/revisions"}],"predecessor-version":[{"id":59638,"href":"https:\/\/www.visionix.com\/it\/wp-json\/wp\/v2\/product\/7104\/revisions\/59638"}],"wp:featuredmedia":[{"embeddable":true,"href":"https:\/\/www.visionix.com\/it\/wp-json\/wp\/v2\/media\/48513"}],"wp:attachment":[{"href":"https:\/\/www.visionix.com\/it\/wp-json\/wp\/v2\/media?parent=7104"}],"wp:term":[{"taxonomy":"pwb-brand","embeddable":true,"href":"https:\/\/www.visionix.com\/it\/wp-json\/wp\/v2\/pwb-brand?post=7104"},{"taxonomy":"product_brand","embeddable":true,"href":"https:\/\/www.visionix.com\/it\/wp-json\/wp\/v2\/product_brand?post=7104"},{"taxonomy":"product_cat","embeddable":true,"href":"https:\/\/www.visionix.com\/it\/wp-json\/wp\/v2\/product_cat?post=7104"},{"taxonomy":"product_tag","embeddable":true,"href":"https:\/\/www.visionix.com\/it\/wp-json\/wp\/v2\/product_tag?post=7104"}],"curies":[{"name":"wp","href":"https:\/\/api.w.org\/{rel}","templated":true}]}}