{"id":7066,"date":"2022-03-07T14:34:09","date_gmt":"2022-03-07T13:34:09","guid":{"rendered":"https:\/\/www.visionix.com\/produit\/visionix-vx90\/"},"modified":"2024-04-03T12:04:42","modified_gmt":"2024-04-03T10:04:42","slug":"lampada-a-fessura-per-esame-visionix-vx90","status":"publish","type":"product","link":"https:\/\/www.visionix.com\/it\/product\/lampada-a-fessura-per-esame-visionix-vx90\/","title":{"rendered":"Visionix VX 90"},"content":{"rendered":"<p>Il VX 90 \u00e8 uno strumento con funzioni di refrazione, cheratometria, e retroilluminazione del cristallino. E&#8217; dotato di un target di fissazione che permette di disaccomodare anche sui pazienti pi\u00f9 giovani.<\/p>\n","protected":false},"excerpt":{"rendered":"<p><strong>ARK con sistema auto fog<\/strong><\/p>\n<p>Il VX 90 \u00e8 un dispositivo diagnostico oftalmico con funzionalit\u00e0 di rifrazione e cheratometria, nonch\u00e9 accurato della cataratta. Un obiettivo di fissazione mobile con auto fogging permette al paziente di desaccomodare completamente per ottenere la rifrazione del paziente in qualsiasi condizione.<\/p>\n<p>&nbsp;<\/p>\n","protected":false},"featured_media":55713,"template":"","meta":{"_acf_changed":false,"content-type":"","footnotes":""},"pwb-brand":[506],"product_brand":[],"product_cat":[168,192,191],"product_tag":[],"class_list":{"0":"post-7066","1":"product","2":"type-product","3":"status-publish","4":"has-post-thumbnail","6":"pwb-brand-visionix-it","7":"product_cat-oftalmologia-strumenti","8":"product_cat-optometria-strumento","9":"product_cat-ottiche-apparecchiature","10":"pa_product-family-refraction-it","11":"pa_product-type-ark-it","13":"first","14":"instock","15":"product-type-simple"},"acf":[],"brands":[{"id":506,"name":"Visionix","slug":"visionix-it"}],"_links":{"self":[{"href":"https:\/\/www.visionix.com\/it\/wp-json\/wp\/v2\/product\/7066","targetHints":{"allow":["GET"]}}],"collection":[{"href":"https:\/\/www.visionix.com\/it\/wp-json\/wp\/v2\/product"}],"about":[{"href":"https:\/\/www.visionix.com\/it\/wp-json\/wp\/v2\/types\/product"}],"version-history":[{"count":7,"href":"https:\/\/www.visionix.com\/it\/wp-json\/wp\/v2\/product\/7066\/revisions"}],"predecessor-version":[{"id":54337,"href":"https:\/\/www.visionix.com\/it\/wp-json\/wp\/v2\/product\/7066\/revisions\/54337"}],"wp:featuredmedia":[{"embeddable":true,"href":"https:\/\/www.visionix.com\/it\/wp-json\/wp\/v2\/media\/55713"}],"wp:attachment":[{"href":"https:\/\/www.visionix.com\/it\/wp-json\/wp\/v2\/media?parent=7066"}],"wp:term":[{"taxonomy":"pwb-brand","embeddable":true,"href":"https:\/\/www.visionix.com\/it\/wp-json\/wp\/v2\/pwb-brand?post=7066"},{"taxonomy":"product_brand","embeddable":true,"href":"https:\/\/www.visionix.com\/it\/wp-json\/wp\/v2\/product_brand?post=7066"},{"taxonomy":"product_cat","embeddable":true,"href":"https:\/\/www.visionix.com\/it\/wp-json\/wp\/v2\/product_cat?post=7066"},{"taxonomy":"product_tag","embeddable":true,"href":"https:\/\/www.visionix.com\/it\/wp-json\/wp\/v2\/product_tag?post=7066"}],"curies":[{"name":"wp","href":"https:\/\/api.w.org\/{rel}","templated":true}]}}