{"id":60086,"date":"2024-12-23T16:07:44","date_gmt":"2024-12-23T15:07:44","guid":{"rendered":"https:\/\/www.visionix.com\/?post_type=product&#038;p=60086"},"modified":"2025-01-28T11:37:04","modified_gmt":"2025-01-28T10:37:04","slug":"briot-perception-3","status":"publish","type":"product","link":"https:\/\/www.visionix.com\/it\/product\/briot-perception-3\/","title":{"rendered":"Briot Perception 3"},"content":{"rendered":"<p>Visionix presenta la nuova generazione di sistemi di molatura all-in-one: Briot Perception 3, che offre eccellenti risultati per i laboratori di ottica, combinando affidabilit\u00e0 e praticit\u00e0. Disponibile anche nella versione solo scanalatura.<\/p>\n","protected":false},"excerpt":{"rendered":"<p><strong>Potente semplicit\u00e0<\/strong><\/p>\n<p>Briot Perception 3 \u00e8 un sistema di bordatura all-in-one che include tracciamento, blocco, bordatura, scanalatura e foratura in una sola unit\u00e0. Con Perception 3 \u00e8 possibile l&#8217;adattamento perfetto.<\/p>\n","protected":false},"featured_media":60094,"template":"","meta":{"_acf_changed":false,"content-type":"","footnotes":""},"pwb-brand":[495],"product_brand":[],"product_cat":[192,191],"product_tag":[],"class_list":{"0":"post-60086","1":"product","2":"type-product","3":"status-publish","4":"has-post-thumbnail","6":"pwb-brand-briot-it","7":"product_cat-optometria-strumento","8":"product_cat-ottiche-apparecchiature","9":"pa_product-family-finishing-it","10":"pa_product-type-edging-system-it","12":"first","13":"instock","14":"product-type-simple"},"acf":[],"brands":[{"id":495,"name":"Briot","slug":"briot-it"}],"_links":{"self":[{"href":"https:\/\/www.visionix.com\/it\/wp-json\/wp\/v2\/product\/60086","targetHints":{"allow":["GET"]}}],"collection":[{"href":"https:\/\/www.visionix.com\/it\/wp-json\/wp\/v2\/product"}],"about":[{"href":"https:\/\/www.visionix.com\/it\/wp-json\/wp\/v2\/types\/product"}],"version-history":[{"count":3,"href":"https:\/\/www.visionix.com\/it\/wp-json\/wp\/v2\/product\/60086\/revisions"}],"predecessor-version":[{"id":60570,"href":"https:\/\/www.visionix.com\/it\/wp-json\/wp\/v2\/product\/60086\/revisions\/60570"}],"wp:featuredmedia":[{"embeddable":true,"href":"https:\/\/www.visionix.com\/it\/wp-json\/wp\/v2\/media\/60094"}],"wp:attachment":[{"href":"https:\/\/www.visionix.com\/it\/wp-json\/wp\/v2\/media?parent=60086"}],"wp:term":[{"taxonomy":"pwb-brand","embeddable":true,"href":"https:\/\/www.visionix.com\/it\/wp-json\/wp\/v2\/pwb-brand?post=60086"},{"taxonomy":"product_brand","embeddable":true,"href":"https:\/\/www.visionix.com\/it\/wp-json\/wp\/v2\/product_brand?post=60086"},{"taxonomy":"product_cat","embeddable":true,"href":"https:\/\/www.visionix.com\/it\/wp-json\/wp\/v2\/product_cat?post=60086"},{"taxonomy":"product_tag","embeddable":true,"href":"https:\/\/www.visionix.com\/it\/wp-json\/wp\/v2\/product_tag?post=60086"}],"curies":[{"name":"wp","href":"https:\/\/api.w.org\/{rel}","templated":true}]}}