{"id":59993,"date":"2024-12-23T09:40:07","date_gmt":"2024-12-23T08:40:07","guid":{"rendered":"https:\/\/www.visionix.com\/?post_type=product&#038;p=59993"},"modified":"2025-12-09T11:49:51","modified_gmt":"2025-12-09T10:49:51","slug":"briot-emotion-3","status":"publish","type":"product","link":"https:\/\/www.visionix.com\/it\/product\/briot-emotion-3\/","title":{"rendered":"Briot Emotion 3"},"content":{"rendered":"<p>Dal suo lancio nel 2012, la molatrice Briot Emotion 3 \u00e8 diventata un&#8217;icona nell&#8217;industria ottica, riconosciuta per la sua semplicit\u00e0 d&#8217;uso e il design intuitivo. Negli anni, si \u00e8 evoluta grazie a tecnologie all&#8217;avanguardia come Gravitech nel 2018, offrendo prestazioni eccezionali. Oggi, il modello Briot Emotion 3 incarna il controllo, diventando indispensabile per i laboratori ottici.<\/p>\n<p>Visionix presenta la nuova generazione di sistemi di molatura all-in-one: Briot Emotion 3, che offre eccellenti risultati per i laboratori di ottica, combinando affidabilit\u00e0 e praticit\u00e0.<\/p>\n","protected":false},"excerpt":{"rendered":"<p><strong>Potente semplicit\u00e0<\/strong><\/p>\n<p>Briot Emotion 3 \u00e8 un sistema di bordatura all-in-one che include tracciamento, blocco, bordatura, scanalatura e foratura in una sola unit\u00e0. Con l&#8217;Emotion 3 \u00e8 possibile l&#8217;adattamento perfetto.<\/p>\n","protected":false},"featured_media":60006,"template":"","meta":{"_acf_changed":false,"content-type":"","footnotes":""},"pwb-brand":[495],"product_brand":[],"product_cat":[192,191],"product_tag":[],"class_list":{"0":"post-59993","1":"product","2":"type-product","3":"status-publish","4":"has-post-thumbnail","6":"pwb-brand-briot-it","7":"product_cat-optometria-strumento","8":"product_cat-ottiche-apparecchiature","10":"first","11":"instock","12":"product-type-simple"},"acf":[],"brands":[{"id":495,"name":"Briot","slug":"briot-it"}],"_links":{"self":[{"href":"https:\/\/www.visionix.com\/it\/wp-json\/wp\/v2\/product\/59993","targetHints":{"allow":["GET"]}}],"collection":[{"href":"https:\/\/www.visionix.com\/it\/wp-json\/wp\/v2\/product"}],"about":[{"href":"https:\/\/www.visionix.com\/it\/wp-json\/wp\/v2\/types\/product"}],"version-history":[{"count":3,"href":"https:\/\/www.visionix.com\/it\/wp-json\/wp\/v2\/product\/59993\/revisions"}],"predecessor-version":[{"id":69593,"href":"https:\/\/www.visionix.com\/it\/wp-json\/wp\/v2\/product\/59993\/revisions\/69593"}],"wp:featuredmedia":[{"embeddable":true,"href":"https:\/\/www.visionix.com\/it\/wp-json\/wp\/v2\/media\/60006"}],"wp:attachment":[{"href":"https:\/\/www.visionix.com\/it\/wp-json\/wp\/v2\/media?parent=59993"}],"wp:term":[{"taxonomy":"pwb-brand","embeddable":true,"href":"https:\/\/www.visionix.com\/it\/wp-json\/wp\/v2\/pwb-brand?post=59993"},{"taxonomy":"product_brand","embeddable":true,"href":"https:\/\/www.visionix.com\/it\/wp-json\/wp\/v2\/product_brand?post=59993"},{"taxonomy":"product_cat","embeddable":true,"href":"https:\/\/www.visionix.com\/it\/wp-json\/wp\/v2\/product_cat?post=59993"},{"taxonomy":"product_tag","embeddable":true,"href":"https:\/\/www.visionix.com\/it\/wp-json\/wp\/v2\/product_tag?post=59993"}],"curies":[{"name":"wp","href":"https:\/\/api.w.org\/{rel}","templated":true}]}}