{"id":34789,"date":"2022-11-10T16:29:12","date_gmt":"2022-11-10T15:29:12","guid":{"rendered":"https:\/\/www.visionix.com\/?post_type=product&#038;p=34789"},"modified":"2024-01-23T15:33:50","modified_gmt":"2024-01-23T14:33:50","slug":"speedy-k2","status":"publish","type":"product","link":"https:\/\/www.visionix.com\/it\/product\/speedy-k2\/","title":{"rendered":"Speedy K2"},"content":{"rendered":"<p>L\u2019autorefrattometro\/cheratometro Speedy K2 \u00e8 un dispositivo dal design compatto.<\/p>\n","protected":false},"excerpt":{"rendered":"<p><strong>ARK con sistema auto fog<\/strong><\/p>\n<p>Il VX 90 \u00e8 un dispositivo diagnostico oftalmico con funzionalit\u00e0 di rifrazione e cheratometria, nonch\u00e9 accurato della cataratta. Un obiettivo di fissazione mobile con auto fogging permette al paziente di desaccomodare completamente per ottenere la rifrazione del paziente in qualsiasi condizione.<\/p>\n<p>&nbsp;<\/p>\n","protected":false},"featured_media":34807,"template":"","meta":{"_acf_changed":false,"content-type":"","footnotes":""},"pwb-brand":[506],"product_brand":[],"product_cat":[168,192,191],"product_tag":[],"class_list":{"0":"post-34789","1":"product","2":"type-product","3":"status-publish","4":"has-post-thumbnail","6":"pwb-brand-visionix-it","7":"product_cat-oftalmologia-strumenti","8":"product_cat-optometria-strumento","9":"product_cat-ottiche-apparecchiature","10":"pa_product-family-refraction-it","11":"pa_product-type-ark-it","13":"first","14":"instock","15":"product-type-simple"},"acf":[],"brands":[{"id":506,"name":"Visionix","slug":"visionix-it"}],"_links":{"self":[{"href":"https:\/\/www.visionix.com\/it\/wp-json\/wp\/v2\/product\/34789","targetHints":{"allow":["GET"]}}],"collection":[{"href":"https:\/\/www.visionix.com\/it\/wp-json\/wp\/v2\/product"}],"about":[{"href":"https:\/\/www.visionix.com\/it\/wp-json\/wp\/v2\/types\/product"}],"version-history":[{"count":2,"href":"https:\/\/www.visionix.com\/it\/wp-json\/wp\/v2\/product\/34789\/revisions"}],"predecessor-version":[{"id":35531,"href":"https:\/\/www.visionix.com\/it\/wp-json\/wp\/v2\/product\/34789\/revisions\/35531"}],"wp:featuredmedia":[{"embeddable":true,"href":"https:\/\/www.visionix.com\/it\/wp-json\/wp\/v2\/media\/34807"}],"wp:attachment":[{"href":"https:\/\/www.visionix.com\/it\/wp-json\/wp\/v2\/media?parent=34789"}],"wp:term":[{"taxonomy":"pwb-brand","embeddable":true,"href":"https:\/\/www.visionix.com\/it\/wp-json\/wp\/v2\/pwb-brand?post=34789"},{"taxonomy":"product_brand","embeddable":true,"href":"https:\/\/www.visionix.com\/it\/wp-json\/wp\/v2\/product_brand?post=34789"},{"taxonomy":"product_cat","embeddable":true,"href":"https:\/\/www.visionix.com\/it\/wp-json\/wp\/v2\/product_cat?post=34789"},{"taxonomy":"product_tag","embeddable":true,"href":"https:\/\/www.visionix.com\/it\/wp-json\/wp\/v2\/product_tag?post=34789"}],"curies":[{"name":"wp","href":"https:\/\/api.w.org\/{rel}","templated":true}]}}