{"id":30692,"date":"2022-02-08T11:18:45","date_gmt":"2022-02-08T10:18:45","guid":{"rendered":"https:\/\/www.visionix.com\/optometry\/business-owner\/"},"modified":"2022-07-26T14:47:24","modified_gmt":"2022-07-26T12:47:24","slug":"titolare-dell-attivita","status":"publish","type":"page","link":"https:\/\/www.visionix.com\/it\/optometristi\/titolare-dell-attivita\/","title":{"rendered":"Titolare dell&#8217;attivit\u00e0  \u200b"},"content":{"rendered":"\t\t<div data-elementor-type=\"wp-page\" data-elementor-id=\"30692\" class=\"elementor elementor-30692 elementor-90\" data-elementor-post-type=\"page\">\n\t\t\t\t\t\t<section class=\"elementor-section elementor-top-section elementor-element elementor-element-6491424 elementor-section-boxed elementor-section-height-default elementor-section-height-default\" data-id=\"6491424\" data-element_type=\"section\" data-e-type=\"section\">\n\t\t\t\t\t\t<div class=\"elementor-container elementor-column-gap-default\">\n\t\t\t\t\t<div class=\"elementor-column elementor-col-50 elementor-top-column elementor-element elementor-element-20ce1f1\" data-id=\"20ce1f1\" data-element_type=\"column\" data-e-type=\"column\">\n\t\t\t<div class=\"elementor-widget-wrap elementor-element-populated\">\n\t\t\t\t\t\t<div class=\"elementor-element elementor-element-e141f02 elementor-widget elementor-widget-heading\" data-id=\"e141f02\" data-element_type=\"widget\" data-e-type=\"widget\" data-widget_type=\"heading.default\">\n\t\t\t\t<div class=\"elementor-widget-container\">\n\t\t\t\t\t<h3 class=\"elementor-heading-title elementor-size-default\">Titolare dell'attivit\u00e0  <\/h3>\t\t\t\t<\/div>\n\t\t\t\t<\/div>\n\t\t\t\t<div class=\"elementor-element elementor-element-35ed65c elementor-widget elementor-widget-heading\" data-id=\"35ed65c\" data-element_type=\"widget\" data-e-type=\"widget\" data-widget_type=\"heading.default\">\n\t\t\t\t<div class=\"elementor-widget-container\">\n\t\t\t\t\t<h1 class=\"elementor-heading-title elementor-size-default\">\nLe nostre soluzioni tecnologiche  velocizzano il flusso dei clienti<\/h1>\t\t\t\t<\/div>\n\t\t\t\t<\/div>\n\t\t\t\t<div class=\"elementor-element elementor-element-0e03c23 elementor-widget elementor-widget-text-editor\" data-id=\"0e03c23\" data-element_type=\"widget\" data-e-type=\"widget\" data-widget_type=\"text-editor.default\">\n\t\t\t\t<div class=\"elementor-widget-container\">\n\t\t\t\t\t\t\t\t\tla gestione della tua attivit\u00e0 pu\u00f2  ambire a una maggiore produttivit\u00e0, adottando le nostre tecnologie pi\u00f9 avanzate.\t\t\t\t\t\t\t\t<\/div>\n\t\t\t\t<\/div>\n\t\t\t\t\t<\/div>\n\t\t<\/div>\n\t\t\t\t<div class=\"elementor-column elementor-col-50 elementor-top-column elementor-element elementor-element-aa78ec5\" data-id=\"aa78ec5\" data-element_type=\"column\" data-e-type=\"column\">\n\t\t\t<div class=\"elementor-widget-wrap elementor-element-populated\">\n\t\t\t\t\t\t<div class=\"elementor-element elementor-element-27e0bcd elementor-widget elementor-widget-image\" data-id=\"27e0bcd\" data-element_type=\"widget\" data-e-type=\"widget\" data-widget_type=\"image.default\">\n\t\t\t\t<div class=\"elementor-widget-container\">\n\t\t\t\t\t\t\t\t\t\t\t\t\t\t\t<img fetchpriority=\"high\" decoding=\"async\" width=\"800\" height=\"525\" src=\"https:\/\/www.visionix.com\/wp-content\/uploads\/2022\/05\/gravitech-1024x672.png\" class=\"attachment-large size-large wp-image-27739\" alt=\"gravitech\" srcset=\"https:\/\/www.visionix.com\/wp-content\/uploads\/2022\/05\/gravitech-1024x672.png 1024w, https:\/\/www.visionix.com\/wp-content\/uploads\/2022\/05\/gravitech-300x197.png 300w, https:\/\/www.visionix.com\/wp-content\/uploads\/2022\/05\/gravitech-768x504.png 768w, https:\/\/www.visionix.com\/wp-content\/uploads\/2022\/05\/gravitech-600x394.png 600w, https:\/\/www.visionix.com\/wp-content\/uploads\/2022\/05\/gravitech.png 1264w\" sizes=\"(max-width: 800px) 100vw, 800px\" \/>\t\t\t\t\t\t\t\t\t\t\t\t\t\t\t<\/div>\n\t\t\t\t<\/div>\n\t\t\t\t\t<\/div>\n\t\t<\/div>\n\t\t\t\t\t<\/div>\n\t\t<\/section>\n\t\t\t\t<section class=\"elementor-section elementor-top-section elementor-element elementor-element-a8d4f01 elementor-section-boxed elementor-section-height-default elementor-section-height-default\" data-id=\"a8d4f01\" data-element_type=\"section\" data-e-type=\"section\">\n\t\t\t\t\t\t<div class=\"elementor-container elementor-column-gap-default\">\n\t\t\t\t\t<div class=\"elementor-column elementor-col-50 elementor-top-column elementor-element elementor-element-3a62a30\" data-id=\"3a62a30\" data-element_type=\"column\" data-e-type=\"column\">\n\t\t\t<div class=\"elementor-widget-wrap elementor-element-populated\">\n\t\t\t\t\t\t<div class=\"elementor-element elementor-element-7aad652 elementor-widget elementor-widget-image\" data-id=\"7aad652\" data-element_type=\"widget\" data-e-type=\"widget\" data-widget_type=\"image.default\">\n\t\t\t\t<div class=\"elementor-widget-container\">\n\t\t\t\t\t\t\t\t\t\t\t\t\t\t\t<img decoding=\"async\" width=\"800\" height=\"543\" src=\"https:\/\/www.visionix.com\/wp-content\/uploads\/2022\/03\/Couture-1024x695.jpg\" class=\"attachment-large size-large wp-image-2642\" alt=\"\" srcset=\"https:\/\/www.visionix.com\/wp-content\/uploads\/2022\/03\/Couture-1024x695.jpg 1024w, https:\/\/www.visionix.com\/wp-content\/uploads\/2022\/03\/Couture-300x204.jpg 300w, https:\/\/www.visionix.com\/wp-content\/uploads\/2022\/03\/Couture-768x521.jpg 768w, https:\/\/www.visionix.com\/wp-content\/uploads\/2022\/03\/Couture-600x407.jpg 600w, https:\/\/www.visionix.com\/wp-content\/uploads\/2022\/03\/Couture.jpg 1101w\" sizes=\"(max-width: 800px) 100vw, 800px\" \/>\t\t\t\t\t\t\t\t\t\t\t\t\t\t\t<\/div>\n\t\t\t\t<\/div>\n\t\t\t\t\t<\/div>\n\t\t<\/div>\n\t\t\t\t<div class=\"elementor-column elementor-col-50 elementor-top-column elementor-element elementor-element-b327162\" data-id=\"b327162\" data-element_type=\"column\" data-e-type=\"column\">\n\t\t\t<div class=\"elementor-widget-wrap elementor-element-populated\">\n\t\t\t\t\t\t<div class=\"elementor-element elementor-element-d0d5713 elementor-widget elementor-widget-text-editor\" data-id=\"d0d5713\" data-element_type=\"widget\" data-e-type=\"widget\" data-widget_type=\"text-editor.default\">\n\t\t\t\t<div class=\"elementor-widget-container\">\n\t\t\t\t\t\t\t\t\tSappiamo che per gli imprenditori il ritorno sull&#8217;investimento rappresenta una priorit\u00e0. Ecco perch\u00e9 i nostri dispositivi multifunzione, come Eye Refract e Briot Couture, sono stati pensati con delle caratteristiche uniche ,che permettono di ammortizzare velocemente l\u2019investimento . \t\t\t\t\t\t\t\t<\/div>\n\t\t\t\t<\/div>\n\t\t\t\t<div class=\"elementor-element elementor-element-0c90933 elementor-widget elementor-widget-button\" data-id=\"0c90933\" data-element_type=\"widget\" data-e-type=\"widget\" data-widget_type=\"button.default\">\n\t\t\t\t<div class=\"elementor-widget-container\">\n\t\t\t\t\t\t\t\t\t<div class=\"elementor-button-wrapper\">\n\t\t\t\t\t<a class=\"elementor-button elementor-button-link elementor-size-sm\" href=\"https:\/\/www.visionix.com\/it\/contact\/\">\n\t\t\t\t\t\t<span class=\"elementor-button-content-wrapper\">\n\t\t\t\t\t\t\t\t\t<span class=\"elementor-button-text\">Parla con un esperto<\/span>\n\t\t\t\t\t<\/span>\n\t\t\t\t\t<\/a>\n\t\t\t\t<\/div>\n\t\t\t\t\t\t\t\t<\/div>\n\t\t\t\t<\/div>\n\t\t\t\t\t<\/div>\n\t\t<\/div>\n\t\t\t\t\t<\/div>\n\t\t<\/section>\n\t\t\t\t<section class=\"elementor-section elementor-top-section elementor-element elementor-element-74b571f elementor-section-boxed elementor-section-height-default elementor-section-height-default\" data-id=\"74b571f\" data-element_type=\"section\" data-e-type=\"section\">\n\t\t\t\t\t\t<div class=\"elementor-container elementor-column-gap-default\">\n\t\t\t\t\t<div class=\"elementor-column elementor-col-50 elementor-top-column elementor-element elementor-element-3f5070a\" data-id=\"3f5070a\" data-element_type=\"column\" data-e-type=\"column\">\n\t\t\t<div class=\"elementor-widget-wrap elementor-element-populated\">\n\t\t\t\t\t\t<div class=\"elementor-element elementor-element-cc73d16 elementor-widget elementor-widget-text-editor\" data-id=\"cc73d16\" data-element_type=\"widget\" data-e-type=\"widget\" data-widget_type=\"text-editor.default\">\n\t\t\t\t<div class=\"elementor-widget-container\">\n\t\t\t\t\t\t\t\t\tQuando entri nel mondo Visionix  avrai accesso all\u2019esclusiva  accademia online, con cui puoi formare il tuo personale tramite video, testimonianze e webinar. I nostri tecnici specialisti sono a tua disposizione per un istruzione di secondo livello ,si dedicheranno anche alla formazione del tuo personale.\t\t\t\t\t\t\t\t<\/div>\n\t\t\t\t<\/div>\n\t\t\t\t<div class=\"elementor-element elementor-element-635c043 elementor-widget elementor-widget-button\" data-id=\"635c043\" data-element_type=\"widget\" data-e-type=\"widget\" data-widget_type=\"button.default\">\n\t\t\t\t<div class=\"elementor-widget-container\">\n\t\t\t\t\t\t\t\t\t<div class=\"elementor-button-wrapper\">\n\t\t\t\t\t<a class=\"elementor-button elementor-button-link elementor-size-sm\" href=\"https:\/\/academy.visionix.com\/it\" target=\"_blank\" rel=\"noopener\">\n\t\t\t\t\t\t<span class=\"elementor-button-content-wrapper\">\n\t\t\t\t\t\t\t\t\t<span class=\"elementor-button-text\">Visitate l'Accademia Visionix <\/span>\n\t\t\t\t\t<\/span>\n\t\t\t\t\t<\/a>\n\t\t\t\t<\/div>\n\t\t\t\t\t\t\t\t<\/div>\n\t\t\t\t<\/div>\n\t\t\t\t\t<\/div>\n\t\t<\/div>\n\t\t\t\t<div class=\"elementor-column elementor-col-50 elementor-top-column elementor-element elementor-element-a340561\" data-id=\"a340561\" data-element_type=\"column\" data-e-type=\"column\">\n\t\t\t<div class=\"elementor-widget-wrap elementor-element-populated\">\n\t\t\t\t\t\t<div class=\"elementor-element elementor-element-605f6d0 elementor-widget elementor-widget-image\" data-id=\"605f6d0\" data-element_type=\"widget\" data-e-type=\"widget\" data-widget_type=\"image.default\">\n\t\t\t\t<div class=\"elementor-widget-container\">\n\t\t\t\t\t\t\t\t\t\t\t\t\t\t\t<img decoding=\"async\" width=\"800\" height=\"361\" src=\"https:\/\/www.visionix.com\/wp-content\/uploads\/2022\/05\/Visionix-Academy-1024x462.png\" class=\"attachment-large size-large wp-image-27940\" alt=\"Visionix Academy\" srcset=\"https:\/\/www.visionix.com\/wp-content\/uploads\/2022\/05\/Visionix-Academy-1024x462.png 1024w, https:\/\/www.visionix.com\/wp-content\/uploads\/2022\/05\/Visionix-Academy-300x135.png 300w, https:\/\/www.visionix.com\/wp-content\/uploads\/2022\/05\/Visionix-Academy-768x347.png 768w, https:\/\/www.visionix.com\/wp-content\/uploads\/2022\/05\/Visionix-Academy-600x271.png 600w, https:\/\/www.visionix.com\/wp-content\/uploads\/2022\/05\/Visionix-Academy.png 1106w\" sizes=\"(max-width: 800px) 100vw, 800px\" \/>\t\t\t\t\t\t\t\t\t\t\t\t\t\t\t<\/div>\n\t\t\t\t<\/div>\n\t\t\t\t\t<\/div>\n\t\t<\/div>\n\t\t\t\t\t<\/div>\n\t\t<\/section>\n\t\t\t\t<section class=\"elementor-section elementor-top-section elementor-element elementor-element-690034c elementor-section-boxed elementor-section-height-default elementor-section-height-default\" data-id=\"690034c\" data-element_type=\"section\" data-e-type=\"section\">\n\t\t\t\t\t\t<div class=\"elementor-container elementor-column-gap-default\">\n\t\t\t\t\t<div class=\"elementor-column elementor-col-50 elementor-top-column elementor-element elementor-element-e8079af\" data-id=\"e8079af\" data-element_type=\"column\" data-e-type=\"column\">\n\t\t\t<div class=\"elementor-widget-wrap elementor-element-populated\">\n\t\t\t\t\t\t<div class=\"elementor-element elementor-element-e7b467f elementor-widget elementor-widget-image\" data-id=\"e7b467f\" data-element_type=\"widget\" data-e-type=\"widget\" data-widget_type=\"image.default\">\n\t\t\t\t<div class=\"elementor-widget-container\">\n\t\t\t\t\t\t\t\t\t\t\t\t\t\t\t<img loading=\"lazy\" decoding=\"async\" width=\"800\" height=\"495\" src=\"https:\/\/www.visionix.com\/wp-content\/uploads\/2022\/03\/wellness-report.jpg\" class=\"attachment-large size-large wp-image-2276\" alt=\"\" srcset=\"https:\/\/www.visionix.com\/wp-content\/uploads\/2022\/03\/wellness-report.jpg 800w, https:\/\/www.visionix.com\/wp-content\/uploads\/2022\/03\/wellness-report-300x186.jpg 300w, https:\/\/www.visionix.com\/wp-content\/uploads\/2022\/03\/wellness-report-768x475.jpg 768w, https:\/\/www.visionix.com\/wp-content\/uploads\/2022\/03\/wellness-report-600x371.jpg 600w\" sizes=\"(max-width: 800px) 100vw, 800px\" \/>\t\t\t\t\t\t\t\t\t\t\t\t\t\t\t<\/div>\n\t\t\t\t<\/div>\n\t\t\t\t\t<\/div>\n\t\t<\/div>\n\t\t\t\t<div class=\"elementor-column elementor-col-50 elementor-top-column elementor-element elementor-element-7f534ef\" data-id=\"7f534ef\" data-element_type=\"column\" data-e-type=\"column\">\n\t\t\t<div class=\"elementor-widget-wrap elementor-element-populated\">\n\t\t\t\t\t\t<div class=\"elementor-element elementor-element-99153f9 elementor-widget elementor-widget-text-editor\" data-id=\"99153f9\" data-element_type=\"widget\" data-e-type=\"widget\" data-widget_type=\"text-editor.default\">\n\t\t\t\t<div class=\"elementor-widget-container\">\n\t\t\t\t\t\t\t\t\tOffrendo  un pacchetto wellness, i vostri clienti potranno accedere a dei servizi eclusivi , un medico Oculista si prender\u00e0 cura di valutare tutti i dati acquisiti ,potrai cosi garantire un servizio unico e aumentare sensibilmente i guadagni. In questo modo il cliente potr\u00e0,ottenere il massimo delle prestazioni optometriche e il consulto in remoto di un medico Oculista .\t\t\t\t\t\t\t\t<\/div>\n\t\t\t\t<\/div>\n\t\t\t\t<div class=\"elementor-element elementor-element-d69e6c9 elementor-widget elementor-widget-button\" data-id=\"d69e6c9\" data-element_type=\"widget\" data-e-type=\"widget\" data-widget_type=\"button.default\">\n\t\t\t\t<div class=\"elementor-widget-container\">\n\t\t\t\t\t\t\t\t\t<div class=\"elementor-button-wrapper\">\n\t\t\t\t\t<a class=\"elementor-button elementor-button-link elementor-size-sm\" href=\"https:\/\/www.visionix.com\/it\/contact\/\">\n\t\t\t\t\t\t<span class=\"elementor-button-content-wrapper\">\n\t\t\t\t\t\t\t\t\t<span class=\"elementor-button-text\">Parla con un esperto<\/span>\n\t\t\t\t\t<\/span>\n\t\t\t\t\t<\/a>\n\t\t\t\t<\/div>\n\t\t\t\t\t\t\t\t<\/div>\n\t\t\t\t<\/div>\n\t\t\t\t\t<\/div>\n\t\t<\/div>\n\t\t\t\t\t<\/div>\n\t\t<\/section>\n\t\t\t\t<section class=\"elementor-section elementor-top-section elementor-element elementor-element-980af35 elementor-section-boxed elementor-section-height-default elementor-section-height-default\" data-id=\"980af35\" data-element_type=\"section\" data-e-type=\"section\">\n\t\t\t\t\t\t<div class=\"elementor-container elementor-column-gap-default\">\n\t\t\t\t\t<div class=\"elementor-column elementor-col-50 elementor-top-column elementor-element elementor-element-141c1c5\" data-id=\"141c1c5\" data-element_type=\"column\" data-e-type=\"column\">\n\t\t\t<div class=\"elementor-widget-wrap elementor-element-populated\">\n\t\t\t\t\t\t<div class=\"elementor-element elementor-element-d54ccab elementor-widget elementor-widget-text-editor\" data-id=\"d54ccab\" data-element_type=\"widget\" data-e-type=\"widget\" data-widget_type=\"text-editor.default\">\n\t\t\t\t<div class=\"elementor-widget-container\">\n\t\t\t\t\t\t\t\t\tI nostri sistemi sono facili da usare, convenienti e compatti. Abbiamo l&#8217;apparecchiatura giusta per qualsiasi diagnosi, dalla zona di pre-screening ai dispositivi multimodali.\t\t\t\t\t\t\t\t<\/div>\n\t\t\t\t<\/div>\n\t\t\t\t<div class=\"elementor-element elementor-element-5eccd19 elementor-widget elementor-widget-button\" data-id=\"5eccd19\" data-element_type=\"widget\" data-e-type=\"widget\" data-widget_type=\"button.default\">\n\t\t\t\t<div class=\"elementor-widget-container\">\n\t\t\t\t\t\t\t\t\t<div class=\"elementor-button-wrapper\">\n\t\t\t\t\t<a class=\"elementor-button elementor-button-link elementor-size-sm\" href=\"https:\/\/www.visionix.com\/it\/contact\/\">\n\t\t\t\t\t\t<span class=\"elementor-button-content-wrapper\">\n\t\t\t\t\t\t\t\t\t<span class=\"elementor-button-text\">Parla con un esperto<\/span>\n\t\t\t\t\t<\/span>\n\t\t\t\t\t<\/a>\n\t\t\t\t<\/div>\n\t\t\t\t\t\t\t\t<\/div>\n\t\t\t\t<\/div>\n\t\t\t\t\t<\/div>\n\t\t<\/div>\n\t\t\t\t<div class=\"elementor-column elementor-col-50 elementor-top-column elementor-element elementor-element-42fa6d7\" data-id=\"42fa6d7\" data-element_type=\"column\" data-e-type=\"column\">\n\t\t\t<div class=\"elementor-widget-wrap elementor-element-populated\">\n\t\t\t\t\t\t<div class=\"elementor-element elementor-element-c54f3b1 elementor-widget elementor-widget-image\" data-id=\"c54f3b1\" data-element_type=\"widget\" data-e-type=\"widget\" data-widget_type=\"image.default\">\n\t\t\t\t<div class=\"elementor-widget-container\">\n\t\t\t\t\t\t\t\t\t\t\t\t\t\t\t<img loading=\"lazy\" decoding=\"async\" width=\"800\" height=\"534\" src=\"https:\/\/www.visionix.com\/wp-content\/uploads\/2022\/05\/pretest-exam-1024x683.png\" class=\"attachment-large size-large wp-image-27779\" alt=\"\" srcset=\"https:\/\/www.visionix.com\/wp-content\/uploads\/2022\/05\/pretest-exam-1024x683.png 1024w, https:\/\/www.visionix.com\/wp-content\/uploads\/2022\/05\/pretest-exam-300x200.png 300w, https:\/\/www.visionix.com\/wp-content\/uploads\/2022\/05\/pretest-exam-768x512.png 768w, https:\/\/www.visionix.com\/wp-content\/uploads\/2022\/05\/pretest-exam-600x400.png 600w, https:\/\/www.visionix.com\/wp-content\/uploads\/2022\/05\/pretest-exam.png 1260w\" sizes=\"(max-width: 800px) 100vw, 800px\" \/>\t\t\t\t\t\t\t\t\t\t\t\t\t\t\t<\/div>\n\t\t\t\t<\/div>\n\t\t\t\t\t<\/div>\n\t\t<\/div>\n\t\t\t\t\t<\/div>\n\t\t<\/section>\n\t\t\t\t<section class=\"elementor-section elementor-top-section elementor-element elementor-element-90ca409 elementor-section-boxed elementor-section-height-default elementor-section-height-default\" data-id=\"90ca409\" data-element_type=\"section\" data-e-type=\"section\">\n\t\t\t\t\t\t<div class=\"elementor-container elementor-column-gap-default\">\n\t\t\t\t\t<div class=\"elementor-column elementor-col-50 elementor-top-column elementor-element elementor-element-bdaab57\" data-id=\"bdaab57\" data-element_type=\"column\" data-e-type=\"column\">\n\t\t\t<div class=\"elementor-widget-wrap elementor-element-populated\">\n\t\t\t\t\t\t<div class=\"elementor-element elementor-element-59791b0 elementor-widget elementor-widget-image\" data-id=\"59791b0\" data-element_type=\"widget\" data-e-type=\"widget\" data-widget_type=\"image.default\">\n\t\t\t\t<div class=\"elementor-widget-container\">\n\t\t\t\t\t\t\t\t\t\t\t\t\t\t\t<img loading=\"lazy\" decoding=\"async\" width=\"800\" height=\"800\" src=\"https:\/\/www.visionix.com\/wp-content\/uploads\/2022\/03\/Eyes-refract.png\" class=\"attachment-large size-large wp-image-9605\" alt=\"EyeRefract-Visionix-binocular refraction\" srcset=\"https:\/\/www.visionix.com\/wp-content\/uploads\/2022\/03\/Eyes-refract.png 900w, https:\/\/www.visionix.com\/wp-content\/uploads\/2022\/03\/Eyes-refract-300x300.png 300w, https:\/\/www.visionix.com\/wp-content\/uploads\/2022\/03\/Eyes-refract-150x150.png 150w, https:\/\/www.visionix.com\/wp-content\/uploads\/2022\/03\/Eyes-refract-768x768.png 768w, https:\/\/www.visionix.com\/wp-content\/uploads\/2022\/03\/Eyes-refract-32x32.png 32w, https:\/\/www.visionix.com\/wp-content\/uploads\/2022\/03\/Eyes-refract-600x600.png 600w, https:\/\/www.visionix.com\/wp-content\/uploads\/2022\/03\/Eyes-refract-100x100.png 100w\" sizes=\"(max-width: 800px) 100vw, 800px\" \/>\t\t\t\t\t\t\t\t\t\t\t\t\t\t\t<\/div>\n\t\t\t\t<\/div>\n\t\t\t\t\t<\/div>\n\t\t<\/div>\n\t\t\t\t<div class=\"elementor-column elementor-col-50 elementor-top-column elementor-element elementor-element-647b7a2\" data-id=\"647b7a2\" data-element_type=\"column\" data-e-type=\"column\">\n\t\t\t<div class=\"elementor-widget-wrap elementor-element-populated\">\n\t\t\t\t\t\t<div class=\"elementor-element elementor-element-8927175 elementor-widget elementor-widget-text-editor\" data-id=\"8927175\" data-element_type=\"widget\" data-e-type=\"widget\" data-widget_type=\"text-editor.default\">\n\t\t\t\t<div class=\"elementor-widget-container\">\n\t\t\t\t\t\t\t\t\tI clienti sono stupiti  dall&#8217;efficienza e dalla precisione del nostro innovativo Eye Refract che richiede met\u00e0 tempo rispetto a  un forottero tradizionale e consente di aumentare notevolmente  il  flusso dei clienti presenti in negozio .\t\t\t\t\t\t\t\t<\/div>\n\t\t\t\t<\/div>\n\t\t\t\t<div class=\"elementor-element elementor-element-11cf410 elementor-widget elementor-widget-button\" data-id=\"11cf410\" data-element_type=\"widget\" data-e-type=\"widget\" data-widget_type=\"button.default\">\n\t\t\t\t<div class=\"elementor-widget-container\">\n\t\t\t\t\t\t\t\t\t<div class=\"elementor-button-wrapper\">\n\t\t\t\t\t<a class=\"elementor-button elementor-button-link elementor-size-sm\" href=\"https:\/\/www.visionix.com\/it\/product\/visionix-eyerefract\/\">\n\t\t\t\t\t\t<span class=\"elementor-button-content-wrapper\">\n\t\t\t\t\t\t\t\t\t<span class=\"elementor-button-text\">Per saperne di pi\u00f9<\/span>\n\t\t\t\t\t<\/span>\n\t\t\t\t\t<\/a>\n\t\t\t\t<\/div>\n\t\t\t\t\t\t\t\t<\/div>\n\t\t\t\t<\/div>\n\t\t\t\t\t<\/div>\n\t\t<\/div>\n\t\t\t\t\t<\/div>\n\t\t<\/section>\n\t\t\t\t<\/div>\n\t\t","protected":false},"excerpt":{"rendered":"<p>Titolare dell&#8217;attivit\u00e0 Le nostre soluzioni tecnologiche velocizzano il flusso dei clienti la gestione della tua attivit\u00e0 pu\u00f2 ambire a una maggiore produttivit\u00e0, adottando le nostre tecnologie pi\u00f9 avanzate. Sappiamo che per gli imprenditori il ritorno sull&#8217;investimento rappresenta una priorit\u00e0. Ecco perch\u00e9 i nostri dispositivi multifunzione, come Eye Refract e Briot Couture, sono stati pensati con [&hellip;]<\/p>\n","protected":false},"author":1,"featured_media":0,"parent":30689,"menu_order":0,"comment_status":"closed","ping_status":"closed","template":"","meta":{"_acf_changed":false,"content-type":"","footnotes":""},"class_list":["post-30692","page","type-page","status-publish","hentry"],"acf":[],"_links":{"self":[{"href":"https:\/\/www.visionix.com\/it\/wp-json\/wp\/v2\/pages\/30692","targetHints":{"allow":["GET"]}}],"collection":[{"href":"https:\/\/www.visionix.com\/it\/wp-json\/wp\/v2\/pages"}],"about":[{"href":"https:\/\/www.visionix.com\/it\/wp-json\/wp\/v2\/types\/page"}],"author":[{"embeddable":true,"href":"https:\/\/www.visionix.com\/it\/wp-json\/wp\/v2\/users\/1"}],"replies":[{"embeddable":true,"href":"https:\/\/www.visionix.com\/it\/wp-json\/wp\/v2\/comments?post=30692"}],"version-history":[{"count":7,"href":"https:\/\/www.visionix.com\/it\/wp-json\/wp\/v2\/pages\/30692\/revisions"}],"predecessor-version":[{"id":30785,"href":"https:\/\/www.visionix.com\/it\/wp-json\/wp\/v2\/pages\/30692\/revisions\/30785"}],"up":[{"embeddable":true,"href":"https:\/\/www.visionix.com\/it\/wp-json\/wp\/v2\/pages\/30689"}],"wp:attachment":[{"href":"https:\/\/www.visionix.com\/it\/wp-json\/wp\/v2\/media?parent=30692"}],"curies":[{"name":"wp","href":"https:\/\/api.w.org\/{rel}","templated":true}]}}