{"id":30660,"date":"2022-02-08T11:14:31","date_gmt":"2022-02-08T10:14:31","guid":{"rendered":"https:\/\/www.visionix.com\/optical-retail\/technician\/"},"modified":"2022-07-26T14:44:42","modified_gmt":"2022-07-26T12:44:42","slug":"collaboratore","status":"publish","type":"page","link":"https:\/\/www.visionix.com\/it\/ottici\/collaboratore\/","title":{"rendered":"Collaboratore\u200b"},"content":{"rendered":"\t\t<div data-elementor-type=\"wp-page\" data-elementor-id=\"30660\" class=\"elementor elementor-30660 elementor-84\" data-elementor-post-type=\"page\">\n\t\t\t\t\t\t<section class=\"elementor-section elementor-top-section elementor-element elementor-element-9a880e5 elementor-section-boxed elementor-section-height-default elementor-section-height-default\" data-id=\"9a880e5\" data-element_type=\"section\" data-e-type=\"section\">\n\t\t\t\t\t\t<div class=\"elementor-container elementor-column-gap-default\">\n\t\t\t\t\t<div class=\"elementor-column elementor-col-50 elementor-top-column elementor-element elementor-element-ea62f6a\" data-id=\"ea62f6a\" data-element_type=\"column\" data-e-type=\"column\">\n\t\t\t<div class=\"elementor-widget-wrap elementor-element-populated\">\n\t\t\t\t\t\t<div class=\"elementor-element elementor-element-3ebf5ba elementor-widget elementor-widget-heading\" data-id=\"3ebf5ba\" data-element_type=\"widget\" data-e-type=\"widget\" data-widget_type=\"heading.default\">\n\t\t\t\t<div class=\"elementor-widget-container\">\n\t\t\t\t\t<h3 class=\"elementor-heading-title elementor-size-default\">Collaboratore<\/h3>\t\t\t\t<\/div>\n\t\t\t\t<\/div>\n\t\t\t\t<div class=\"elementor-element elementor-element-815dee3 elementor-widget elementor-widget-heading\" data-id=\"815dee3\" data-element_type=\"widget\" data-e-type=\"widget\" data-widget_type=\"heading.default\">\n\t\t\t\t<div class=\"elementor-widget-container\">\n\t\t\t\t\t<h1 class=\"elementor-heading-title elementor-size-default\">L'apparecchiatura giusta per refrazioni di qualit\u00e0 <\/h1>\t\t\t\t<\/div>\n\t\t\t\t<\/div>\n\t\t\t\t<div class=\"elementor-element elementor-element-2ab8b92 elementor-widget elementor-widget-text-editor\" data-id=\"2ab8b92\" data-element_type=\"widget\" data-e-type=\"widget\" data-widget_type=\"text-editor.default\">\n\t\t\t\t<div class=\"elementor-widget-container\">\n\t\t\t\t\t\t\t\t\tNell&#8217;80% dei casi sono i collaboratori che possono occuparsi della refrazione, in quanto vengono supportati facilmente  dalla nostra interfaccia wireless intuitiva\t\t\t\t\t\t\t\t<\/div>\n\t\t\t\t<\/div>\n\t\t\t\t\t<\/div>\n\t\t<\/div>\n\t\t\t\t<div class=\"elementor-column elementor-col-50 elementor-top-column elementor-element elementor-element-cca289e\" data-id=\"cca289e\" data-element_type=\"column\" data-e-type=\"column\">\n\t\t\t<div class=\"elementor-widget-wrap elementor-element-populated\">\n\t\t\t\t\t\t<div class=\"elementor-element elementor-element-861fb9b elementor-widget elementor-widget-image\" data-id=\"861fb9b\" data-element_type=\"widget\" data-e-type=\"widget\" data-widget_type=\"image.default\">\n\t\t\t\t<div class=\"elementor-widget-container\">\n\t\t\t\t\t\t\t\t\t\t\t\t\t\t\t<img fetchpriority=\"high\" decoding=\"async\" width=\"768\" height=\"513\" src=\"https:\/\/www.visionix.com\/wp-content\/uploads\/2022\/03\/EyeRefract-configuration-chart-display-Visionix-28-768x513-1.jpg\" class=\"attachment-large size-large wp-image-1766\" alt=\"\" srcset=\"https:\/\/www.visionix.com\/wp-content\/uploads\/2022\/03\/EyeRefract-configuration-chart-display-Visionix-28-768x513-1.jpg 768w, https:\/\/www.visionix.com\/wp-content\/uploads\/2022\/03\/EyeRefract-configuration-chart-display-Visionix-28-768x513-1-300x200.jpg 300w, https:\/\/www.visionix.com\/wp-content\/uploads\/2022\/03\/EyeRefract-configuration-chart-display-Visionix-28-768x513-1-600x401.jpg 600w\" sizes=\"(max-width: 768px) 100vw, 768px\" \/>\t\t\t\t\t\t\t\t\t\t\t\t\t\t\t<\/div>\n\t\t\t\t<\/div>\n\t\t\t\t\t<\/div>\n\t\t<\/div>\n\t\t\t\t\t<\/div>\n\t\t<\/section>\n\t\t\t\t<section class=\"elementor-section elementor-top-section elementor-element elementor-element-bb8c0f3 elementor-section-boxed elementor-section-height-default elementor-section-height-default\" data-id=\"bb8c0f3\" data-element_type=\"section\" data-e-type=\"section\">\n\t\t\t\t\t\t<div class=\"elementor-container elementor-column-gap-default\">\n\t\t\t\t\t<div class=\"elementor-column elementor-col-50 elementor-top-column elementor-element elementor-element-0bda18c\" data-id=\"0bda18c\" data-element_type=\"column\" data-e-type=\"column\">\n\t\t\t<div class=\"elementor-widget-wrap elementor-element-populated\">\n\t\t\t\t\t\t<div class=\"elementor-element elementor-element-a96fcd3 elementor-widget elementor-widget-image\" data-id=\"a96fcd3\" data-element_type=\"widget\" data-e-type=\"widget\" data-widget_type=\"image.default\">\n\t\t\t\t<div class=\"elementor-widget-container\">\n\t\t\t\t\t\t\t\t\t\t\t\t\t\t\t<img decoding=\"async\" width=\"800\" height=\"534\" src=\"https:\/\/www.visionix.com\/wp-content\/uploads\/2022\/05\/eye-refract-patient-1024x683.png\" class=\"attachment-large size-large wp-image-27835\" alt=\"\" srcset=\"https:\/\/www.visionix.com\/wp-content\/uploads\/2022\/05\/eye-refract-patient-1024x683.png 1024w, https:\/\/www.visionix.com\/wp-content\/uploads\/2022\/05\/eye-refract-patient-300x200.png 300w, https:\/\/www.visionix.com\/wp-content\/uploads\/2022\/05\/eye-refract-patient-768x512.png 768w, https:\/\/www.visionix.com\/wp-content\/uploads\/2022\/05\/eye-refract-patient-600x400.png 600w, https:\/\/www.visionix.com\/wp-content\/uploads\/2022\/05\/eye-refract-patient.png 1250w\" sizes=\"(max-width: 800px) 100vw, 800px\" \/>\t\t\t\t\t\t\t\t\t\t\t\t\t\t\t<\/div>\n\t\t\t\t<\/div>\n\t\t\t\t\t<\/div>\n\t\t<\/div>\n\t\t\t\t<div class=\"elementor-column elementor-col-50 elementor-top-column elementor-element elementor-element-0834910\" data-id=\"0834910\" data-element_type=\"column\" data-e-type=\"column\">\n\t\t\t<div class=\"elementor-widget-wrap elementor-element-populated\">\n\t\t\t\t\t\t<div class=\"elementor-element elementor-element-b80e41c elementor-widget elementor-widget-text-editor\" data-id=\"b80e41c\" data-element_type=\"widget\" data-e-type=\"widget\" data-widget_type=\"text-editor.default\">\n\t\t\t\t<div class=\"elementor-widget-container\">\n\t\t\t\t\t\t\t\t\tI nostri sistemi sono facili da utilizzare, compatti e competitivi.  Abbiamo la strumentazione adatta per qualsiasi diagnosi, Eye Refract di Visionix consente ai medici oculisti di delegare ai collaboratori la refrazione.\t\t\t\t\t\t\t\t<\/div>\n\t\t\t\t<\/div>\n\t\t\t\t<div class=\"elementor-element elementor-element-8777615 elementor-widget elementor-widget-button\" data-id=\"8777615\" data-element_type=\"widget\" data-e-type=\"widget\" data-widget_type=\"button.default\">\n\t\t\t\t<div class=\"elementor-widget-container\">\n\t\t\t\t\t\t\t\t\t<div class=\"elementor-button-wrapper\">\n\t\t\t\t\t<a class=\"elementor-button elementor-button-link elementor-size-sm\" href=\"https:\/\/www.visionix.com\/it\/contact\/\">\n\t\t\t\t\t\t<span class=\"elementor-button-content-wrapper\">\n\t\t\t\t\t\t\t\t\t<span class=\"elementor-button-text\">Parla con un esperto<\/span>\n\t\t\t\t\t<\/span>\n\t\t\t\t\t<\/a>\n\t\t\t\t<\/div>\n\t\t\t\t\t\t\t\t<\/div>\n\t\t\t\t<\/div>\n\t\t\t\t\t<\/div>\n\t\t<\/div>\n\t\t\t\t\t<\/div>\n\t\t<\/section>\n\t\t\t\t<section class=\"elementor-section elementor-top-section elementor-element elementor-element-55e7ee4 elementor-section-boxed elementor-section-height-default elementor-section-height-default\" data-id=\"55e7ee4\" data-element_type=\"section\" data-e-type=\"section\">\n\t\t\t\t\t\t<div class=\"elementor-container elementor-column-gap-default\">\n\t\t\t\t\t<div class=\"elementor-column elementor-col-50 elementor-top-column elementor-element elementor-element-6152a1d\" data-id=\"6152a1d\" data-element_type=\"column\" data-e-type=\"column\">\n\t\t\t<div class=\"elementor-widget-wrap elementor-element-populated\">\n\t\t\t\t\t\t<div class=\"elementor-element elementor-element-ade573c elementor-widget elementor-widget-text-editor\" data-id=\"ade573c\" data-element_type=\"widget\" data-e-type=\"widget\" data-widget_type=\"text-editor.default\">\n\t\t\t\t<div class=\"elementor-widget-container\">\n\t\t\t\t\t\t\t\t\tIl collaboratore che esegue la raccolta dei dati con Eye non deve avere una formazione specifica sulla refrazione, basta che conosca i meccanismi e segua l&#8217;interfaccia basata su algoritmi del tablet. Questa operazione eseguita su tablet wireless consente a un operatore preparato di eseguire la refrazione a distanza.\nL\u2019operatore, seguendo una procedura guidata, raccoglie dati precisi e ripetibili.\t\t\t\t\t\t\t\t<\/div>\n\t\t\t\t<\/div>\n\t\t\t\t<div class=\"elementor-element elementor-element-28a95c4 elementor-widget elementor-widget-button\" data-id=\"28a95c4\" data-element_type=\"widget\" data-e-type=\"widget\" data-widget_type=\"button.default\">\n\t\t\t\t<div class=\"elementor-widget-container\">\n\t\t\t\t\t\t\t\t\t<div class=\"elementor-button-wrapper\">\n\t\t\t\t\t<a class=\"elementor-button elementor-button-link elementor-size-sm\" href=\"https:\/\/www.visionix.com\/it\/contact\/\">\n\t\t\t\t\t\t<span class=\"elementor-button-content-wrapper\">\n\t\t\t\t\t\t\t\t\t<span class=\"elementor-button-text\">Parla con un esperto<\/span>\n\t\t\t\t\t<\/span>\n\t\t\t\t\t<\/a>\n\t\t\t\t<\/div>\n\t\t\t\t\t\t\t\t<\/div>\n\t\t\t\t<\/div>\n\t\t\t\t\t<\/div>\n\t\t<\/div>\n\t\t\t\t<div class=\"elementor-column elementor-col-50 elementor-top-column elementor-element elementor-element-6700cec\" data-id=\"6700cec\" data-element_type=\"column\" data-e-type=\"column\">\n\t\t\t<div class=\"elementor-widget-wrap elementor-element-populated\">\n\t\t\t\t\t\t<div class=\"elementor-element elementor-element-60aa8ef elementor-widget elementor-widget-image\" data-id=\"60aa8ef\" data-element_type=\"widget\" data-e-type=\"widget\" data-widget_type=\"image.default\">\n\t\t\t\t<div class=\"elementor-widget-container\">\n\t\t\t\t\t\t\t\t\t\t\t\t\t\t\t<img decoding=\"async\" width=\"800\" height=\"588\" src=\"https:\/\/www.visionix.com\/wp-content\/uploads\/2022\/05\/eye-refract-tablet-1024x752.png\" class=\"attachment-large size-large wp-image-27843\" alt=\"eye refract tablet\" srcset=\"https:\/\/www.visionix.com\/wp-content\/uploads\/2022\/05\/eye-refract-tablet-1024x752.png 1024w, https:\/\/www.visionix.com\/wp-content\/uploads\/2022\/05\/eye-refract-tablet-300x220.png 300w, https:\/\/www.visionix.com\/wp-content\/uploads\/2022\/05\/eye-refract-tablet-768x564.png 768w, https:\/\/www.visionix.com\/wp-content\/uploads\/2022\/05\/eye-refract-tablet-600x440.png 600w, https:\/\/www.visionix.com\/wp-content\/uploads\/2022\/05\/eye-refract-tablet.png 1139w\" sizes=\"(max-width: 800px) 100vw, 800px\" \/>\t\t\t\t\t\t\t\t\t\t\t\t\t\t\t<\/div>\n\t\t\t\t<\/div>\n\t\t\t\t\t<\/div>\n\t\t<\/div>\n\t\t\t\t\t<\/div>\n\t\t<\/section>\n\t\t\t\t<section class=\"elementor-section elementor-top-section elementor-element elementor-element-5107d67 elementor-section-boxed elementor-section-height-default elementor-section-height-default\" data-id=\"5107d67\" data-element_type=\"section\" data-e-type=\"section\">\n\t\t\t\t\t\t<div class=\"elementor-container elementor-column-gap-default\">\n\t\t\t\t\t<div class=\"elementor-column elementor-col-50 elementor-top-column elementor-element elementor-element-94296f4\" data-id=\"94296f4\" data-element_type=\"column\" data-e-type=\"column\">\n\t\t\t<div class=\"elementor-widget-wrap elementor-element-populated\">\n\t\t\t\t\t\t<div class=\"elementor-element elementor-element-845b127 elementor-widget elementor-widget-image\" data-id=\"845b127\" data-element_type=\"widget\" data-e-type=\"widget\" data-widget_type=\"image.default\">\n\t\t\t\t<div class=\"elementor-widget-container\">\n\t\t\t\t\t\t\t\t\t\t\t\t\t\t\t<img loading=\"lazy\" decoding=\"async\" width=\"800\" height=\"533\" src=\"https:\/\/www.visionix.com\/wp-content\/uploads\/2022\/05\/Fotolia_91502345_XL-1024x682.jpg\" class=\"attachment-large size-large wp-image-27851\" alt=\"Male Patient Having Consultation With Doctor In Office\" srcset=\"https:\/\/www.visionix.com\/wp-content\/uploads\/2022\/05\/Fotolia_91502345_XL-1024x682.jpg 1024w, https:\/\/www.visionix.com\/wp-content\/uploads\/2022\/05\/Fotolia_91502345_XL-300x200.jpg 300w, https:\/\/www.visionix.com\/wp-content\/uploads\/2022\/05\/Fotolia_91502345_XL-768x512.jpg 768w, https:\/\/www.visionix.com\/wp-content\/uploads\/2022\/05\/Fotolia_91502345_XL-1536x1023.jpg 1536w, https:\/\/www.visionix.com\/wp-content\/uploads\/2022\/05\/Fotolia_91502345_XL-2048x1365.jpg 2048w, https:\/\/www.visionix.com\/wp-content\/uploads\/2022\/05\/Fotolia_91502345_XL-600x400.jpg 600w\" sizes=\"(max-width: 800px) 100vw, 800px\" \/>\t\t\t\t\t\t\t\t\t\t\t\t\t\t\t<\/div>\n\t\t\t\t<\/div>\n\t\t\t\t\t<\/div>\n\t\t<\/div>\n\t\t\t\t<div class=\"elementor-column elementor-col-50 elementor-top-column elementor-element elementor-element-4e53a95\" data-id=\"4e53a95\" data-element_type=\"column\" data-e-type=\"column\">\n\t\t\t<div class=\"elementor-widget-wrap elementor-element-populated\">\n\t\t\t\t\t\t<div class=\"elementor-element elementor-element-f1c122e elementor-widget elementor-widget-text-editor\" data-id=\"f1c122e\" data-element_type=\"widget\" data-e-type=\"widget\" data-widget_type=\"text-editor.default\">\n\t\t\t\t<div class=\"elementor-widget-container\">\n\t\t\t\t\t\t\t\t\tPer utilizzare Eye Refract in modo efficace, ci\u00f2 di cui ha bisogno \u00e8 solamente una connessione Internet ad alta velocit\u00e0 e uno spazio ridotto. Il flusso dell&#8217;esame avviene in questo modo: il collaboratore raccoglie i dati, il medico  oculista li riceve elettronicamente e li valuta, confrontandosi successivamente con il paziente. \t\t\t\t\t\t\t\t<\/div>\n\t\t\t\t<\/div>\n\t\t\t\t<div class=\"elementor-element elementor-element-597a438 elementor-widget elementor-widget-button\" data-id=\"597a438\" data-element_type=\"widget\" data-e-type=\"widget\" data-widget_type=\"button.default\">\n\t\t\t\t<div class=\"elementor-widget-container\">\n\t\t\t\t\t\t\t\t\t<div class=\"elementor-button-wrapper\">\n\t\t\t\t\t<a class=\"elementor-button elementor-button-link elementor-size-sm\" href=\"https:\/\/www.visionix.com\/it\/contact\/\">\n\t\t\t\t\t\t<span class=\"elementor-button-content-wrapper\">\n\t\t\t\t\t\t\t\t\t<span class=\"elementor-button-text\">Parla con un esperto<\/span>\n\t\t\t\t\t<\/span>\n\t\t\t\t\t<\/a>\n\t\t\t\t<\/div>\n\t\t\t\t\t\t\t\t<\/div>\n\t\t\t\t<\/div>\n\t\t\t\t\t<\/div>\n\t\t<\/div>\n\t\t\t\t\t<\/div>\n\t\t<\/section>\n\t\t\t\t<section class=\"elementor-section elementor-top-section elementor-element elementor-element-3a9c98f elementor-section-boxed elementor-section-height-default elementor-section-height-default\" data-id=\"3a9c98f\" data-element_type=\"section\" data-e-type=\"section\">\n\t\t\t\t\t\t<div class=\"elementor-container elementor-column-gap-default\">\n\t\t\t\t\t<div class=\"elementor-column elementor-col-50 elementor-top-column elementor-element elementor-element-5afd7ba\" data-id=\"5afd7ba\" data-element_type=\"column\" data-e-type=\"column\">\n\t\t\t<div class=\"elementor-widget-wrap elementor-element-populated\">\n\t\t\t\t\t\t<div class=\"elementor-element elementor-element-9922631 elementor-widget elementor-widget-text-editor\" data-id=\"9922631\" data-element_type=\"widget\" data-e-type=\"widget\" data-widget_type=\"text-editor.default\">\n\t\t\t\t<div class=\"elementor-widget-container\">\n\t\t\t\t\t\t\t\t\tSecondo quanto affermato dagli utilizzatori di Eye Refract, la soddisfazione dei clienti \u00e8 migliorata e  si \u00e8 ridotto notevolmente  l\u2019errore nel realizzare l\u2019occhiale correttivo. In base a quanto riferito dagli studi che adottano questa tecnologia, le modalit\u00e0 di esame con Eye Refract, compatto e moderno, e il processo di refrazione, guidato dal tablet, stupiscono  favorevolmente i pazienti dando luogo a recensioni positive.  \t\t\t\t\t\t\t\t<\/div>\n\t\t\t\t<\/div>\n\t\t\t\t<div class=\"elementor-element elementor-element-e1ed36c elementor-widget elementor-widget-button\" data-id=\"e1ed36c\" data-element_type=\"widget\" data-e-type=\"widget\" data-widget_type=\"button.default\">\n\t\t\t\t<div class=\"elementor-widget-container\">\n\t\t\t\t\t\t\t\t\t<div class=\"elementor-button-wrapper\">\n\t\t\t\t\t<a class=\"elementor-button elementor-button-link elementor-size-sm\" href=\"https:\/\/www.visionix.com\/it\/contact\/\">\n\t\t\t\t\t\t<span class=\"elementor-button-content-wrapper\">\n\t\t\t\t\t\t\t\t\t<span class=\"elementor-button-text\">Parla con un esperto<\/span>\n\t\t\t\t\t<\/span>\n\t\t\t\t\t<\/a>\n\t\t\t\t<\/div>\n\t\t\t\t\t\t\t\t<\/div>\n\t\t\t\t<\/div>\n\t\t\t\t\t<\/div>\n\t\t<\/div>\n\t\t\t\t<div class=\"elementor-column elementor-col-50 elementor-top-column elementor-element elementor-element-b46c6b8\" data-id=\"b46c6b8\" data-element_type=\"column\" data-e-type=\"column\">\n\t\t\t<div class=\"elementor-widget-wrap elementor-element-populated\">\n\t\t\t\t\t\t<div class=\"elementor-element elementor-element-ea23c9d elementor-widget elementor-widget-image\" data-id=\"ea23c9d\" data-element_type=\"widget\" data-e-type=\"widget\" data-widget_type=\"image.default\">\n\t\t\t\t<div class=\"elementor-widget-container\">\n\t\t\t\t\t\t\t\t\t\t\t\t\t\t\t<img loading=\"lazy\" decoding=\"async\" width=\"300\" height=\"230\" src=\"https:\/\/www.visionix.com\/wp-content\/uploads\/2022\/05\/feedback-2824577-300x230.png\" class=\"attachment-medium size-medium wp-image-27859\" alt=\"reviews\" srcset=\"https:\/\/www.visionix.com\/wp-content\/uploads\/2022\/05\/feedback-2824577-300x230.png 300w, https:\/\/www.visionix.com\/wp-content\/uploads\/2022\/05\/feedback-2824577-1024x786.png 1024w, https:\/\/www.visionix.com\/wp-content\/uploads\/2022\/05\/feedback-2824577-768x590.png 768w, https:\/\/www.visionix.com\/wp-content\/uploads\/2022\/05\/feedback-2824577-600x461.png 600w, https:\/\/www.visionix.com\/wp-content\/uploads\/2022\/05\/feedback-2824577.png 1249w\" sizes=\"(max-width: 300px) 100vw, 300px\" \/>\t\t\t\t\t\t\t\t\t\t\t\t\t\t\t<\/div>\n\t\t\t\t<\/div>\n\t\t\t\t\t<\/div>\n\t\t<\/div>\n\t\t\t\t\t<\/div>\n\t\t<\/section>\n\t\t\t\t<section class=\"elementor-section elementor-top-section elementor-element elementor-element-4020886 elementor-section-boxed elementor-section-height-default elementor-section-height-default\" data-id=\"4020886\" data-element_type=\"section\" data-e-type=\"section\">\n\t\t\t\t\t\t<div class=\"elementor-container elementor-column-gap-default\">\n\t\t\t\t\t<div class=\"elementor-column elementor-col-50 elementor-top-column elementor-element elementor-element-bca314e\" data-id=\"bca314e\" data-element_type=\"column\" data-e-type=\"column\">\n\t\t\t<div class=\"elementor-widget-wrap elementor-element-populated\">\n\t\t\t\t\t\t<div class=\"elementor-element elementor-element-c3a0100 elementor-widget elementor-widget-image\" data-id=\"c3a0100\" data-element_type=\"widget\" data-e-type=\"widget\" data-widget_type=\"image.default\">\n\t\t\t\t<div class=\"elementor-widget-container\">\n\t\t\t\t\t\t\t\t\t\t\t\t\t\t\t<img loading=\"lazy\" decoding=\"async\" width=\"763\" height=\"610\" src=\"https:\/\/www.visionix.com\/wp-content\/uploads\/2022\/05\/eye-refract-patient-2.png\" class=\"attachment-large size-large wp-image-27867\" alt=\"\" srcset=\"https:\/\/www.visionix.com\/wp-content\/uploads\/2022\/05\/eye-refract-patient-2.png 763w, https:\/\/www.visionix.com\/wp-content\/uploads\/2022\/05\/eye-refract-patient-2-300x240.png 300w, https:\/\/www.visionix.com\/wp-content\/uploads\/2022\/05\/eye-refract-patient-2-600x480.png 600w\" sizes=\"(max-width: 763px) 100vw, 763px\" \/>\t\t\t\t\t\t\t\t\t\t\t\t\t\t\t<\/div>\n\t\t\t\t<\/div>\n\t\t\t\t\t<\/div>\n\t\t<\/div>\n\t\t\t\t<div class=\"elementor-column elementor-col-50 elementor-top-column elementor-element elementor-element-78d6288\" data-id=\"78d6288\" data-element_type=\"column\" data-e-type=\"column\">\n\t\t\t<div class=\"elementor-widget-wrap elementor-element-populated\">\n\t\t\t\t\t\t<div class=\"elementor-element elementor-element-b5e0821 elementor-widget elementor-widget-text-editor\" data-id=\"b5e0821\" data-element_type=\"widget\" data-e-type=\"widget\" data-widget_type=\"text-editor.default\">\n\t\t\t\t<div class=\"elementor-widget-container\">\n\t\t\t\t\t\t\t\t\tCon una formazione adeguata, i collaboratori possono occuparsi della refrazione nell&#8217;80% dei casi, lasciando ai professionisti della visione la possibilit\u00e0 di concentrarsi sul restante 10-20% di pazienti con problematiche pi\u00f9 serie. La refrazione guidata da algoritmi e l&#8217;elevata precisione dei dati consentono di sfruttare al massimo il tempo prezioso del personale e permettono ai professionisti dell\u2019eye care di conservare il controllo sull&#8217;intero processo di refrazione.\t\t\t\t\t\t\t\t<\/div>\n\t\t\t\t<\/div>\n\t\t\t\t<div class=\"elementor-element elementor-element-5cee305 elementor-widget elementor-widget-button\" data-id=\"5cee305\" data-element_type=\"widget\" data-e-type=\"widget\" data-widget_type=\"button.default\">\n\t\t\t\t<div class=\"elementor-widget-container\">\n\t\t\t\t\t\t\t\t\t<div class=\"elementor-button-wrapper\">\n\t\t\t\t\t<a class=\"elementor-button elementor-button-link elementor-size-sm\" href=\"https:\/\/www.visionix.com\/it\/contact\/\">\n\t\t\t\t\t\t<span class=\"elementor-button-content-wrapper\">\n\t\t\t\t\t\t\t\t\t<span class=\"elementor-button-text\">Parla con un esperto<\/span>\n\t\t\t\t\t<\/span>\n\t\t\t\t\t<\/a>\n\t\t\t\t<\/div>\n\t\t\t\t\t\t\t\t<\/div>\n\t\t\t\t<\/div>\n\t\t\t\t\t<\/div>\n\t\t<\/div>\n\t\t\t\t\t<\/div>\n\t\t<\/section>\n\t\t\t\t<\/div>\n\t\t","protected":false},"excerpt":{"rendered":"<p>Collaboratore L&#8217;apparecchiatura giusta per refrazioni di qualit\u00e0 Nell&#8217;80% dei casi sono i collaboratori che possono occuparsi della refrazione, in quanto vengono supportati facilmente dalla nostra interfaccia wireless intuitiva I nostri sistemi sono facili da utilizzare, compatti e competitivi. Abbiamo la strumentazione adatta per qualsiasi diagnosi, Eye Refract di Visionix consente ai medici oculisti di delegare [&hellip;]<\/p>\n","protected":false},"author":1,"featured_media":0,"parent":30656,"menu_order":0,"comment_status":"closed","ping_status":"closed","template":"","meta":{"_acf_changed":false,"content-type":"","footnotes":""},"class_list":["post-30660","page","type-page","status-publish","hentry"],"acf":[],"_links":{"self":[{"href":"https:\/\/www.visionix.com\/it\/wp-json\/wp\/v2\/pages\/30660","targetHints":{"allow":["GET"]}}],"collection":[{"href":"https:\/\/www.visionix.com\/it\/wp-json\/wp\/v2\/pages"}],"about":[{"href":"https:\/\/www.visionix.com\/it\/wp-json\/wp\/v2\/types\/page"}],"author":[{"embeddable":true,"href":"https:\/\/www.visionix.com\/it\/wp-json\/wp\/v2\/users\/1"}],"replies":[{"embeddable":true,"href":"https:\/\/www.visionix.com\/it\/wp-json\/wp\/v2\/comments?post=30660"}],"version-history":[{"count":9,"href":"https:\/\/www.visionix.com\/it\/wp-json\/wp\/v2\/pages\/30660\/revisions"}],"predecessor-version":[{"id":30770,"href":"https:\/\/www.visionix.com\/it\/wp-json\/wp\/v2\/pages\/30660\/revisions\/30770"}],"up":[{"embeddable":true,"href":"https:\/\/www.visionix.com\/it\/wp-json\/wp\/v2\/pages\/30656"}],"wp:attachment":[{"href":"https:\/\/www.visionix.com\/it\/wp-json\/wp\/v2\/media?parent=30660"}],"curies":[{"name":"wp","href":"https:\/\/api.w.org\/{rel}","templated":true}]}}