{"id":30657,"date":"2022-02-08T11:15:03","date_gmt":"2022-02-08T10:15:03","guid":{"rendered":"https:\/\/www.visionix.com\/optical-retail\/chain\/"},"modified":"2023-08-01T15:53:08","modified_gmt":"2023-08-01T13:53:08","slug":"la-grande-distribuzione-nell-ottica","status":"publish","type":"page","link":"https:\/\/www.visionix.com\/it\/ottici\/la-grande-distribuzione-nell-ottica\/","title":{"rendered":"La grande distribuzione nell\u2019ottica\u200b"},"content":{"rendered":"\t\t<div data-elementor-type=\"wp-page\" data-elementor-id=\"30657\" class=\"elementor elementor-30657 elementor-86\" data-elementor-post-type=\"page\">\n\t\t\t\t\t\t<section class=\"elementor-section elementor-top-section elementor-element elementor-element-6fa80f9 elementor-section-boxed elementor-section-height-default elementor-section-height-default\" data-id=\"6fa80f9\" data-element_type=\"section\" data-e-type=\"section\">\n\t\t\t\t\t\t<div class=\"elementor-container elementor-column-gap-default\">\n\t\t\t\t\t<div class=\"elementor-column elementor-col-50 elementor-top-column elementor-element elementor-element-212d035\" data-id=\"212d035\" data-element_type=\"column\" data-e-type=\"column\">\n\t\t\t<div class=\"elementor-widget-wrap elementor-element-populated\">\n\t\t\t\t\t\t<div class=\"elementor-element elementor-element-eca30b2 elementor-widget elementor-widget-heading\" data-id=\"eca30b2\" data-element_type=\"widget\" data-e-type=\"widget\" data-widget_type=\"heading.default\">\n\t\t\t\t<div class=\"elementor-widget-container\">\n\t\t\t\t\t<h3 class=\"elementor-heading-title elementor-size-default\">La grande distribuzione nell\u2019ottica<\/h3>\t\t\t\t<\/div>\n\t\t\t\t<\/div>\n\t\t\t\t<div class=\"elementor-element elementor-element-78fa2f9 elementor-widget elementor-widget-heading\" data-id=\"78fa2f9\" data-element_type=\"widget\" data-e-type=\"widget\" data-widget_type=\"heading.default\">\n\t\t\t\t<div class=\"elementor-widget-container\">\n\t\t\t\t\t<h1 class=\"elementor-heading-title elementor-size-default\">Fai crescere il tuo brand grazie ad una refrazione di qualit\u00e0<\/h1>\t\t\t\t<\/div>\n\t\t\t\t<\/div>\n\t\t\t\t<div class=\"elementor-element elementor-element-48ab4f9 elementor-widget elementor-widget-text-editor\" data-id=\"48ab4f9\" data-element_type=\"widget\" data-e-type=\"widget\" data-widget_type=\"text-editor.default\">\n\t\t\t\t<div class=\"elementor-widget-container\">\n\t\t\t\t\t\t\t\t\tLe nostre apparecchiature sono facili  da utilizzare e permettono di standardizzare una refrazione di qualit\u00e0.\t\t\t\t\t\t\t\t<\/div>\n\t\t\t\t<\/div>\n\t\t\t\t\t<\/div>\n\t\t<\/div>\n\t\t\t\t<div class=\"elementor-column elementor-col-50 elementor-top-column elementor-element elementor-element-bb3dec6\" data-id=\"bb3dec6\" data-element_type=\"column\" data-e-type=\"column\">\n\t\t\t<div class=\"elementor-widget-wrap elementor-element-populated\">\n\t\t\t\t\t\t<div class=\"elementor-element elementor-element-c195ddf elementor-widget elementor-widget-image\" data-id=\"c195ddf\" data-element_type=\"widget\" data-e-type=\"widget\" data-widget_type=\"image.default\">\n\t\t\t\t<div class=\"elementor-widget-container\">\n\t\t\t\t\t\t\t\t\t\t\t\t\t\t\t<img fetchpriority=\"high\" decoding=\"async\" width=\"800\" height=\"498\" src=\"https:\/\/www.visionix.com\/wp-content\/uploads\/2022\/05\/vx650-interface-1024x637.png\" class=\"attachment-large size-large wp-image-27889\" alt=\"\" srcset=\"https:\/\/www.visionix.com\/wp-content\/uploads\/2022\/05\/vx650-interface-1024x637.png 1024w, https:\/\/www.visionix.com\/wp-content\/uploads\/2022\/05\/vx650-interface-300x187.png 300w, https:\/\/www.visionix.com\/wp-content\/uploads\/2022\/05\/vx650-interface-768x478.png 768w, https:\/\/www.visionix.com\/wp-content\/uploads\/2022\/05\/vx650-interface-600x373.png 600w, https:\/\/www.visionix.com\/wp-content\/uploads\/2022\/05\/vx650-interface.png 1339w\" sizes=\"(max-width: 800px) 100vw, 800px\" \/>\t\t\t\t\t\t\t\t\t\t\t\t\t\t\t<\/div>\n\t\t\t\t<\/div>\n\t\t\t\t\t<\/div>\n\t\t<\/div>\n\t\t\t\t\t<\/div>\n\t\t<\/section>\n\t\t\t\t<section class=\"elementor-section elementor-top-section elementor-element elementor-element-90c495a elementor-section-boxed elementor-section-height-default elementor-section-height-default\" data-id=\"90c495a\" data-element_type=\"section\" data-e-type=\"section\">\n\t\t\t\t\t\t<div class=\"elementor-container elementor-column-gap-default\">\n\t\t\t\t\t<div class=\"elementor-column elementor-col-50 elementor-top-column elementor-element elementor-element-5ab1ac7\" data-id=\"5ab1ac7\" data-element_type=\"column\" data-e-type=\"column\">\n\t\t\t<div class=\"elementor-widget-wrap elementor-element-populated\">\n\t\t\t\t\t\t<div class=\"elementor-element elementor-element-82d04fe elementor-widget elementor-widget-image\" data-id=\"82d04fe\" data-element_type=\"widget\" data-e-type=\"widget\" data-widget_type=\"image.default\">\n\t\t\t\t<div class=\"elementor-widget-container\">\n\t\t\t\t\t\t\t\t\t\t\t\t\t\t\t<img decoding=\"async\" width=\"800\" height=\"534\" src=\"https:\/\/www.visionix.com\/wp-content\/uploads\/2022\/05\/pexels-karolina-grabowska-5201992-1-1024x683.jpg\" class=\"attachment-large size-large wp-image-27898\" alt=\"Photo by Karolina Grabowska: https:\/\/www.pexels.com\/fr-fr\/photo\/bois-industrie-biere-entrepot-5201988\/\" srcset=\"https:\/\/www.visionix.com\/wp-content\/uploads\/2022\/05\/pexels-karolina-grabowska-5201992-1-1024x683.jpg 1024w, https:\/\/www.visionix.com\/wp-content\/uploads\/2022\/05\/pexels-karolina-grabowska-5201992-1-300x200.jpg 300w, https:\/\/www.visionix.com\/wp-content\/uploads\/2022\/05\/pexels-karolina-grabowska-5201992-1-768x512.jpg 768w, https:\/\/www.visionix.com\/wp-content\/uploads\/2022\/05\/pexels-karolina-grabowska-5201992-1-1536x1024.jpg 1536w, https:\/\/www.visionix.com\/wp-content\/uploads\/2022\/05\/pexels-karolina-grabowska-5201992-1-2048x1365.jpg 2048w, https:\/\/www.visionix.com\/wp-content\/uploads\/2022\/05\/pexels-karolina-grabowska-5201992-1-600x400.jpg 600w\" sizes=\"(max-width: 800px) 100vw, 800px\" \/>\t\t\t\t\t\t\t\t\t\t\t\t\t\t\t<\/div>\n\t\t\t\t<\/div>\n\t\t\t\t\t<\/div>\n\t\t<\/div>\n\t\t\t\t<div class=\"elementor-column elementor-col-50 elementor-top-column elementor-element elementor-element-ecd1c29\" data-id=\"ecd1c29\" data-element_type=\"column\" data-e-type=\"column\">\n\t\t\t<div class=\"elementor-widget-wrap elementor-element-populated\">\n\t\t\t\t\t\t<div class=\"elementor-element elementor-element-5dfd5a1 elementor-widget elementor-widget-text-editor\" data-id=\"5dfd5a1\" data-element_type=\"widget\" data-e-type=\"widget\" data-widget_type=\"text-editor.default\">\n\t\t\t\t<div class=\"elementor-widget-container\">\n\t\t\t\t\t\t\t\t\tL\u2019utilizzo  di nuove tecnologie consentir\u00e0 di incrementare  il numero di punti vendita e di far lavorare le tue attivit\u00e0 in modo pi\u00f9 efficiente. Le tecnologie Visionix ti consentono di comunicare con pi\u00f9 punti vendita dello stesso gruppo, in modo da offrire uno standard qualitativo in tutti i punti vendita .\t\t\t\t\t\t\t\t<\/div>\n\t\t\t\t<\/div>\n\t\t\t\t<div class=\"elementor-element elementor-element-f5702c1 elementor-widget elementor-widget-button\" data-id=\"f5702c1\" data-element_type=\"widget\" data-e-type=\"widget\" data-widget_type=\"button.default\">\n\t\t\t\t<div class=\"elementor-widget-container\">\n\t\t\t\t\t\t\t\t\t<div class=\"elementor-button-wrapper\">\n\t\t\t\t\t<a class=\"elementor-button elementor-button-link elementor-size-sm\" href=\"https:\/\/www.visionix.com\/it\/contact\/\">\n\t\t\t\t\t\t<span class=\"elementor-button-content-wrapper\">\n\t\t\t\t\t\t\t\t\t<span class=\"elementor-button-text\">Parla con un esperto<\/span>\n\t\t\t\t\t<\/span>\n\t\t\t\t\t<\/a>\n\t\t\t\t<\/div>\n\t\t\t\t\t\t\t\t<\/div>\n\t\t\t\t<\/div>\n\t\t\t\t\t<\/div>\n\t\t<\/div>\n\t\t\t\t\t<\/div>\n\t\t<\/section>\n\t\t\t\t<section class=\"elementor-section elementor-top-section elementor-element elementor-element-48aefc4 elementor-section-boxed elementor-section-height-default elementor-section-height-default\" data-id=\"48aefc4\" data-element_type=\"section\" data-e-type=\"section\">\n\t\t\t\t\t\t<div class=\"elementor-container elementor-column-gap-default\">\n\t\t\t\t\t<div class=\"elementor-column elementor-col-50 elementor-top-column elementor-element elementor-element-a6c4770\" data-id=\"a6c4770\" data-element_type=\"column\" data-e-type=\"column\">\n\t\t\t<div class=\"elementor-widget-wrap elementor-element-populated\">\n\t\t\t\t\t\t<div class=\"elementor-element elementor-element-719a01e elementor-widget elementor-widget-text-editor\" data-id=\"719a01e\" data-element_type=\"widget\" data-e-type=\"widget\" data-widget_type=\"text-editor.default\">\n\t\t\t\t<div class=\"elementor-widget-container\">\n\t\t\t\t\t\t\t\t\tEye Refract  automatizza le tradizionali funzioni  del forottero manuale, in modo tale che l&#8217;ottico possa essere presente in un punto vendita e comunicare a distanza con un cliente. In questo modo sar\u00e0 possibile aumentare il numero di punti vendita, senza limitare la qualit\u00e0 della refrazione  e il tempo dedicato ai clienti. Eye Refract consente di standardizzare l&#8217;esperienza dei clienti grazie all&#8217;efficienza dei test e alla precisione e coerenza dei risultati della refrazione.\t\t\t\t\t\t\t\t<\/div>\n\t\t\t\t<\/div>\n\t\t\t\t<div class=\"elementor-element elementor-element-094668a elementor-widget elementor-widget-button\" data-id=\"094668a\" data-element_type=\"widget\" data-e-type=\"widget\" data-widget_type=\"button.default\">\n\t\t\t\t<div class=\"elementor-widget-container\">\n\t\t\t\t\t\t\t\t\t<div class=\"elementor-button-wrapper\">\n\t\t\t\t\t<a class=\"elementor-button elementor-button-link elementor-size-sm\" href=\"https:\/\/www.visionix.com\/it\/contact\/\">\n\t\t\t\t\t\t<span class=\"elementor-button-content-wrapper\">\n\t\t\t\t\t\t\t\t\t<span class=\"elementor-button-text\">Parla con un esperto<\/span>\n\t\t\t\t\t<\/span>\n\t\t\t\t\t<\/a>\n\t\t\t\t<\/div>\n\t\t\t\t\t\t\t\t<\/div>\n\t\t\t\t<\/div>\n\t\t\t\t\t<\/div>\n\t\t<\/div>\n\t\t\t\t<div class=\"elementor-column elementor-col-50 elementor-top-column elementor-element elementor-element-cc70928\" data-id=\"cc70928\" data-element_type=\"column\" data-e-type=\"column\">\n\t\t\t<div class=\"elementor-widget-wrap elementor-element-populated\">\n\t\t\t\t\t\t<div class=\"elementor-element elementor-element-e516699 elementor-widget elementor-widget-image\" data-id=\"e516699\" data-element_type=\"widget\" data-e-type=\"widget\" data-widget_type=\"image.default\">\n\t\t\t\t<div class=\"elementor-widget-container\">\n\t\t\t\t\t\t\t\t\t\t\t\t\t\t\t<img decoding=\"async\" width=\"800\" height=\"534\" src=\"https:\/\/www.visionix.com\/wp-content\/uploads\/2022\/05\/eye-refract-patient-1024x683.png\" class=\"attachment-large size-large wp-image-27835\" alt=\"\" srcset=\"https:\/\/www.visionix.com\/wp-content\/uploads\/2022\/05\/eye-refract-patient-1024x683.png 1024w, https:\/\/www.visionix.com\/wp-content\/uploads\/2022\/05\/eye-refract-patient-300x200.png 300w, https:\/\/www.visionix.com\/wp-content\/uploads\/2022\/05\/eye-refract-patient-768x512.png 768w, https:\/\/www.visionix.com\/wp-content\/uploads\/2022\/05\/eye-refract-patient-600x400.png 600w, https:\/\/www.visionix.com\/wp-content\/uploads\/2022\/05\/eye-refract-patient.png 1250w\" sizes=\"(max-width: 800px) 100vw, 800px\" \/>\t\t\t\t\t\t\t\t\t\t\t\t\t\t\t<\/div>\n\t\t\t\t<\/div>\n\t\t\t\t\t<\/div>\n\t\t<\/div>\n\t\t\t\t\t<\/div>\n\t\t<\/section>\n\t\t\t\t<section class=\"elementor-section elementor-top-section elementor-element elementor-element-04a0488 elementor-section-boxed elementor-section-height-default elementor-section-height-default\" data-id=\"04a0488\" data-element_type=\"section\" data-e-type=\"section\">\n\t\t\t\t\t\t<div class=\"elementor-container elementor-column-gap-default\">\n\t\t\t\t\t<div class=\"elementor-column elementor-col-50 elementor-top-column elementor-element elementor-element-e124b98\" data-id=\"e124b98\" data-element_type=\"column\" data-e-type=\"column\">\n\t\t\t<div class=\"elementor-widget-wrap elementor-element-populated\">\n\t\t\t\t\t\t<div class=\"elementor-element elementor-element-9f39e21 elementor-widget elementor-widget-image\" data-id=\"9f39e21\" data-element_type=\"widget\" data-e-type=\"widget\" data-widget_type=\"image.default\">\n\t\t\t\t<div class=\"elementor-widget-container\">\n\t\t\t\t\t\t\t\t\t\t\t\t\t\t\t<img loading=\"lazy\" decoding=\"async\" width=\"800\" height=\"800\" src=\"https:\/\/www.visionix.com\/wp-content\/uploads\/2022\/03\/Telehealth-Datacloud-square-1024x1024.png\" class=\"attachment-large size-large wp-image-10208\" alt=\"\" srcset=\"https:\/\/www.visionix.com\/wp-content\/uploads\/2022\/03\/Telehealth-Datacloud-square-1024x1024.png 1024w, https:\/\/www.visionix.com\/wp-content\/uploads\/2022\/03\/Telehealth-Datacloud-square-300x300.png 300w, https:\/\/www.visionix.com\/wp-content\/uploads\/2022\/03\/Telehealth-Datacloud-square-150x150.png 150w, https:\/\/www.visionix.com\/wp-content\/uploads\/2022\/03\/Telehealth-Datacloud-square-768x768.png 768w, https:\/\/www.visionix.com\/wp-content\/uploads\/2022\/03\/Telehealth-Datacloud-square-1536x1536.png 1536w, https:\/\/www.visionix.com\/wp-content\/uploads\/2022\/03\/Telehealth-Datacloud-square-32x32.png 32w, https:\/\/www.visionix.com\/wp-content\/uploads\/2022\/03\/Telehealth-Datacloud-square-600x600.png 600w, https:\/\/www.visionix.com\/wp-content\/uploads\/2022\/03\/Telehealth-Datacloud-square-100x100.png 100w, https:\/\/www.visionix.com\/wp-content\/uploads\/2022\/03\/Telehealth-Datacloud-square.png 1875w\" sizes=\"(max-width: 800px) 100vw, 800px\" \/>\t\t\t\t\t\t\t\t\t\t\t\t\t\t\t<\/div>\n\t\t\t\t<\/div>\n\t\t\t\t\t<\/div>\n\t\t<\/div>\n\t\t\t\t<div class=\"elementor-column elementor-col-50 elementor-top-column elementor-element elementor-element-c1a19bd\" data-id=\"c1a19bd\" data-element_type=\"column\" data-e-type=\"column\">\n\t\t\t<div class=\"elementor-widget-wrap elementor-element-populated\">\n\t\t\t\t\t\t<div class=\"elementor-element elementor-element-166935a elementor-widget elementor-widget-text-editor\" data-id=\"166935a\" data-element_type=\"widget\" data-e-type=\"widget\" data-widget_type=\"text-editor.default\">\n\t\t\t\t<div class=\"elementor-widget-container\">\n\t\t\t\t\t\t\t\t\tEye Refract \u00e8 predisposto per la rete EMR\/EHR e consente ai medici oculisti di accedere ai dati della prescrizione oculistica raccomandata utilizzando l&#8217;interfaccia protetta di un computer posto in un&#8217;altra stanza o in un altro negozio. Si tratta di una soluzione ideale per i titolari di catene di negozi di ottica che sono interessati a un modello predisposto per l&#8217;uso in remoto. \t\t\t\t\t\t\t\t<\/div>\n\t\t\t\t<\/div>\n\t\t\t\t<div class=\"elementor-element elementor-element-5d1f2bc elementor-widget elementor-widget-button\" data-id=\"5d1f2bc\" data-element_type=\"widget\" data-e-type=\"widget\" data-widget_type=\"button.default\">\n\t\t\t\t<div class=\"elementor-widget-container\">\n\t\t\t\t\t\t\t\t\t<div class=\"elementor-button-wrapper\">\n\t\t\t\t\t<a class=\"elementor-button elementor-button-link elementor-size-sm\" href=\"https:\/\/www.visionix.com\/it\/contact\/\">\n\t\t\t\t\t\t<span class=\"elementor-button-content-wrapper\">\n\t\t\t\t\t\t\t\t\t<span class=\"elementor-button-text\">Parla con un esperto<\/span>\n\t\t\t\t\t<\/span>\n\t\t\t\t\t<\/a>\n\t\t\t\t<\/div>\n\t\t\t\t\t\t\t\t<\/div>\n\t\t\t\t<\/div>\n\t\t\t\t\t<\/div>\n\t\t<\/div>\n\t\t\t\t\t<\/div>\n\t\t<\/section>\n\t\t\t\t<section class=\"elementor-section elementor-top-section elementor-element elementor-element-edcb478 elementor-section-boxed elementor-section-height-default elementor-section-height-default\" data-id=\"edcb478\" data-element_type=\"section\" data-e-type=\"section\">\n\t\t\t\t\t\t<div class=\"elementor-container elementor-column-gap-default\">\n\t\t\t\t\t<div class=\"elementor-column elementor-col-50 elementor-top-column elementor-element elementor-element-6eaf675\" data-id=\"6eaf675\" data-element_type=\"column\" data-e-type=\"column\">\n\t\t\t<div class=\"elementor-widget-wrap elementor-element-populated\">\n\t\t\t\t\t\t<div class=\"elementor-element elementor-element-99a5a55 elementor-widget elementor-widget-text-editor\" data-id=\"99a5a55\" data-element_type=\"widget\" data-e-type=\"widget\" data-widget_type=\"text-editor.default\">\n\t\t\t\t<div class=\"elementor-widget-container\">\n\t\t\t\t\t\t\t\t\tI risultati della refrazione possono essere visualizzati istantaneamente  e senza problemi attraverso le cartelle cliniche. Se un medico oculista non \u00e8 in sede, pu\u00f2 collegarsi a Zoom, esaminare i dati e poi parlarne con il paziente. Spesso un paziente ha solo bisogno di essere rassicurato che la prescrizione sia aggiornata.\t\t\t\t\t\t\t\t<\/div>\n\t\t\t\t<\/div>\n\t\t\t\t<div class=\"elementor-element elementor-element-e2445ad elementor-widget elementor-widget-button\" data-id=\"e2445ad\" data-element_type=\"widget\" data-e-type=\"widget\" data-widget_type=\"button.default\">\n\t\t\t\t<div class=\"elementor-widget-container\">\n\t\t\t\t\t\t\t\t\t<div class=\"elementor-button-wrapper\">\n\t\t\t\t\t<a class=\"elementor-button elementor-button-link elementor-size-sm\" href=\"https:\/\/www.visionix.com\/it\/contact\/\">\n\t\t\t\t\t\t<span class=\"elementor-button-content-wrapper\">\n\t\t\t\t\t\t\t\t\t<span class=\"elementor-button-text\">Parla con un esperto<\/span>\n\t\t\t\t\t<\/span>\n\t\t\t\t\t<\/a>\n\t\t\t\t<\/div>\n\t\t\t\t\t\t\t\t<\/div>\n\t\t\t\t<\/div>\n\t\t\t\t\t<\/div>\n\t\t<\/div>\n\t\t\t\t<div class=\"elementor-column elementor-col-50 elementor-top-column elementor-element elementor-element-774b7cb\" data-id=\"774b7cb\" data-element_type=\"column\" data-e-type=\"column\">\n\t\t\t<div class=\"elementor-widget-wrap elementor-element-populated\">\n\t\t\t\t\t\t<div class=\"elementor-element elementor-element-c70ad0c elementor-widget elementor-widget-image\" data-id=\"c70ad0c\" data-element_type=\"widget\" data-e-type=\"widget\" data-widget_type=\"image.default\">\n\t\t\t\t<div class=\"elementor-widget-container\">\n\t\t\t\t\t\t\t\t\t\t\t\t\t\t\t<img loading=\"lazy\" decoding=\"async\" width=\"800\" height=\"493\" src=\"https:\/\/www.visionix.com\/wp-content\/uploads\/2022\/05\/remote-demo-1024x631.jpg\" class=\"attachment-large size-large wp-image-27906\" alt=\"Il medico \u00e8 in telematica con il suo paziente.\" srcset=\"https:\/\/www.visionix.com\/wp-content\/uploads\/2022\/05\/remote-demo-1024x631.jpg 1024w, https:\/\/www.visionix.com\/wp-content\/uploads\/2022\/05\/remote-demo-300x185.jpg 300w, https:\/\/www.visionix.com\/wp-content\/uploads\/2022\/05\/remote-demo-768x473.jpg 768w, https:\/\/www.visionix.com\/wp-content\/uploads\/2022\/05\/remote-demo-600x370.jpg 600w, https:\/\/www.visionix.com\/wp-content\/uploads\/2022\/05\/remote-demo.jpg 1083w\" sizes=\"(max-width: 800px) 100vw, 800px\" \/>\t\t\t\t\t\t\t\t\t\t\t\t\t\t\t<\/div>\n\t\t\t\t<\/div>\n\t\t\t\t\t<\/div>\n\t\t<\/div>\n\t\t\t\t\t<\/div>\n\t\t<\/section>\n\t\t\t\t<section class=\"elementor-section elementor-top-section elementor-element elementor-element-5adf9cf elementor-section-boxed elementor-section-height-default elementor-section-height-default\" data-id=\"5adf9cf\" data-element_type=\"section\" data-e-type=\"section\">\n\t\t\t\t\t\t<div class=\"elementor-container elementor-column-gap-default\">\n\t\t\t\t\t<div class=\"elementor-column elementor-col-50 elementor-top-column elementor-element elementor-element-c9206e8\" data-id=\"c9206e8\" data-element_type=\"column\" data-e-type=\"column\">\n\t\t\t<div class=\"elementor-widget-wrap elementor-element-populated\">\n\t\t\t\t\t\t<div class=\"elementor-element elementor-element-d57a694 elementor-widget elementor-widget-image\" data-id=\"d57a694\" data-element_type=\"widget\" data-e-type=\"widget\" data-widget_type=\"image.default\">\n\t\t\t\t<div class=\"elementor-widget-container\">\n\t\t\t\t\t\t\t\t\t\t\t\t\t\t\t<img loading=\"lazy\" decoding=\"async\" width=\"800\" height=\"800\" src=\"https:\/\/www.visionix.com\/wp-content\/uploads\/2022\/03\/Telehealth-team-1024x1024.png\" class=\"attachment-large size-large wp-image-14270\" alt=\"\" srcset=\"https:\/\/www.visionix.com\/wp-content\/uploads\/2022\/03\/Telehealth-team-1024x1024.png 1024w, https:\/\/www.visionix.com\/wp-content\/uploads\/2022\/03\/Telehealth-team-300x300.png 300w, https:\/\/www.visionix.com\/wp-content\/uploads\/2022\/03\/Telehealth-team-150x150.png 150w, https:\/\/www.visionix.com\/wp-content\/uploads\/2022\/03\/Telehealth-team-768x768.png 768w, https:\/\/www.visionix.com\/wp-content\/uploads\/2022\/03\/Telehealth-team-1536x1536.png 1536w, https:\/\/www.visionix.com\/wp-content\/uploads\/2022\/03\/Telehealth-team-32x32.png 32w, https:\/\/www.visionix.com\/wp-content\/uploads\/2022\/03\/Telehealth-team-600x600.png 600w, https:\/\/www.visionix.com\/wp-content\/uploads\/2022\/03\/Telehealth-team-100x100.png 100w, https:\/\/www.visionix.com\/wp-content\/uploads\/2022\/03\/Telehealth-team.png 1875w\" sizes=\"(max-width: 800px) 100vw, 800px\" \/>\t\t\t\t\t\t\t\t\t\t\t\t\t\t\t<\/div>\n\t\t\t\t<\/div>\n\t\t\t\t\t<\/div>\n\t\t<\/div>\n\t\t\t\t<div class=\"elementor-column elementor-col-50 elementor-top-column elementor-element elementor-element-d28ac7b\" data-id=\"d28ac7b\" data-element_type=\"column\" data-e-type=\"column\">\n\t\t\t<div class=\"elementor-widget-wrap elementor-element-populated\">\n\t\t\t\t\t\t<div class=\"elementor-element elementor-element-53b79b1 elementor-widget elementor-widget-text-editor\" data-id=\"53b79b1\" data-element_type=\"widget\" data-e-type=\"widget\" data-widget_type=\"text-editor.default\">\n\t\t\t\t<div class=\"elementor-widget-container\">\n\t\t\t\t\t\t\t\t\tGrazie alla piattaforma integrata di Visionix ,se un medico desidera controllare nuovamente i risultati di refrazione pu\u00f2 collegarsi in remoto con Eye Refract. Oltre a consultare i dati di refrazione, il medico oculiesta pu\u00f2 integrarli con i dati rilevati con l\u2019 OCT, degli imaging retinici, della tonometria, della lampada a fessura con fotocamera digitale e della meibografia. In questo modo, rispetto a un tradizionale esame oculistico, la valutazione del paziente compie un grande salto di qualit\u00e0.\t\t\t\t\t\t\t\t<\/div>\n\t\t\t\t<\/div>\n\t\t\t\t<div class=\"elementor-element elementor-element-feec9dd elementor-widget elementor-widget-button\" data-id=\"feec9dd\" data-element_type=\"widget\" data-e-type=\"widget\" data-widget_type=\"button.default\">\n\t\t\t\t<div class=\"elementor-widget-container\">\n\t\t\t\t\t\t\t\t\t<div class=\"elementor-button-wrapper\">\n\t\t\t\t\t<a class=\"elementor-button elementor-button-link elementor-size-sm\" href=\"https:\/\/www.visionix.com\/it\/contact\/\">\n\t\t\t\t\t\t<span class=\"elementor-button-content-wrapper\">\n\t\t\t\t\t\t\t\t\t<span class=\"elementor-button-text\">Parla con un esperto<\/span>\n\t\t\t\t\t<\/span>\n\t\t\t\t\t<\/a>\n\t\t\t\t<\/div>\n\t\t\t\t\t\t\t\t<\/div>\n\t\t\t\t<\/div>\n\t\t\t\t\t<\/div>\n\t\t<\/div>\n\t\t\t\t\t<\/div>\n\t\t<\/section>\n\t\t\t\t<\/div>\n\t\t","protected":false},"excerpt":{"rendered":"<p>La grande distribuzione nell\u2019ottica Fai crescere il tuo brand grazie ad una refrazione di qualit\u00e0 Le nostre apparecchiature sono facili da utilizzare e permettono di standardizzare una refrazione di qualit\u00e0. L\u2019utilizzo di nuove tecnologie consentir\u00e0 di incrementare il numero di punti vendita e di far lavorare le tue attivit\u00e0 in modo pi\u00f9 efficiente. Le tecnologie [&hellip;]<\/p>\n","protected":false},"author":1,"featured_media":0,"parent":30656,"menu_order":0,"comment_status":"closed","ping_status":"closed","template":"","meta":{"_acf_changed":false,"content-type":"","footnotes":""},"class_list":["post-30657","page","type-page","status-publish","hentry"],"acf":[],"_links":{"self":[{"href":"https:\/\/www.visionix.com\/it\/wp-json\/wp\/v2\/pages\/30657","targetHints":{"allow":["GET"]}}],"collection":[{"href":"https:\/\/www.visionix.com\/it\/wp-json\/wp\/v2\/pages"}],"about":[{"href":"https:\/\/www.visionix.com\/it\/wp-json\/wp\/v2\/types\/page"}],"author":[{"embeddable":true,"href":"https:\/\/www.visionix.com\/it\/wp-json\/wp\/v2\/users\/1"}],"replies":[{"embeddable":true,"href":"https:\/\/www.visionix.com\/it\/wp-json\/wp\/v2\/comments?post=30657"}],"version-history":[{"count":10,"href":"https:\/\/www.visionix.com\/it\/wp-json\/wp\/v2\/pages\/30657\/revisions"}],"predecessor-version":[{"id":47321,"href":"https:\/\/www.visionix.com\/it\/wp-json\/wp\/v2\/pages\/30657\/revisions\/47321"}],"up":[{"embeddable":true,"href":"https:\/\/www.visionix.com\/it\/wp-json\/wp\/v2\/pages\/30656"}],"wp:attachment":[{"href":"https:\/\/www.visionix.com\/it\/wp-json\/wp\/v2\/media?parent=30657"}],"curies":[{"name":"wp","href":"https:\/\/api.w.org\/{rel}","templated":true}]}}