{"id":12745,"date":"2022-02-04T13:52:11","date_gmt":"2022-02-04T12:52:11","guid":{"rendered":"https:\/\/www.visionix.com\/politique-de-confidentialite\/"},"modified":"2022-07-12T11:37:31","modified_gmt":"2022-07-12T09:37:31","slug":"politica-della-privacy","status":"publish","type":"page","link":"https:\/\/www.visionix.com\/it\/politica-della-privacy\/","title":{"rendered":"Politica della privacy"},"content":{"rendered":"\t\t<div data-elementor-type=\"wp-page\" data-elementor-id=\"12745\" class=\"elementor elementor-12745 elementor-3\" data-elementor-post-type=\"page\">\n\t\t\t\t\t\t<section class=\"elementor-section elementor-top-section elementor-element elementor-element-7d8b7e8 elementor-section-boxed elementor-section-height-default elementor-section-height-default\" data-id=\"7d8b7e8\" data-element_type=\"section\" data-e-type=\"section\">\n\t\t\t\t\t\t<div class=\"elementor-container elementor-column-gap-default\">\n\t\t\t\t\t<div class=\"elementor-column elementor-col-100 elementor-top-column elementor-element elementor-element-8a8e844\" data-id=\"8a8e844\" data-element_type=\"column\" data-e-type=\"column\">\n\t\t\t<div class=\"elementor-widget-wrap elementor-element-populated\">\n\t\t\t\t\t\t<div class=\"elementor-element elementor-element-13156a0 elementor-widget elementor-widget-heading\" data-id=\"13156a0\" data-element_type=\"widget\" data-e-type=\"widget\" data-widget_type=\"heading.default\">\n\t\t\t\t<div class=\"elementor-widget-container\">\n\t\t\t\t\t<h1 class=\"elementor-heading-title elementor-size-default\">Condizioni generali di utilizzo<\/h1>\t\t\t\t<\/div>\n\t\t\t\t<\/div>\n\t\t\t\t\t<\/div>\n\t\t<\/div>\n\t\t\t\t\t<\/div>\n\t\t<\/section>\n\t\t\t\t<section class=\"elementor-section elementor-top-section elementor-element elementor-element-19d60fb7 elementor-section-boxed elementor-section-height-default elementor-section-height-default\" data-id=\"19d60fb7\" data-element_type=\"section\" data-e-type=\"section\">\n\t\t\t\t\t\t<div class=\"elementor-container elementor-column-gap-default\">\n\t\t\t\t\t<div class=\"elementor-column elementor-col-100 elementor-top-column elementor-element elementor-element-40e08dae\" data-id=\"40e08dae\" data-element_type=\"column\" data-e-type=\"column\">\n\t\t\t<div class=\"elementor-widget-wrap elementor-element-populated\">\n\t\t\t\t\t\t<div class=\"elementor-element elementor-element-47e9ca2b elementor-widget elementor-widget-text-editor\" data-id=\"47e9ca2b\" data-element_type=\"widget\" data-e-type=\"widget\" data-widget_type=\"text-editor.default\">\n\t\t\t\t<div class=\"elementor-widget-container\">\n\t\t\t\t\t\t\t\t\t<p><strong>Crediti<\/strong><\/p><p>Progettazione e sviluppo grafico : <a href=\"https:\/\/www.lepavillonrouge.com\/\" target=\"_blank\" rel=\"noopener\">Agenzia digitale Le Pavillon Rouge &#8211; lepavillonrouge.com<\/a><br \/>Design: <a href=\"https:\/\/www.jubyl.com\/\" target=\"_blank\" rel=\"noopener\">jubyl.com<\/a><br \/>Crediti fotografici: Fotolia, Pixabay, Eric Bienvenu, David Morganti<\/p><p><strong>Condizioni generali di utilizzo<\/strong><\/p><p>La pubblicazione del sito Web\u00a0<a href=\"https:\/\/luneautech.fr\/\" target=\"_blank\" rel=\"noopener\">visionix.<\/a><u>it\u00a0<\/u>(concezione e sviluppo\u00a0<strong>Denis Regoin<\/strong>) \u00e8 destinata a fornire informazioni per uso personale ai suoi utenti. L\u2019utilizzo del sito \u00e8 subordinato al rispetto delle condizioni generali di accesso e utilizzo specificate oltre e dall\u2019insieme delle leggi applicabili. L\u2019accesso, la navigazione e l\u2019utilizzo del sito comportano l\u2019accettazione senza riserve delle Condizioni generali che prevalgono su qualsiasi altro accordo che l\u2019utente possa aver stipulato con VISIONIX ITALIA S.R.L. L\u2019hosting del sito ha sede in Francia e il sito \u00e8 soggetto alle disposizioni applicabili della legge francese.<\/p><p><strong>1 \u2013 Informazioni amministrative<\/strong><\/p><p><strong>Ragione sociale<\/strong><\/p><p><strong>VISIONIX ITALIA S.R.L<br \/><\/strong>Via Zante, 14<strong><br \/><\/strong>20138 \u2013 MILANO<strong><br \/><\/strong>CF\/P.iva13380370158<\/p><p>Presidente: Marc Abitbol<br \/>Tel.: (02 55413251\/271)<strong><br \/><\/strong>Email:\u00a0<a href=\"mailto:contact@luneautech.com\">contact@visionix.com<\/a><\/p><p><strong>Responsabile della pubblicazione e responsabile editoriale<\/strong><\/p><p>Garantita da Patricia Peley<br \/>Tel.: (33) 2 32 98 91 32<br \/>Email:<a href=\"https:\/\/luneautech.it\/condizioni-generali-di-utilizzo\/e.salefran@luneautech.com\" target=\"_blank\" rel=\"noopener\">contact@visionix.com<br \/><\/a><em>Per suggerimenti, informazioni, critiche riguardanti questo sito non esitate a scriverci.<\/em><\/p><p><strong>Sviluppo<\/strong><\/p><p><a href=\"http:\/\/regoin.com\/\" target=\"_blank\" rel=\"noopener\">Regoin.com<\/a><br \/>Denis Regoin \u2013 Cr\u00e9ation Graphique PRINT \u2022 WEB \u2022 VID\u00c9O \u2013\u00a0<a href=\"http:\/\/regoin.com\/\" target=\"_blank\" rel=\"noopener\">regoin.com<\/a><\/p><p><strong>Hosting<\/strong><\/p><p>Alterway<br \/>Sede sociale: Bat D, 1 Rue Royale, 92210 Saint-Cloud\u00a0<a href=\"https:\/\/www.google.fr\/url?sa=t&amp;rct=j&amp;url=http:\/\/www.alterway.fr\/&amp;source=maps&amp;cd=1&amp;usg=AFQjCNHS1Vq9D8ynM8h6ehbm0Btq0i0nmg&amp;sig2=v7ZMjbiTWT_r0laqEd39Gg&amp;ved=1t:3443,p:ekzSWLupDIq5aueFoOAH\" target=\"_blank\" rel=\"noopener\">alterway.fr<\/a>\u00a0\u2013 (33)1 41 16 34 95<\/p><p><strong>2 \u2013 Protezione dei dati personali<\/strong><\/p><p>Ai sensi della legge francese \u201cInformatique et Libert\u00e9s\u201d n. 78-17 del 6 gennaio 1978, tutti i dati informatici che riguardano gli utenti di questo sito sono trattati in modo strettamente confidenziale. Gli utenti detengono un diritto di accesso, rettifica e opposizione su questi dati personali (art.34 della legge \u201cInformatique et Libert\u00e9s\u201d). Gli utenti possono esercitare questo diritto on-line in qualsiasi momento inoltrando un messaggio di posta elettronica a:\u00a0<a href=\"https:\/\/luneautech.it\/condizioni-generali-di-utilizzo\/contact@luneautech.com\" target=\"_blank\" rel=\"noopener\">contact@visionix.com<\/a>\u00a0La modifica verr\u00e0 apportata in tempi ragionevoli a far data dalla richiesta dell\u2019utente.<\/p><p>Le informazioni che ci vengono conferite provengono dalla registrazione volontaria di un indirizzo mail fornito dall\u2019internauta che gli consente di ricevere documentazione o un preventivo, di ottenere informazioni su un argomento qualunque o di inoltrare un ordine. Tali informazioni non sono mai comunicate a terzi. Riguardo alle informazioni nominative eventuali diffuse sul sito: le persone interessate sono state informate dei loro diritti.<br \/>Diritto di accesso, rettifica e cancellazione<\/p><p>Gli articoli 26, 34-38 della legge francese \u201cInformatique et libert\u00e9s\u201d del 6 gennaio 1978 e successive modifiche, consentono di esercitare i propri diritti in qualsiasi momento.<\/p><p>Il nuovo\u00a0<u><a href=\"https:\/\/www.cnil.fr\/fr\/reglement-europeen-protection-donnees\" target=\"_blank\" rel=\"noopener\">regolamento europeo sulla protezione dei dati personali<\/a><\/u>\u00a0\u00e8 entrato in vigore il 25\u00a0maggio 2018. Cfr. la nostra politica di confidenzialit\u00e0.<\/p><p><strong>3 \u2013 Diritti d\u2019autore<\/strong><\/p><p>Tutti gli elementi di questo sito Internet (inclusi testi, grafica, loghi, suoni, foto, animazioni) sono di propriet\u00e0 di VISIONIX ITALIA S.R.L France, ad eccezione degli elementi afferenti a partner commerciali di VISIONIX ITALIA S.R.L France.<\/p><p>Gli elementi di propriet\u00e0 di VISIONIX ITALIA S.R.L France, e a maggior ragione l\u2019elaborazione e la codifica che ne risulta, sono di propriet\u00e0 esclusiva di VISIONIX ITALIA S.R.L France. Il sito nella sua interezza rientra nell\u2019ambito della normativa francese e internazionale sul diritto di autore e sulla propriet\u00e0 intellettuale ai sensi dell\u2019articolo L 122-4 del codice della propriet\u00e0 intellettuale.<\/p><p>Qualsiasi rappresentazione, riproduzione, modifica, uso commerciale, nonch\u00e9 qualsiasi trasferimento verso un altro sito sono vietati, tranne nel caso di esplicita autorizzazione da richiedersi per posta all\u2019indirizzo indicato sopra. \u00c8 autorizzato solo l\u2019utilizzo a scopi strettamente personali.<\/p><p>I marchi \u00abVisionix, Briot, Weco Canon Haag Streit\u00bb sono registrati. Chiunque utilizzi il marchio in parte o nella sua interezza senza autorizzazione \u00e8 soggetto a sanzioni in base al codice della propriet\u00e0 intellettuale. (Sanzioni applicabili in materia di reati di contraffazione conformemente all\u2019articolo L 355-2 del codice di propriet\u00e0 intellettuale).<\/p><p><strong>4 \u2013 Dichiarazione\u00a0Garante per la protezione dei dati personali<\/strong><\/p><p>Il sito\u00a0<u>www.visionix.it<\/u>\u00a0sar\u00e0 oggetto di una dichiarazione preliminare alla Dichiarazione Garante per la protezione dei dati personali.<\/p><p><strong>5 \u2013 Collegamenti ipertestuali: responsabilit\u00e0<\/strong><\/p><p>La creazione di link che rimandino al nostro sito sono subordinati all\u2019autorizzazione di VISIONIX ITALIA S.R.L (da richiedersi a\u00a0<a href=\"mailto:contact@luneautech.com\">contact@visionix.com<\/a>)<\/p><p><strong>6 \u2013 Cookie<\/strong><\/p><p>Gli utenti devono essere consapevoli che la navigazione del sito potrebbe comportare l\u2019installazione automatica di un cookie nel loro browser. Il cookie non consente di identificare l\u2019utente, ma serve a registrare informazioni relative alla navigazione di quest\u2019ultimo sul sito. I cookie consentono di analizzare gli accessi in termini indici di frequentazione e di audience al fine di migliorare la qualit\u00e0 del sito. Le impostazioni del browser consentono di segnalare la presenza del cookie ed eventualmente rifiutarlo.<\/p><p><strong>7\u00a0\u2013\u00a0Newsletter<\/strong><\/p><p>Chiunque ha la facolt\u00e0 di iscriversi alla newsletter gratuita di BRIOT e al feed RSS presente in diverse sezioni del sito. Iscrivendosi l\u2019utente accetta di ricevere regolarmente e tramite posta elettronica le ultime novit\u00e0 riguardanti la societ\u00e0. \u00c8 possibile annullare l\u2019abbonamento in qualsiasi momento selezionando l\u2019apposito link.<\/p><p><strong>8 \u2013 Avvertenza<\/strong><\/p><p>Le informazioni fornite da VISIONIX ITALIA S.R.L su questo sito intendono essere utili e informative.<br \/>Nonostante le numerose verifiche, VISIONIX ITALIA S.R.L non ne garantisce l\u2019esattezza e non potr\u00e0 essere ritenuta in alcun modo responsabile di danni diretti o indiretti che potrebbero derivare dall\u2019utilizzo di queste informazioni. VISIONIX ITALIA S.R.L declina inoltre qualsiasi responsabilit\u00e0 derivante dal contenuto e relativa alla precisione delle informazioni contenute nei siti accessibili tramite i collegamenti ipertestuali presenti sul sito di VISIONIX ITALIA S.R.L.<br \/>Data dell\u2019ultimo aggiornamento delle diciture di legge: 31\/10\/18<\/p><p><strong>9 \u2013 Modifiche e aggiornamenti<\/strong><\/p><p>VISIONIX ITALIA S.R.L si riserva il diritto di modificare le informazioni che figurano nel presente sito Internet, in particolare relativamente alle caratteristiche tecniche dei dispositivi presentati, in qualsiasi momento, senza preavviso, tenendo conto dell\u2019interattivit\u00e0 del sito, senza che questo chiami in causa la responsabilit\u00e0 di VISIONIX ITALIA S.R.L o dei suoi dipendenti.<\/p><p>VISIONIX ITALIA S.R.L si riserva inoltre il diritto di modificare e aggiornare in qualsiasi momento l\u2019accesso al sito nonch\u00e9 le Condizioni generali. Queste modifiche e aggiornamenti sono vincolanti per l\u2019utente, il quale deve quindi consultare regolarmente questa sezione per verificare le Condizioni Generali di Utilizzo in vigore.<\/p><p>In caso di domande o reclami su questo sito web, vi preghiamo di inviare un\u2019e-mail al seguente indirizzo:\u00a0<a href=\"mailto:contact@luneautech.com\">contact@visionix.com<\/a><\/p><p><strong>10 \u2013 Crediti<\/strong><\/p><p>Eric Bienvenu, fotografie<br \/>Kosept, grafica<br \/>Free Lance, grafica.\u00a0<a href=\"http:\/\/www.audelaurent-freelance.com\/\" target=\"_blank\" rel=\"noopener\">www.audelaurent-freelance.com<br \/><\/a><a href=\"http:\/\/regoin.com\/\" target=\"_blank\" rel=\"noopener\">Regoin.com<\/a>, Denis Regoin WebDesign<br \/>Quentin Salley, video<br \/>Extreme Design, video\u00a0<a href=\"http:\/\/www.extreme.fr\/\" target=\"_blank\" rel=\"noopener\">www.extreme.fr<br \/><\/a>Crediti fotografie: Fotolia, Pixabay.<\/p><h1><strong>Politica di riservatezza<\/strong><\/h1><p>La normativa GDPR (General Data Protection Regulation, Regolamento generale sulla protezione dei dati) \u00e8 entrata in vigore in tutti gli stati membri dell\u2019UE il 25 maggio 2018.<\/p><p>Il sito Internet visionix.it consente di mettere in comunicazione gli internauti (clienti o potenziali clienti) con la filiale Italiase del gruppo VISIONIX, VISIONIX ITALIA S.R.L, in particolare attraverso richieste di preventivi, richieste di contatto e richieste di contatto telefonico.<\/p><p>Per ottenere una risposta, il cliente\/potenziale cliente deve comunicare i suoi dati personali che vengono raccolti, elaborati e protetti in conformit\u00e0 alla presente Politica di riservatezza.<\/p><p>L\u2019azienda \u00e8 attenta alla tutela della privacy e dei dati personali dei clienti\/potenziali clienti e si impegna a rispettare la normativa vigente.<\/p><ol><li><strong>Dati personali relativi ai clienti\/potenziali clienti<\/strong><\/li><li><strong>A) Quali dati personali vengono raccolti e perch\u00e9?<\/strong><\/li><li><strong>a) Creazione di un account:<\/strong><\/li><\/ol><p>Il cliente\/potenziale cliente potr\u00e0 creare un account per accedere al proprio spazio personale comunicando\u00a0<strong>obbligatoriamente<\/strong>\u00a0il suo indirizzo e-mail, password, nome, cognome, societ\u00e0, citt\u00e0, numero di telefono, nome dell\u2019azienda, tipo di societ\u00e0.\u00a0 La password \u00e8 criptata e VISIONIX ITALIA S.R.L Italia non ne \u00e8 a conoscenza.<\/p><p>L\u2019account consente al cliente\/potenziale cliente di gestire i propri dati personali e di accedere alle richieste effettuate sul sito Internet.<\/p><h3>1.\u00a0\u00a0\u00a0\u00a0\u00a0 <strong>b) Moduli:<\/strong><\/h3><h4><strong>Modulo di richiesta \u201cRichiedi un preventivo\u201d:<\/strong><\/h4><p><strong>Informazioni obbligatorie<\/strong>: le informazioni richieste al cliente\/potenziale cliente nel modulo di richiesta \u201cRichiedi preventivo\u201d sono le seguenti: nome, cognome, indirizzo, indirizzo e-mail, numero di telefono, codice postale, citt\u00e0, tipo di cliente\/potenziale cliente (oculista, ottico, optometrista), ragione sociale.<\/p><p>L\u2019azienda raccoglie anche i seguenti dati:<\/p><ul><li>ID cliente\/potenziale cliente<\/li><li>Data di creazione e data di invio della richiesta<\/li><li>Area di interesse<\/li><\/ul><h4><strong>Modulo \u201cRichiesta di contatto\u201d:<\/strong><\/h4><p>Le informazioni che il cliente\/potenziale cliente deve fornire obbligatoriamente nel modulo di richiesta di contatto sono: Tipo di contatto, reparto, professione, nome, e-mail, numero di telefono e contenuto della richiesta. Questi dati non vengono memorizzati o rielaborati e vengono utilizzati al solo fine di rispondere alle richieste del cliente\/potenziale cliente.<\/p><h4><strong>Modulo di richiesta di chiamata immediata:<\/strong><\/h4><p>Le informazioni richieste al cliente\/potenziale cliente sul modulo di richiesta di chiamata immediata sono: reparto, professione, nome, numero di telefono e messaggio.<br \/>Questi dati non vengono memorizzati o rielaborati e vengono utilizzati al solo fine di rispondere alle richieste del cliente\/potenziale cliente.<\/p><p><strong>Finalit\u00e0<\/strong>: il conferimento di questi dati personali da parte del cliente\/potenziale cliente \u00e8 obbligatorio per consentire all\u2019azienda di rispondere alle richieste di preventivi, consulenze tecniche, chiamate o informazioni.<\/p><p>I dati personali derivanti dalla creazione di un account e dalle richieste di preventivo consentono inoltre all\u2019azienda di gestire l\u2019archivio clienti potenziali, di verificare l\u2019andamento del rapporto con i clienti\/potenziali clienti ed eventualmente di adempiere agli obblighi di legge.<\/p><p>I dati raccolti durante il processo di creazione dell\u2019account consentono al cliente\/potenziale cliente di creare e gestire il proprio account.<\/p><p>Nel caso in cui il professionista non desideri fornire le informazioni obbligatorie, non potr\u00e0 formulare una richiesta, ricevere informazioni o creare un account.<\/p><ol><li><strong>B) Come sono trattati i dati personali?<\/strong><\/li><\/ol><p>I dati personali sono oggetto di un trattamento informatico da parte della societ\u00e0<\/p><p>VISIONIX ITALIA S.R.L Italia si impegna a non utilizzarli in nessun altro contesto, n\u00e9 a trasmetterli a terzi, salvo quanto qui di seguito previsto o in virt\u00f9 di un consenso esplicito da parte del cliente\/potenziale cliente interessato.<\/p><p><strong>Destinatari<\/strong>: nel rispetto delle finalit\u00e0 sopraesposte, i dati personali del cliente\/potenziale cliente sono trasmessi al commerciale o al tecnico competente a rispondere alle richieste presentate, nonch\u00e9 all\u2019ufficio amministrativo incaricato di rispondere alle richieste di preventivo formulate.<\/p><p><strong>Subappaltatori<\/strong>: i dati personali possono essere comunicati a terzi (dipendenti, affiliati o fornitori) solo previo consenso esplicito delle parti per le finalit\u00e0 di cui sopra e per scopi informativi.\u00a0 VISIONIX ITALIA S.R.L adotta tutte le misure necessarie per richiedere a tali\u00a0 destinatari di conformarsi alle normative applicabili. I fornitori sono autorizzati a trattare i dati personali solo su indicazione di VISIONIX ITALIA S.R.L Italia.<\/p><p><strong>Conservazione e archiviazione<\/strong>: i dati personali relativi ai clienti\/potenziali clienti sono conservati ai fini della gestione del dossier e, se del caso, a fini di indagine, per un periodo di 3 anni e sono archiviati per un periodo massimo di 5 anni, necessario per il riconoscimento, l\u2019esercizio o la difesa di un diritto legale (termine di prescrizione).<\/p><p>Il periodo decorre dalla data di cessazione del rapporto tra il cliente\/potenziale cliente e VISIONIX ITALIA S.R.L Italia, rispettivamente, e in particolare dalla data dell\u2019ultima richiesta o contatto o, in caso di creazione di un account, dalla data di cancellazione dell\u2019account.<\/p><p>VISIONIX ITALIA S.R.L Italia garantir\u00e0 che tali dati personali siano conservati e archiviati in condizioni di sicurezza adeguate, in conformit\u00e0 con le disposizioni applicabili, in base agli attuali mezzi tecnici.<\/p><ol><li><strong>C) Quali sono i diritti sui dati personali comunicati?<\/strong><\/li><\/ol><p>Chiunque abbia comunicato i propri dati personali a VISIONIX ITALIA S.R.L Italia pu\u00f2 esercitare i seguenti diritti su di essi:<\/p><ul><li>Diritto di accesso e di rettifica;<\/li><li>Diritto di cancellazione dei dati (\u201cdiritto all\u2019oblio\u201d), diritto di limitare il trattamento e diritto di opposizione al trattamento nei casi previsti dalla normativa vigente.<br \/>Inoltre, ai sensi degli articoli L223-1 e seguenti del Codice del Consumo Italiase, ogni cliente\/potenziale cliente che sia un consumatore ha il diritto di iscriversi al registro pubblico delle opposizioni;<\/li><li>Diritto di stabilire direttive sul destino dei propri dati personali dopo la morte;<\/li><li>Diritto alla portabilit\u00e0 dei dati grezzi forniti all\u2019editore;<\/li><li>Diritto di presentare un reclamo all\u2019autorit\u00e0 competente (in particolare alla CNIL in Francia).<\/li><\/ul><p>Tali diritti possono essere esercitati per posta elettronica al seguente indirizzo\u00a0<u>privacy@visionix.com<\/u>\u00a0o per posta ordinaria all\u2019indirizzo della sede sociale dell\u2019azienda. Luneau SAS \u2013 1, avenue de Malaguet \u2013 28360 Prunay-le-Gillon.<\/p><p>Tali diritti devono essere esercitati alle condizioni previste dalla normativa vigente. In particolare, sar\u00e0 richiesta la copia di un documento di identit\u00e0 del richiedente al fine di provare la sua identit\u00e0 presso l\u2019azienda, per evitare qualsiasi accesso non autorizzato ai dati personali in questione.<\/p><ol><li><strong>Newsletter<\/strong><\/li><\/ol><p>I dati personali forniti dal cliente\/potenziale cliente possono essere utilizzati da VISIONIX ITALIA S.R.L Italia anche per inviare a questi ultimi e-mail informative riguardanti l\u2019azienda, le sue attivit\u00e0, i suoi prodotti o servizi.<\/p><p>Chiunque ha il diritto di opporsi in qualsiasi momento al ricevimento di e-mail informative provenienti da VISIONIX ITALIA S.R.L Italia.<\/p><h3><strong>III. Cookie<\/strong><\/h3><p>Un \u201ccookie\u201d \u00e8 un piccolo file di testo inviato al browser dell\u2019utente e memorizzato sul terminale dell\u2019utente (ad es. computer, smartphone), (di seguito \u201cCookie\u201d). Questo file include informazioni quali il nome del dominio dell\u2019utente, il provider di servizi Internet dell\u2019utente, il sistema operativo dell\u2019utente, la data e l\u2019ora di accesso. I cookie non rischiano di danneggiare in alcun modo il terminale dell\u2019utente.<\/p><p><a href=\"http:\/\/www.luneautech.fr\/\" target=\"_blank\" rel=\"noopener\">https:\/\/www.visionix.it\/<\/a>\u00a0\u00e8 potenzialmente in grado di trattare le informazioni dell\u2019utente relative alla sua visita al sito, quali le pagine consultate e le ricerche effettuate. Queste informazioni consentono a\u00a0<a href=\"http:\/\/www.luneautech.fr\/\" target=\"_blank\" rel=\"noopener\">https:\/\/www.visionix.it\/<\/a>\u00a0di migliorare il contenuto del sito e la navigazione dell\u2019utente.<\/p><p>I cookie agevolano la navigazione e\/o la fornitura dei servizi offerti dal sito, l\u2019utente pu\u00f2 configurare il proprio browser in modo da poter decidere se accettarli o meno in modo che i cookie siano memorizzati sul terminale o, al contrario, che siano rifiutati sistematicamente o in base alla loro provenienza.<\/p><p>Al momento dell\u2019accesso al sito l\u2019utente potr\u00e0 decidere se accettare o meno i cookie. Se accetta, i cookie saranno salvati sul terminale.<\/p><p>Se l\u2019utente rifiuta la registrazione dei cookie sul suo terminale o browser, viene informato che la navigazione e la sua esperienza del sito potrebbero essere limitate.<\/p><p>Infine, se l\u2019utente clicca sulle icone dedicate ai social network, Facebook, Linkedin e Google Plus che compaiono sul sito\u00a0<a href=\"http:\/\/www.luneautech.fr\/\" target=\"_blank\" rel=\"noopener\">https:\/\/www.visionix.it<\/a>\u00a0o sull\u2019applicazione mobile, e a condizione che l\u2019utente abbia accettato il rilascio di cookie continuando la navigazione sul sito o sull\u2019applicazione mobile \u00a0<a href=\"http:\/\/www.alfasec.fr\/\" target=\"_blank\" rel=\"noopener\">https:\/\/www.visionix.it\/<\/a>, anche Facebook, Youtube possono rilasciare cookie sui terminali dell\u2019utente (computer, tablet, telefono cellulare).<\/p><p>Questi tipi di cookie vengono rilasciati sui dispositivi dell\u2019utente solo con il suo consenso, se l\u2019utente prosegue la\u00a0 navigazione sul sito web o sull\u2019applicazione mobile di\u00a0<a href=\"http:\/\/www.luneautech.fr\/\" target=\"_blank\" rel=\"noopener\">https:\/\/www.visionix.it\/<\/a>. In qualsiasi momento, l\u2019utente pu\u00f2 tuttavia ritirare il proprio consenso a che\u00a0<a href=\"http:\/\/www.alfasec.fr\/\" target=\"_blank\" rel=\"noopener\">https:\/\/www.visionix.it\/.\/<\/a>\u00a0rilasci questo tipo di cookies.<\/p><h4><strong>Dati raccolti e durata di conservazione dei dati:<\/strong><\/h4><ul><li>Indirizzo IP, identificativi di terminale, identificativi di connessione, numero di visite al sito, numero di pagine visitate, url della pagina, tempo di permanenza sulla pagina, dati di localizzazione da satellite, da telefono cellulare (tempo di conservazione: illimitato).<\/li><\/ul>\t\t\t\t\t\t\t\t<\/div>\n\t\t\t\t<\/div>\n\t\t\t\t\t<\/div>\n\t\t<\/div>\n\t\t\t\t\t<\/div>\n\t\t<\/section>\n\t\t\t\t<\/div>\n\t\t","protected":false},"excerpt":{"rendered":"<p>Condizioni generali di utilizzo Crediti Progettazione e sviluppo grafico : Agenzia digitale Le Pavillon Rouge &#8211; lepavillonrouge.comDesign: jubyl.comCrediti fotografici: Fotolia, Pixabay, Eric Bienvenu, David Morganti Condizioni generali di utilizzo La pubblicazione del sito Web\u00a0visionix.it\u00a0(concezione e sviluppo\u00a0Denis Regoin) \u00e8 destinata a fornire informazioni per uso personale ai suoi utenti. L\u2019utilizzo del sito \u00e8 subordinato al rispetto [&hellip;]<\/p>\n","protected":false},"author":1,"featured_media":0,"parent":0,"menu_order":0,"comment_status":"closed","ping_status":"closed","template":"","meta":{"_acf_changed":false,"content-type":"","footnotes":""},"class_list":["post-12745","page","type-page","status-publish","hentry"],"acf":[],"_links":{"self":[{"href":"https:\/\/www.visionix.com\/it\/wp-json\/wp\/v2\/pages\/12745","targetHints":{"allow":["GET"]}}],"collection":[{"href":"https:\/\/www.visionix.com\/it\/wp-json\/wp\/v2\/pages"}],"about":[{"href":"https:\/\/www.visionix.com\/it\/wp-json\/wp\/v2\/types\/page"}],"author":[{"embeddable":true,"href":"https:\/\/www.visionix.com\/it\/wp-json\/wp\/v2\/users\/1"}],"replies":[{"embeddable":true,"href":"https:\/\/www.visionix.com\/it\/wp-json\/wp\/v2\/comments?post=12745"}],"version-history":[{"count":13,"href":"https:\/\/www.visionix.com\/it\/wp-json\/wp\/v2\/pages\/12745\/revisions"}],"predecessor-version":[{"id":30939,"href":"https:\/\/www.visionix.com\/it\/wp-json\/wp\/v2\/pages\/12745\/revisions\/30939"}],"wp:attachment":[{"href":"https:\/\/www.visionix.com\/it\/wp-json\/wp\/v2\/media?parent=12745"}],"curies":[{"name":"wp","href":"https:\/\/api.w.org\/{rel}","templated":true}]}}