{"id":77445,"date":"2026-01-08T14:12:21","date_gmt":"2026-01-08T13:12:21","guid":{"rendered":"https:\/\/www.visionix.com\/product\/visionix-vx-625\/"},"modified":"2026-01-22T11:27:53","modified_gmt":"2026-01-22T10:27:53","slug":"visionix-vx-625","status":"publish","type":"product","link":"https:\/\/www.visionix.com\/fr\/product\/visionix-vx-625\/","title":{"rendered":"Visionix VX 625"},"content":{"rendered":"<p>Il d\u00e9livre une image haute qualit\u00e9 de 176 degr\u00e9s en une seule acquisition. Con\u00e7u pour la simplicit\u00e9, le VX 625 offre l&rsquo;alignement, la mise au point et la capture automatiques, permettant une acquisition d&rsquo;image efficace et n\u00e9cessitant une formation minimale de l&rsquo;utilisateur. Un champ de vision de 220 \u00e0 260 degr\u00e9s est disponible gr\u00e2ce \u00e0 la fonction de montage.<\/p>\n","protected":false},"excerpt":{"rendered":"<p>Il d\u00e9livre une image haute qualit\u00e9 de 176 degr\u00e9s en une seule acquisition. Con\u00e7u pour la simplicit\u00e9, le VX 625 offre l&rsquo;alignement, la mise au point et la capture automatiques, permettant une acquisition d&rsquo;image efficace et n\u00e9cessitant une formation minimale de l&rsquo;utilisateur. Un champ de vision de 220 \u00e0 260 degr\u00e9s est disponible gr\u00e2ce \u00e0 la fonction de montage.<\/p>\n","protected":false},"featured_media":74386,"template":"","meta":{"_acf_changed":false,"content-type":"","footnotes":""},"pwb-brand":[509],"product_brand":[],"product_cat":[325,209],"product_tag":[],"class_list":{"0":"post-77445","1":"product","2":"type-product","3":"status-publish","4":"has-post-thumbnail","6":"pwb-brand-visionix-fr","7":"product_cat-new-products-fr","8":"product_cat-ophtalmologie-instruments","10":"first","11":"instock","12":"product-type-simple"},"acf":[],"brands":[{"id":509,"name":"Visionix","slug":"visionix-fr"}],"_links":{"self":[{"href":"https:\/\/www.visionix.com\/fr\/wp-json\/wp\/v2\/product\/77445","targetHints":{"allow":["GET"]}}],"collection":[{"href":"https:\/\/www.visionix.com\/fr\/wp-json\/wp\/v2\/product"}],"about":[{"href":"https:\/\/www.visionix.com\/fr\/wp-json\/wp\/v2\/types\/product"}],"version-history":[{"count":2,"href":"https:\/\/www.visionix.com\/fr\/wp-json\/wp\/v2\/product\/77445\/revisions"}],"predecessor-version":[{"id":77498,"href":"https:\/\/www.visionix.com\/fr\/wp-json\/wp\/v2\/product\/77445\/revisions\/77498"}],"wp:featuredmedia":[{"embeddable":true,"href":"https:\/\/www.visionix.com\/fr\/wp-json\/wp\/v2\/media\/74386"}],"wp:attachment":[{"href":"https:\/\/www.visionix.com\/fr\/wp-json\/wp\/v2\/media?parent=77445"}],"wp:term":[{"taxonomy":"pwb-brand","embeddable":true,"href":"https:\/\/www.visionix.com\/fr\/wp-json\/wp\/v2\/pwb-brand?post=77445"},{"taxonomy":"product_brand","embeddable":true,"href":"https:\/\/www.visionix.com\/fr\/wp-json\/wp\/v2\/product_brand?post=77445"},{"taxonomy":"product_cat","embeddable":true,"href":"https:\/\/www.visionix.com\/fr\/wp-json\/wp\/v2\/product_cat?post=77445"},{"taxonomy":"product_tag","embeddable":true,"href":"https:\/\/www.visionix.com\/fr\/wp-json\/wp\/v2\/product_tag?post=77445"}],"curies":[{"name":"wp","href":"https:\/\/api.w.org\/{rel}","templated":true}]}}