{"id":75967,"date":"2025-12-03T14:51:20","date_gmt":"2025-12-03T13:51:20","guid":{"rendered":"https:\/\/www.visionix.com\/?post_type=product&#038;p=75967"},"modified":"2026-02-25T14:33:11","modified_gmt":"2026-02-25T13:33:11","slug":"optovue-autofusion","status":"publish","type":"product","link":"https:\/\/www.visionix.com\/fr\/product\/optovue-autofusion\/","title":{"rendered":"OCT Optovue Autofusion"},"content":{"rendered":"<p><span dir=\"ltr\" role=\"presentation\">L\u2019Optovue Autofusion est un appareil d\u2019imagerie <\/span><span dir=\"ltr\" role=\"presentation\">enti\u00e8rement automatis\u00e9. Il combine la tomographie par <\/span><span dir=\"ltr\" role=\"presentation\">coh\u00e9rence optique (OCT) et une cam\u00e9ra haute r\u00e9solution <\/span><span dir=\"ltr\" role=\"presentation\">qui vous permettra de r\u00e9aliser des r\u00e9tinophographies non <\/span><span dir=\"ltr\" role=\"presentation\">mydriatiques ; le tout int\u00e9gr\u00e9 dans un seul syst\u00e8me. <\/span><span dir=\"ltr\" role=\"presentation\">L\u2019Optovue Autofusion est con\u00e7u pour l\u2019observation in <\/span><span dir=\"ltr\" role=\"presentation\">vivo, offrant des images et des mesures en coupe axiale <\/span><span dir=\"ltr\" role=\"presentation\">et en 3D des structures oculaires post\u00e9rieures telles <\/span><span dir=\"ltr\" role=\"presentation\">que la r\u00e9tine, la couche de fibres nerveuses r\u00e9tiniennes, <\/span><span dir=\"ltr\" role=\"presentation\">la macula et le nerf optique, ainsi que des structures <\/span><span dir=\"ltr\" role=\"presentation\">oculaires ant\u00e9rieures.<\/span><\/p>\n","protected":false},"excerpt":{"rendered":"<p data-start=\"35\" data-end=\"201\"><strong data-start=\"35\" data-end=\"201\">L\u2019Optovue Autofusion est un dispositif d\u2019imagerie enti\u00e8rement automatis\u00e9 et sans contact, qui fournit des images tomographiques et du fond d\u2019\u0153il haute r\u00e9solution.<\/strong><\/p>\n<p data-start=\"203\" data-end=\"646\" data-is-last-node=\"\" data-is-only-node=\"\">Il int\u00e8gre une cam\u00e9ra fond d\u2019\u0153il num\u00e9rique non mydriatique et dispose d\u2019un syst\u00e8me d\u2019exploitation int\u00e9gr\u00e9.<br data-start=\"309\" data-end=\"312\" \/>L\u2019Optovue Autofusion est con\u00e7u pour l\u2019examen in vivo, offrant des images axiales en coupe transversale et en 3D, ainsi que des mesures des structures oculaires post\u00e9rieures telles que la r\u00e9tine, la couche de fibres nerveuses r\u00e9tiniennes, la macula et la t\u00eate du nerf optique, ainsi que l\u2019imagerie des structures oculaires ant\u00e9rieures.<\/p>\n","protected":false},"featured_media":76021,"template":"","meta":{"_acf_changed":false,"content-type":"","footnotes":""},"pwb-brand":[],"product_brand":[],"product_cat":[325,209,183,184],"product_tag":[],"class_list":{"0":"post-75967","1":"product","2":"type-product","3":"status-publish","4":"has-post-thumbnail","6":"product_cat-new-products-fr","7":"product_cat-ophtalmologie-instruments","8":"product_cat-optique-equipement","9":"product_cat-orthoptie-instrument","11":"first","12":"instock","13":"product-type-simple"},"acf":[],"brands":[],"_links":{"self":[{"href":"https:\/\/www.visionix.com\/fr\/wp-json\/wp\/v2\/product\/75967","targetHints":{"allow":["GET"]}}],"collection":[{"href":"https:\/\/www.visionix.com\/fr\/wp-json\/wp\/v2\/product"}],"about":[{"href":"https:\/\/www.visionix.com\/fr\/wp-json\/wp\/v2\/types\/product"}],"version-history":[{"count":6,"href":"https:\/\/www.visionix.com\/fr\/wp-json\/wp\/v2\/product\/75967\/revisions"}],"predecessor-version":[{"id":77733,"href":"https:\/\/www.visionix.com\/fr\/wp-json\/wp\/v2\/product\/75967\/revisions\/77733"}],"wp:featuredmedia":[{"embeddable":true,"href":"https:\/\/www.visionix.com\/fr\/wp-json\/wp\/v2\/media\/76021"}],"wp:attachment":[{"href":"https:\/\/www.visionix.com\/fr\/wp-json\/wp\/v2\/media?parent=75967"}],"wp:term":[{"taxonomy":"pwb-brand","embeddable":true,"href":"https:\/\/www.visionix.com\/fr\/wp-json\/wp\/v2\/pwb-brand?post=75967"},{"taxonomy":"product_brand","embeddable":true,"href":"https:\/\/www.visionix.com\/fr\/wp-json\/wp\/v2\/product_brand?post=75967"},{"taxonomy":"product_cat","embeddable":true,"href":"https:\/\/www.visionix.com\/fr\/wp-json\/wp\/v2\/product_cat?post=75967"},{"taxonomy":"product_tag","embeddable":true,"href":"https:\/\/www.visionix.com\/fr\/wp-json\/wp\/v2\/product_tag?post=75967"}],"curies":[{"name":"wp","href":"https:\/\/api.w.org\/{rel}","templated":true}]}}