{"id":74085,"date":"2024-10-11T15:38:44","date_gmt":"2024-10-11T13:38:44","guid":{"rendered":"https:\/\/www.visionix.com\/product\/vx-210-2\/"},"modified":"2025-09-04T15:58:56","modified_gmt":"2025-09-04T13:58:56","slug":"vx-210-2","status":"publish","type":"product","link":"https:\/\/www.visionix.com\/fr\/product\/vx-210-2\/","title":{"rendered":"VX 210"},"content":{"rendered":"<p>Le VX210 combine la topographie par r\u00e9flexion optique avec un disque de Placido et la tomographie Scheimpflug du segment ant\u00e9rieur. L\u2019appareil fournit des donn\u00e9es de pachym\u00e9trie, d\u2019\u00e9l\u00e9vation, de courbure et de puissance dioptrique pour les deux surfaces corn\u00e9ennes sur un diam\u00e8tre de 12 mm.<br data-start=\"413\" data-end=\"416\" \/>Toutes les mesures biom\u00e9triques de la chambre ant\u00e9rieure sont calcul\u00e9es de jusqu\u2019\u00e0 100 sections corn\u00e9ennes haute r\u00e9solution. La vitesse d\u2019acquisition remarquable r\u00e9duit les artefacts li\u00e9s aux mouvements, garantissant des mesures d\u2019une grande pr\u00e9cision.<\/p>\n","protected":false},"excerpt":{"rendered":"<p>Le VX210 combine la topographie par r\u00e9flexion optique avec un disque de Placido et la tomographie Scheimpflug du segment ant\u00e9rieur. L\u2019appareil fournit des donn\u00e9es de pachym\u00e9trie, d\u2019\u00e9l\u00e9vation, de courbure et de puissance dioptrique pour les deux surfaces corn\u00e9ennes sur un diam\u00e8tre de 12 mm. Toutes les mesures biom\u00e9triques de la chambre ant\u00e9rieure sont calcul\u00e9es \u00e0 partir de jusqu\u2019\u00e0 100 sections corn\u00e9ennes haute r\u00e9solution. La vitesse d\u2019acquisition remarquable r\u00e9duit les artefacts li\u00e9s aux mouvements, garantissant des mesures d\u2019une grande pr\u00e9cision.<\/p>\n","protected":false},"featured_media":74086,"template":"","meta":{"_acf_changed":false,"content-type":"","footnotes":""},"pwb-brand":[],"product_brand":[],"product_cat":[209],"product_tag":[],"class_list":{"0":"post-74085","1":"product","2":"type-product","3":"status-publish","4":"has-post-thumbnail","6":"product_cat-ophtalmologie-instruments","8":"first","9":"instock","10":"shipping-taxable","11":"product-type-simple"},"acf":[],"brands":[],"_links":{"self":[{"href":"https:\/\/www.visionix.com\/fr\/wp-json\/wp\/v2\/product\/74085","targetHints":{"allow":["GET"]}}],"collection":[{"href":"https:\/\/www.visionix.com\/fr\/wp-json\/wp\/v2\/product"}],"about":[{"href":"https:\/\/www.visionix.com\/fr\/wp-json\/wp\/v2\/types\/product"}],"version-history":[{"count":2,"href":"https:\/\/www.visionix.com\/fr\/wp-json\/wp\/v2\/product\/74085\/revisions"}],"predecessor-version":[{"id":74106,"href":"https:\/\/www.visionix.com\/fr\/wp-json\/wp\/v2\/product\/74085\/revisions\/74106"}],"wp:featuredmedia":[{"embeddable":true,"href":"https:\/\/www.visionix.com\/fr\/wp-json\/wp\/v2\/media\/74086"}],"wp:attachment":[{"href":"https:\/\/www.visionix.com\/fr\/wp-json\/wp\/v2\/media?parent=74085"}],"wp:term":[{"taxonomy":"pwb-brand","embeddable":true,"href":"https:\/\/www.visionix.com\/fr\/wp-json\/wp\/v2\/pwb-brand?post=74085"},{"taxonomy":"product_brand","embeddable":true,"href":"https:\/\/www.visionix.com\/fr\/wp-json\/wp\/v2\/product_brand?post=74085"},{"taxonomy":"product_cat","embeddable":true,"href":"https:\/\/www.visionix.com\/fr\/wp-json\/wp\/v2\/product_cat?post=74085"},{"taxonomy":"product_tag","embeddable":true,"href":"https:\/\/www.visionix.com\/fr\/wp-json\/wp\/v2\/product_tag?post=74085"}],"curies":[{"name":"wp","href":"https:\/\/api.w.org\/{rel}","templated":true}]}}