{"id":73978,"date":"2025-09-03T21:31:07","date_gmt":"2025-09-03T19:31:07","guid":{"rendered":"https:\/\/www.visionix.com\/?post_type=product&#038;p=73978"},"modified":"2026-02-04T10:01:25","modified_gmt":"2026-02-04T09:01:25","slug":"visionix-vx-40-pro","status":"publish","type":"product","link":"https:\/\/www.visionix.com\/fr\/product\/visionix-vx-40-pro\/","title":{"rendered":"Frontofocom\u00e8tre VX 40 Pro"},"content":{"rendered":"<p>Le VX 40 Pro est un analyseur de montage final (verres + monture), con\u00e7u pour r\u00e9pondre aux exigences croissantes de pr\u00e9cision, de qualit\u00e9 et de conformit\u00e9 des magasins. Gr\u00e2ce \u00e0 sa technologie et \u00e0 son interface simple, il devient un alli\u00e9 indispensable de l\u2019opticien moderne. Optimis\u00e9 pour vos montages r\u00e9alis\u00e9s en atelier comme ceux en t\u00e9l\u00e9d\u00e9tourage, le contr\u00f4le devient plaisant, rapide et intuitif.<\/p>\n","protected":false},"excerpt":{"rendered":"<p><strong>Simplifiez votre contr\u00f4le final et d\u00e9multipliez votre potentiel<\/strong><\/p>\n<p>Le VX 40 Pro est un analyseur de montage final (verres + monture), con\u00e7u pour r\u00e9pondre aux exigences croissantes de pr\u00e9cision, de qualit\u00e9 et de conformit\u00e9 des magasins. Gr\u00e2ce \u00e0 sa technologie et \u00e0 son interface simple, il devient un alli\u00e9 indispensable de l\u2019opticien moderne. Optimis\u00e9 pour vos montages r\u00e9alis\u00e9s en atelier comme ceux en t\u00e9l\u00e9d\u00e9tourage, le contr\u00f4le devient plaisant, rapide et intuitif.<\/p>\n","protected":false},"featured_media":76395,"template":"","meta":{"_acf_changed":false,"content-type":"","footnotes":""},"pwb-brand":[509],"product_brand":[],"product_cat":[325,209,183,184],"product_tag":[],"class_list":{"0":"post-73978","1":"product","2":"type-product","3":"status-publish","4":"has-post-thumbnail","6":"pwb-brand-visionix-fr","7":"product_cat-new-products-fr","8":"product_cat-ophtalmologie-instruments","9":"product_cat-optique-equipement","10":"product_cat-orthoptie-instrument","12":"first","13":"instock","14":"product-type-simple"},"acf":[],"brands":[{"id":509,"name":"Visionix","slug":"visionix-fr"}],"_links":{"self":[{"href":"https:\/\/www.visionix.com\/fr\/wp-json\/wp\/v2\/product\/73978","targetHints":{"allow":["GET"]}}],"collection":[{"href":"https:\/\/www.visionix.com\/fr\/wp-json\/wp\/v2\/product"}],"about":[{"href":"https:\/\/www.visionix.com\/fr\/wp-json\/wp\/v2\/types\/product"}],"version-history":[{"count":10,"href":"https:\/\/www.visionix.com\/fr\/wp-json\/wp\/v2\/product\/73978\/revisions"}],"predecessor-version":[{"id":77805,"href":"https:\/\/www.visionix.com\/fr\/wp-json\/wp\/v2\/product\/73978\/revisions\/77805"}],"wp:featuredmedia":[{"embeddable":true,"href":"https:\/\/www.visionix.com\/fr\/wp-json\/wp\/v2\/media\/76395"}],"wp:attachment":[{"href":"https:\/\/www.visionix.com\/fr\/wp-json\/wp\/v2\/media?parent=73978"}],"wp:term":[{"taxonomy":"pwb-brand","embeddable":true,"href":"https:\/\/www.visionix.com\/fr\/wp-json\/wp\/v2\/pwb-brand?post=73978"},{"taxonomy":"product_brand","embeddable":true,"href":"https:\/\/www.visionix.com\/fr\/wp-json\/wp\/v2\/product_brand?post=73978"},{"taxonomy":"product_cat","embeddable":true,"href":"https:\/\/www.visionix.com\/fr\/wp-json\/wp\/v2\/product_cat?post=73978"},{"taxonomy":"product_tag","embeddable":true,"href":"https:\/\/www.visionix.com\/fr\/wp-json\/wp\/v2\/product_tag?post=73978"}],"curies":[{"name":"wp","href":"https:\/\/api.w.org\/{rel}","templated":true}]}}