{"id":7338,"date":"2022-03-07T14:34:09","date_gmt":"2022-03-07T13:34:09","guid":{"rendered":"https:\/\/www.visionix.com\/produit\/visionix-nexus-telehealth\/"},"modified":"2025-08-21T10:58:25","modified_gmt":"2025-08-21T08:58:25","slug":"visionix-nexus","status":"publish","type":"product","link":"https:\/\/www.visionix.com\/fr\/product\/visionix-nexus\/","title":{"rendered":"Visionix Nexus"},"content":{"rendered":"<p>Nexus is a data exchange platform for eye care providers, supporting asynchronous telediagnosis, remote device control, and a way to access artificial intelligence database. It allows live interactions between optometrists, ophthalmologists, patients, and in-store operators. Nexus enables teleconsultation and examination grading through AI or human assessment<\/p>\n","protected":false},"excerpt":{"rendered":"<h2><strong>Visionix Nexus : plateforme d\u2019\u00e9change et de stockage de donn\u00e9es patients anonymis\u00e9es et chiffr\u00e9es.<\/strong><\/h2>\n<p>Visionix Nexus est une plateforme d\u2019\u00e9change de donn\u00e9es pour les professionnels de la sant\u00e9 visuelle. Compatible avec le t\u00e9l\u00e9diagnostic asynchrone, la commande des instruments \u00e0 distance et un acc\u00e8s aux bases de donn\u00e9es de l\u2019intelligence artificielle, cette solution fait le lien entre les optom\u00e9tristes, les ophtalmologues, les patients et les op\u00e9rateurs. Avec Visionix Nexus, les t\u00e9l\u00e9consultations et les examens sont \u00e9valu\u00e9s par l\u2019IA ou par des professionnels de la sant\u00e9 oculaire.<\/p>\n","protected":false},"featured_media":2291,"template":"","meta":{"_acf_changed":false,"content-type":"","footnotes":""},"pwb-brand":[509],"product_brand":[],"product_cat":[325,183,184],"product_tag":[],"class_list":{"0":"post-7338","1":"product","2":"type-product","3":"status-publish","4":"has-post-thumbnail","6":"pwb-brand-visionix-fr","7":"product_cat-new-products-fr","8":"product_cat-optique-equipement","9":"product_cat-orthoptie-instrument","10":"pa_product-family-diagnostic-fr","11":"pa_product-type-telehealth-fr","13":"first","14":"instock","15":"featured","16":"product-type-simple"},"acf":[],"brands":[{"id":509,"name":"Visionix","slug":"visionix-fr"}],"_links":{"self":[{"href":"https:\/\/www.visionix.com\/fr\/wp-json\/wp\/v2\/product\/7338","targetHints":{"allow":["GET"]}}],"collection":[{"href":"https:\/\/www.visionix.com\/fr\/wp-json\/wp\/v2\/product"}],"about":[{"href":"https:\/\/www.visionix.com\/fr\/wp-json\/wp\/v2\/types\/product"}],"version-history":[{"count":6,"href":"https:\/\/www.visionix.com\/fr\/wp-json\/wp\/v2\/product\/7338\/revisions"}],"predecessor-version":[{"id":73506,"href":"https:\/\/www.visionix.com\/fr\/wp-json\/wp\/v2\/product\/7338\/revisions\/73506"}],"wp:featuredmedia":[{"embeddable":true,"href":"https:\/\/www.visionix.com\/fr\/wp-json\/wp\/v2\/media\/2291"}],"wp:attachment":[{"href":"https:\/\/www.visionix.com\/fr\/wp-json\/wp\/v2\/media?parent=7338"}],"wp:term":[{"taxonomy":"pwb-brand","embeddable":true,"href":"https:\/\/www.visionix.com\/fr\/wp-json\/wp\/v2\/pwb-brand?post=7338"},{"taxonomy":"product_brand","embeddable":true,"href":"https:\/\/www.visionix.com\/fr\/wp-json\/wp\/v2\/product_brand?post=7338"},{"taxonomy":"product_cat","embeddable":true,"href":"https:\/\/www.visionix.com\/fr\/wp-json\/wp\/v2\/product_cat?post=7338"},{"taxonomy":"product_tag","embeddable":true,"href":"https:\/\/www.visionix.com\/fr\/wp-json\/wp\/v2\/product_tag?post=7338"}],"curies":[{"name":"wp","href":"https:\/\/api.w.org\/{rel}","templated":true}]}}