{"id":7329,"date":"2022-03-07T14:34:09","date_gmt":"2022-03-07T13:34:09","guid":{"rendered":"https:\/\/www.visionix.com\/produit\/weco-7\/"},"modified":"2026-02-03T12:13:27","modified_gmt":"2026-02-03T11:13:27","slug":"weco-e7","status":"publish","type":"product","link":"https:\/\/www.visionix.com\/fr\/product\/weco-e7\/","title":{"rendered":"Meuleuse automatique Weco E7"},"content":{"rendered":"<p>Gr\u00e2ce \u00e0 la meuleuse Weco E7 et sa 3D, pr\u00e9visualisez l&rsquo;adaptation des verres dans la monture avec une pr\u00e9cision absolue pour une adaptation parfaite, m\u00eame sur les montures les plus complexes. Profitez de taux de first fit exceptionnels avec le seul traceur capable de cr\u00e9er un mod\u00e8le 3D du montage complet. De plus, avec le dernier logiciel TrueFit, obtenez un centrage optimal des verres et contr\u00f4lez totalement le processus de meulage tout en gagnant un temps pr\u00e9cieux.<\/p>\n","protected":false},"excerpt":{"rendered":"<p>La meuleuse optique avec un mat\u00e9riel et un logiciel WECO sans \u00e9gal<\/p>\n<p>Gr\u00e2ce \u00e0 la technologie 3D, la meuleuse optique Weco vous permet de pr\u00e9visualiser l\u2019adaptation des verres dans la monture avec une pr\u00e9cision absolue, m\u00eame sur les montures les plus complexes. Obtenez des taux de first fit exceptionnels gr\u00e2ce au seul traceur capable de g\u00e9n\u00e9rer un mod\u00e8le 3D complet du montage. Associ\u00e9e au logiciel TrueFit, elle assure un centrage optimal des verres, un contr\u00f4le total du processus de meulage et un gain de temps pr\u00e9cieux au quotidien<\/p>\n","protected":false},"featured_media":46731,"template":"","meta":{"_acf_changed":false,"content-type":"","footnotes":""},"pwb-brand":[511],"product_brand":[],"product_cat":[183,184],"product_tag":[560],"class_list":{"0":"post-7329","1":"product","2":"type-product","3":"status-publish","4":"has-post-thumbnail","6":"pwb-brand-weco-fr","7":"product_cat-optique-equipement","8":"product_cat-orthoptie-instrument","9":"product_tag-optical-lab-finishing-equipment-fr","11":"first","12":"instock","13":"featured","14":"product-type-simple"},"acf":[],"brands":[{"id":511,"name":"Weco","slug":"weco-fr"}],"_links":{"self":[{"href":"https:\/\/www.visionix.com\/fr\/wp-json\/wp\/v2\/product\/7329","targetHints":{"allow":["GET"]}}],"collection":[{"href":"https:\/\/www.visionix.com\/fr\/wp-json\/wp\/v2\/product"}],"about":[{"href":"https:\/\/www.visionix.com\/fr\/wp-json\/wp\/v2\/types\/product"}],"version-history":[{"count":17,"href":"https:\/\/www.visionix.com\/fr\/wp-json\/wp\/v2\/product\/7329\/revisions"}],"predecessor-version":[{"id":77748,"href":"https:\/\/www.visionix.com\/fr\/wp-json\/wp\/v2\/product\/7329\/revisions\/77748"}],"wp:featuredmedia":[{"embeddable":true,"href":"https:\/\/www.visionix.com\/fr\/wp-json\/wp\/v2\/media\/46731"}],"wp:attachment":[{"href":"https:\/\/www.visionix.com\/fr\/wp-json\/wp\/v2\/media?parent=7329"}],"wp:term":[{"taxonomy":"pwb-brand","embeddable":true,"href":"https:\/\/www.visionix.com\/fr\/wp-json\/wp\/v2\/pwb-brand?post=7329"},{"taxonomy":"product_brand","embeddable":true,"href":"https:\/\/www.visionix.com\/fr\/wp-json\/wp\/v2\/product_brand?post=7329"},{"taxonomy":"product_cat","embeddable":true,"href":"https:\/\/www.visionix.com\/fr\/wp-json\/wp\/v2\/product_cat?post=7329"},{"taxonomy":"product_tag","embeddable":true,"href":"https:\/\/www.visionix.com\/fr\/wp-json\/wp\/v2\/product_tag?post=7329"}],"curies":[{"name":"wp","href":"https:\/\/api.w.org\/{rel}","templated":true}]}}