{"id":7315,"date":"2022-03-07T14:34:09","date_gmt":"2022-03-07T13:34:09","guid":{"rendered":"https:\/\/www.visionix.com\/produit\/visionix-eyepix-3\/"},"modified":"2023-12-14T14:26:54","modified_gmt":"2023-12-14T13:26:54","slug":"eyepix-3","status":"publish","type":"product","link":"https:\/\/www.visionix.com\/fr\/product\/eyepix-3\/","title":{"rendered":"Visionix EyePix 3"},"content":{"rendered":"<p>Le syst\u00e8me se compose d&rsquo;une cam\u00e9ra vid\u00e9o num\u00e9rique et d&rsquo;un logiciel de traitement des donn\u00e9es.<br \/>\nEyepix 3 vous permet de documenter votre examen et de visualiser les r\u00e9sultats \u00e0 l&rsquo;\u00e9cran avec votre patient.<\/p>\n","protected":false},"excerpt":{"rendered":"<p><strong>Syst\u00e8me d&rsquo;imagerie pour lampes \u00e0 fente<\/strong>.<\/p>\n<p>Le syst\u00e8me se compose d&rsquo;une cam\u00e9ra vid\u00e9o num\u00e9rique et d&rsquo;un logiciel de traitement des donn\u00e9es.<br \/>\nEyepix 3 vous permet de documenter votre examen et de visualiser les r\u00e9sultats \u00e0 l&rsquo;\u00e9cran avec votre patient.<\/p>\n","protected":false},"featured_media":10644,"template":"","meta":{"_acf_changed":false,"content-type":"","footnotes":""},"pwb-brand":[509],"product_brand":[],"product_cat":[209,183,184],"product_tag":[],"class_list":{"0":"post-7315","1":"product","2":"type-product","3":"status-publish","4":"has-post-thumbnail","6":"pwb-brand-visionix-fr","7":"product_cat-ophtalmologie-instruments","8":"product_cat-optique-equipement","9":"product_cat-orthoptie-instrument","10":"pa_product-family-diagnostic-fr","11":"pa_product-type-slit-lamps-fr","13":"first","14":"instock","15":"product-type-simple"},"acf":[],"brands":[{"id":509,"name":"Visionix","slug":"visionix-fr"}],"_links":{"self":[{"href":"https:\/\/www.visionix.com\/fr\/wp-json\/wp\/v2\/product\/7315","targetHints":{"allow":["GET"]}}],"collection":[{"href":"https:\/\/www.visionix.com\/fr\/wp-json\/wp\/v2\/product"}],"about":[{"href":"https:\/\/www.visionix.com\/fr\/wp-json\/wp\/v2\/types\/product"}],"version-history":[{"count":5,"href":"https:\/\/www.visionix.com\/fr\/wp-json\/wp\/v2\/product\/7315\/revisions"}],"predecessor-version":[{"id":51430,"href":"https:\/\/www.visionix.com\/fr\/wp-json\/wp\/v2\/product\/7315\/revisions\/51430"}],"wp:featuredmedia":[{"embeddable":true,"href":"https:\/\/www.visionix.com\/fr\/wp-json\/wp\/v2\/media\/10644"}],"wp:attachment":[{"href":"https:\/\/www.visionix.com\/fr\/wp-json\/wp\/v2\/media?parent=7315"}],"wp:term":[{"taxonomy":"pwb-brand","embeddable":true,"href":"https:\/\/www.visionix.com\/fr\/wp-json\/wp\/v2\/pwb-brand?post=7315"},{"taxonomy":"product_brand","embeddable":true,"href":"https:\/\/www.visionix.com\/fr\/wp-json\/wp\/v2\/product_brand?post=7315"},{"taxonomy":"product_cat","embeddable":true,"href":"https:\/\/www.visionix.com\/fr\/wp-json\/wp\/v2\/product_cat?post=7315"},{"taxonomy":"product_tag","embeddable":true,"href":"https:\/\/www.visionix.com\/fr\/wp-json\/wp\/v2\/product_tag?post=7315"}],"curies":[{"name":"wp","href":"https:\/\/api.w.org\/{rel}","templated":true}]}}