{"id":7297,"date":"2022-03-07T14:34:09","date_gmt":"2022-03-07T13:34:09","guid":{"rendered":"https:\/\/www.visionix.com\/produit\/scan8\/"},"modified":"2024-01-29T11:38:15","modified_gmt":"2024-01-29T10:38:15","slug":"scan-8","status":"publish","type":"product","link":"https:\/\/www.visionix.com\/fr\/product\/scan-8\/","title":{"rendered":"Briot Scan 8"},"content":{"rendered":"<p>Briot Scan 8 est un traceur m\u00e9canique dot\u00e9 de notre stylet angulaire brevet\u00e9 TrueScan\u00ae, le Scan 8 peut tracer sans effort les montures les plus difficiles, m\u00eame les montures les plus galb\u00e9es.<br \/>\nLa pression douce du stylet garantit le respect de toutes les montures y compris m\u00e9talliques sans distorsion. Son \u00e9cran tactile intuitif en fait l&rsquo;un des traceurs les plus faciles \u00e0 utiliser, il devient le traceur id\u00e9al pour votre atelier.<\/p>\n","protected":false},"excerpt":{"rendered":"<p><strong>D\u00e9passez vos attentes<\/strong><\/p>\n<p>Briot Scan 8 est un traceur m\u00e9canique dot\u00e9 de notre stylet angulaire brevet\u00e9 TrueScan\u00ae, le Scan 8 peut tracer sans effort les montures les plus difficiles, m\u00eame les montures les plus galb\u00e9es.<br \/>\nLa pression douce du stylet garantit le respect de toutes les montures y compris m\u00e9talliques sans distorsion. Son \u00e9cran tactile intuitif en fait l&rsquo;un des traceurs les plus faciles \u00e0 utiliser, il devient le traceur id\u00e9al pour votre atelier.<\/p>\n","protected":false},"featured_media":51533,"template":"","meta":{"_acf_changed":false,"content-type":"","footnotes":""},"pwb-brand":[493],"product_brand":[],"product_cat":[183,184],"product_tag":[560],"class_list":{"0":"post-7297","1":"product","2":"type-product","3":"status-publish","4":"has-post-thumbnail","6":"pwb-brand-briot-fr","7":"product_cat-optique-equipement","8":"product_cat-orthoptie-instrument","9":"product_tag-optical-lab-finishing-equipment-fr","10":"pa_product-family-finishing-fr","11":"pa_product-type-edging-system-fr","13":"first","14":"instock","15":"product-type-simple"},"acf":[],"brands":[{"id":493,"name":"Briot","slug":"briot-fr"}],"_links":{"self":[{"href":"https:\/\/www.visionix.com\/fr\/wp-json\/wp\/v2\/product\/7297","targetHints":{"allow":["GET"]}}],"collection":[{"href":"https:\/\/www.visionix.com\/fr\/wp-json\/wp\/v2\/product"}],"about":[{"href":"https:\/\/www.visionix.com\/fr\/wp-json\/wp\/v2\/types\/product"}],"version-history":[{"count":9,"href":"https:\/\/www.visionix.com\/fr\/wp-json\/wp\/v2\/product\/7297\/revisions"}],"predecessor-version":[{"id":52122,"href":"https:\/\/www.visionix.com\/fr\/wp-json\/wp\/v2\/product\/7297\/revisions\/52122"}],"wp:featuredmedia":[{"embeddable":true,"href":"https:\/\/www.visionix.com\/fr\/wp-json\/wp\/v2\/media\/51533"}],"wp:attachment":[{"href":"https:\/\/www.visionix.com\/fr\/wp-json\/wp\/v2\/media?parent=7297"}],"wp:term":[{"taxonomy":"pwb-brand","embeddable":true,"href":"https:\/\/www.visionix.com\/fr\/wp-json\/wp\/v2\/pwb-brand?post=7297"},{"taxonomy":"product_brand","embeddable":true,"href":"https:\/\/www.visionix.com\/fr\/wp-json\/wp\/v2\/product_brand?post=7297"},{"taxonomy":"product_cat","embeddable":true,"href":"https:\/\/www.visionix.com\/fr\/wp-json\/wp\/v2\/product_cat?post=7297"},{"taxonomy":"product_tag","embeddable":true,"href":"https:\/\/www.visionix.com\/fr\/wp-json\/wp\/v2\/product_tag?post=7297"}],"curies":[{"name":"wp","href":"https:\/\/api.w.org\/{rel}","templated":true}]}}