{"id":7280,"date":"2022-03-07T14:34:09","date_gmt":"2022-03-07T13:34:09","guid":{"rendered":"https:\/\/www.visionix.com\/produit\/optovue-solix\/"},"modified":"2026-02-25T11:58:01","modified_gmt":"2026-02-25T10:58:01","slug":"optovue-solix","status":"publish","type":"product","link":"https:\/\/www.visionix.com\/fr\/product\/optovue-solix\/","title":{"rendered":"OCT Optovue Solix"},"content":{"rendered":"<p>Champ d&rsquo;observation FullRangeSOLIX est une toute nouvelle technologie construite autour de l&rsquo;OCT Spectral Domain Haute vitesse. Cette nouvelle plateforme FullRange\u00ae permet d&rsquo;identifier et de suivre de nombreuses pathologies, de la corn\u00e9e \u00e0 la choro\u00efde en offrant une exp\u00e9rience de diagnostic encore plus \u00e9tendue.<\/p>\n","protected":false},"excerpt":{"rendered":"<p><strong>L&rsquo;imagerie nouvelle g\u00e9n\u00e9ration, de la corn\u00e9e \u00e0 la choro\u00efde. Avec la technologie FullRange<\/strong><\/p>\n<p>SOLIX est une toute nouvelle technologie construite autour de l&rsquo;OCT Spectral Domain Haute vitesse. Cette nouvelle plateforme FullRange\u00ae permet d&rsquo;identifier et de suivre de nombreuses pathologies, de la corn\u00e9e \u00e0 la choro\u00efde, en offrant une exp\u00e9rience de diagnostic encore plus \u00e9tendue. SOLIX englobe plusieurs outils dans sa proc\u00e9dure d&rsquo;examen de nouvelle g\u00e9n\u00e9ration, qui am\u00e9liore \u00e0 la fois les capacit\u00e9s d&rsquo;imagerie et la prise en charge des patients.<\/p>\n","protected":false},"featured_media":55869,"template":"","meta":{"_acf_changed":false,"content-type":"","footnotes":""},"pwb-brand":[503],"product_brand":[],"product_cat":[325,209,184],"product_tag":[],"class_list":{"0":"post-7280","1":"product","2":"type-product","3":"status-publish","4":"has-post-thumbnail","6":"pwb-brand-optovue-fr","7":"product_cat-new-products-fr","8":"product_cat-ophtalmologie-instruments","9":"product_cat-orthoptie-instrument","11":"first","12":"instock","13":"featured","14":"product-type-simple"},"acf":[],"brands":[{"id":503,"name":"Optovue","slug":"optovue-fr"}],"_links":{"self":[{"href":"https:\/\/www.visionix.com\/fr\/wp-json\/wp\/v2\/product\/7280","targetHints":{"allow":["GET"]}}],"collection":[{"href":"https:\/\/www.visionix.com\/fr\/wp-json\/wp\/v2\/product"}],"about":[{"href":"https:\/\/www.visionix.com\/fr\/wp-json\/wp\/v2\/types\/product"}],"version-history":[{"count":19,"href":"https:\/\/www.visionix.com\/fr\/wp-json\/wp\/v2\/product\/7280\/revisions"}],"predecessor-version":[{"id":15883,"href":"https:\/\/www.visionix.com\/fr\/wp-json\/wp\/v2\/product\/7280\/revisions\/15883"}],"wp:featuredmedia":[{"embeddable":true,"href":"https:\/\/www.visionix.com\/fr\/wp-json\/wp\/v2\/media\/55869"}],"wp:attachment":[{"href":"https:\/\/www.visionix.com\/fr\/wp-json\/wp\/v2\/media?parent=7280"}],"wp:term":[{"taxonomy":"pwb-brand","embeddable":true,"href":"https:\/\/www.visionix.com\/fr\/wp-json\/wp\/v2\/pwb-brand?post=7280"},{"taxonomy":"product_brand","embeddable":true,"href":"https:\/\/www.visionix.com\/fr\/wp-json\/wp\/v2\/product_brand?post=7280"},{"taxonomy":"product_cat","embeddable":true,"href":"https:\/\/www.visionix.com\/fr\/wp-json\/wp\/v2\/product_cat?post=7280"},{"taxonomy":"product_tag","embeddable":true,"href":"https:\/\/www.visionix.com\/fr\/wp-json\/wp\/v2\/product_tag?post=7280"}],"curies":[{"name":"wp","href":"https:\/\/api.w.org\/{rel}","templated":true}]}}