{"id":7273,"date":"2022-03-07T14:34:09","date_gmt":"2022-03-07T13:34:09","guid":{"rendered":"https:\/\/www.visionix.com\/produit\/optovue-ivue80\/"},"modified":"2026-02-03T11:06:48","modified_gmt":"2026-02-03T10:06:48","slug":"ivue-80","status":"publish","type":"product","link":"https:\/\/www.visionix.com\/fr\/product\/ivue-80\/","title":{"rendered":"OCT Optovue iVue 80"},"content":{"rendered":"<p>L&rsquo;OCT iVue 80 est un outil clinique puissant qui transforme la fa\u00e7on dont vous \u00e9valuez la r\u00e9tine, la papille et la corn\u00e9e. Mesurez l&rsquo;\u00e9paisseur de la r\u00e9tine, de la couche de fibres nerveuses, du complexe de cellules ganglionnaires et de la corn\u00e9e. Suivez les changements et pr\u00e9disez les tendances de l&rsquo;\u00e9paisseur du RNFL et du GCC et mesurez avec pr\u00e9cision les angles iridocorn\u00e9ens pour faciliter le diagnostic des diff\u00e9rentes pathologies.<\/p>\n","protected":false},"excerpt":{"rendered":"<p><strong>OCT ultra rapide + r\u00e9tinographie en option<\/strong><\/p>\n<p>L&rsquo;OCT iVue 80 est un outil clinique puissant qui transforme la fa\u00e7on dont vous \u00e9valuez la r\u00e9tine, la papille et la corn\u00e9e. Quantifiez l&rsquo;\u00e9paisseur de la r\u00e9tine, de la couche de fibres nerveuses, du complexe de cellules ganglionnaires et de la corn\u00e9e. Suivez les changements et pr\u00e9disez les tendances de l&rsquo;\u00e9paisseur du RNFL et du GCC et mesurez avec pr\u00e9cision les angles iridocorn\u00e9ens pour faciliter le diagnostic des maladies.<\/p>\n","protected":false},"featured_media":42503,"template":"","meta":{"_acf_changed":false,"content-type":"","footnotes":""},"pwb-brand":[503],"product_brand":[],"product_cat":[209,184],"product_tag":[],"class_list":{"0":"post-7273","1":"product","2":"type-product","3":"status-publish","4":"has-post-thumbnail","6":"pwb-brand-optovue-fr","7":"product_cat-ophtalmologie-instruments","8":"product_cat-orthoptie-instrument","10":"first","11":"instock","12":"product-type-simple"},"acf":[],"brands":[{"id":503,"name":"Optovue","slug":"optovue-fr"}],"_links":{"self":[{"href":"https:\/\/www.visionix.com\/fr\/wp-json\/wp\/v2\/product\/7273","targetHints":{"allow":["GET"]}}],"collection":[{"href":"https:\/\/www.visionix.com\/fr\/wp-json\/wp\/v2\/product"}],"about":[{"href":"https:\/\/www.visionix.com\/fr\/wp-json\/wp\/v2\/types\/product"}],"version-history":[{"count":21,"href":"https:\/\/www.visionix.com\/fr\/wp-json\/wp\/v2\/product\/7273\/revisions"}],"predecessor-version":[{"id":77737,"href":"https:\/\/www.visionix.com\/fr\/wp-json\/wp\/v2\/product\/7273\/revisions\/77737"}],"wp:featuredmedia":[{"embeddable":true,"href":"https:\/\/www.visionix.com\/fr\/wp-json\/wp\/v2\/media\/42503"}],"wp:attachment":[{"href":"https:\/\/www.visionix.com\/fr\/wp-json\/wp\/v2\/media?parent=7273"}],"wp:term":[{"taxonomy":"pwb-brand","embeddable":true,"href":"https:\/\/www.visionix.com\/fr\/wp-json\/wp\/v2\/pwb-brand?post=7273"},{"taxonomy":"product_brand","embeddable":true,"href":"https:\/\/www.visionix.com\/fr\/wp-json\/wp\/v2\/product_brand?post=7273"},{"taxonomy":"product_cat","embeddable":true,"href":"https:\/\/www.visionix.com\/fr\/wp-json\/wp\/v2\/product_cat?post=7273"},{"taxonomy":"product_tag","embeddable":true,"href":"https:\/\/www.visionix.com\/fr\/wp-json\/wp\/v2\/product_tag?post=7273"}],"curies":[{"name":"wp","href":"https:\/\/api.w.org\/{rel}","templated":true}]}}