{"id":7261,"date":"2022-03-07T14:34:09","date_gmt":"2022-03-07T13:34:09","guid":{"rendered":"https:\/\/www.visionix.com\/produit\/optovue-ifusion\/"},"modified":"2026-02-03T11:08:21","modified_gmt":"2026-02-03T10:08:21","slug":"optovue-ivue80-icam-12","status":"publish","type":"product","link":"https:\/\/www.visionix.com\/fr\/product\/optovue-ivue80-icam-12\/","title":{"rendered":"OCT Optovue iVue80+ iCam 12"},"content":{"rendered":"<p>Le syst\u00e8me d&rsquo;OCT et d&rsquo;imagerie r\u00e9tinienne Optovue iVue80+ iCam 12 dispose des m\u00eames outils cliniques puissants que l&rsquo;iVue80,\u00a0 avec l&rsquo;avantage suppl\u00e9mentaire de la cam\u00e9ra r\u00e9tinienne iCam 12. Optovue iVue80+ iCam 12 modifie la fa\u00e7on dont vous \u00e9valuez la r\u00e9tine, le disque optique et la corn\u00e9e. Quantifiez l&rsquo;\u00e9paisseur de la r\u00e9tine, de la couche de fibres nerveuses, du complexe des cellules ganglionnaires (GCC) et de la corn\u00e9e. Suivez les changements et pr\u00e9disez l&rsquo;\u00e9paisseur du RNFL et du GCC et mesurez pr\u00e9cis\u00e9ment les angles pour faciliter le diagnostic des pathologies.<\/p>\n","protected":false},"excerpt":{"rendered":"<p><strong>La plateforme compl\u00e8te d&rsquo;imagerie r\u00e9tinienne iVue80 OCT et cam\u00e9ra r\u00e9tinienne<\/strong>.<\/p>\n<p>Le syst\u00e8me d&rsquo;OCT et d&rsquo;imagerie r\u00e9tinienne Optovue iVue80+ iCam 12 dispose des m\u00eames outils cliniques puissants que l&rsquo;Ivue 80, avec l&rsquo;avantage suppl\u00e9mentaire de la cam\u00e9ra r\u00e9tinienne iCam12. Optovue iVue80+ iCam 12 modifie la fa\u00e7on dont vous \u00e9valuez la r\u00e9tine, le disque optique et la corn\u00e9e. Quantifiez l&rsquo;\u00e9paisseur de la r\u00e9tine, de la couche de fibres nerveuses, du complexe des cellules ganglionnaires (GCC) et de la corn\u00e9e. Suivez les changements et pr\u00e9disez l&rsquo;\u00e9paisseur du RNFL et du GCC et mesurez pr\u00e9cis\u00e9ment les angles pour faciliter le diagnostic des pathologies.<\/p>\n","protected":false},"featured_media":42487,"template":"","meta":{"_acf_changed":false,"content-type":"","footnotes":""},"pwb-brand":[503],"product_brand":[],"product_cat":[209,184],"product_tag":[],"class_list":{"0":"post-7261","1":"product","2":"type-product","3":"status-publish","4":"has-post-thumbnail","6":"pwb-brand-optovue-fr","7":"product_cat-ophtalmologie-instruments","8":"product_cat-orthoptie-instrument","10":"first","11":"instock","12":"product-type-simple"},"acf":[],"brands":[{"id":503,"name":"Optovue","slug":"optovue-fr"}],"_links":{"self":[{"href":"https:\/\/www.visionix.com\/fr\/wp-json\/wp\/v2\/product\/7261","targetHints":{"allow":["GET"]}}],"collection":[{"href":"https:\/\/www.visionix.com\/fr\/wp-json\/wp\/v2\/product"}],"about":[{"href":"https:\/\/www.visionix.com\/fr\/wp-json\/wp\/v2\/types\/product"}],"version-history":[{"count":23,"href":"https:\/\/www.visionix.com\/fr\/wp-json\/wp\/v2\/product\/7261\/revisions"}],"predecessor-version":[{"id":77738,"href":"https:\/\/www.visionix.com\/fr\/wp-json\/wp\/v2\/product\/7261\/revisions\/77738"}],"wp:featuredmedia":[{"embeddable":true,"href":"https:\/\/www.visionix.com\/fr\/wp-json\/wp\/v2\/media\/42487"}],"wp:attachment":[{"href":"https:\/\/www.visionix.com\/fr\/wp-json\/wp\/v2\/media?parent=7261"}],"wp:term":[{"taxonomy":"pwb-brand","embeddable":true,"href":"https:\/\/www.visionix.com\/fr\/wp-json\/wp\/v2\/pwb-brand?post=7261"},{"taxonomy":"product_brand","embeddable":true,"href":"https:\/\/www.visionix.com\/fr\/wp-json\/wp\/v2\/product_brand?post=7261"},{"taxonomy":"product_cat","embeddable":true,"href":"https:\/\/www.visionix.com\/fr\/wp-json\/wp\/v2\/product_cat?post=7261"},{"taxonomy":"product_tag","embeddable":true,"href":"https:\/\/www.visionix.com\/fr\/wp-json\/wp\/v2\/product_tag?post=7261"}],"curies":[{"name":"wp","href":"https:\/\/api.w.org\/{rel}","templated":true}]}}