{"id":7233,"date":"2022-03-07T14:34:09","date_gmt":"2022-03-07T13:34:09","guid":{"rendered":"https:\/\/www.visionix.com\/produit\/visionixvx110\/"},"modified":"2026-02-04T11:57:20","modified_gmt":"2026-02-04T10:57:20","slug":"vx-110","status":"publish","type":"product","link":"https:\/\/www.visionix.com\/fr\/product\/vx-110\/","title":{"rendered":"Equipement multimodal VX 110"},"content":{"rendered":"<p>Le VX 110 est une plateforme multimodale qui associe un autor\u00e9fractom\u00e8tre k\u00e9ratom\u00e8tre \u00e0 un topographe Placido. Le VX 110 offre de multiples fonctionnalit\u00e9s tout en \u00e9tant pratique et peu encombrant. Instrument de haute pr\u00e9cision et haute r\u00e9solution, le VX 110 va au-del\u00e0 de la simple r\u00e9fraction. Il permet aux professionnels de la sant\u00e9 visuelle de proposer des examens plus simples et plus complets, pour l&rsquo;op\u00e9rateur comme pour le client.<\/p>\n","protected":false},"excerpt":{"rendered":"<p><strong>Plate-forme multimodale, combinant ARK et topographe Placido<\/strong>.<\/p>\n<p>Le VX 110 est une plateforme multimodale qui associe un autor\u00e9fractom\u00e8tre k\u00e9ratom\u00e8tre \u00e0 un topographe Placido. Le VX 110 offre de multiples fonctionnalit\u00e9s tout en \u00e9tant pratique et peu encombrant. Instrument de haute pr\u00e9cision et haute r\u00e9solution, le VX 110 va vraiment au-del\u00e0 de la simple r\u00e9fraction. Il permet aux professionnels de la sant\u00e9 visuelle de proposer des examens plus simples et plus complets, pour l&rsquo;op\u00e9rateur comme pour le client.<\/p>\n","protected":false},"featured_media":49835,"template":"","meta":{"_acf_changed":false,"content-type":"","footnotes":""},"pwb-brand":[509],"product_brand":[],"product_cat":[209,183,184],"product_tag":[],"class_list":{"0":"post-7233","1":"product","2":"type-product","3":"status-publish","4":"has-post-thumbnail","6":"pwb-brand-visionix-fr","7":"product_cat-ophtalmologie-instruments","8":"product_cat-optique-equipement","9":"product_cat-orthoptie-instrument","11":"first","12":"instock","13":"product-type-simple"},"acf":[],"brands":[{"id":509,"name":"Visionix","slug":"visionix-fr"}],"_links":{"self":[{"href":"https:\/\/www.visionix.com\/fr\/wp-json\/wp\/v2\/product\/7233","targetHints":{"allow":["GET"]}}],"collection":[{"href":"https:\/\/www.visionix.com\/fr\/wp-json\/wp\/v2\/product"}],"about":[{"href":"https:\/\/www.visionix.com\/fr\/wp-json\/wp\/v2\/types\/product"}],"version-history":[{"count":8,"href":"https:\/\/www.visionix.com\/fr\/wp-json\/wp\/v2\/product\/7233\/revisions"}],"predecessor-version":[{"id":77811,"href":"https:\/\/www.visionix.com\/fr\/wp-json\/wp\/v2\/product\/7233\/revisions\/77811"}],"wp:featuredmedia":[{"embeddable":true,"href":"https:\/\/www.visionix.com\/fr\/wp-json\/wp\/v2\/media\/49835"}],"wp:attachment":[{"href":"https:\/\/www.visionix.com\/fr\/wp-json\/wp\/v2\/media?parent=7233"}],"wp:term":[{"taxonomy":"pwb-brand","embeddable":true,"href":"https:\/\/www.visionix.com\/fr\/wp-json\/wp\/v2\/pwb-brand?post=7233"},{"taxonomy":"product_brand","embeddable":true,"href":"https:\/\/www.visionix.com\/fr\/wp-json\/wp\/v2\/product_brand?post=7233"},{"taxonomy":"product_cat","embeddable":true,"href":"https:\/\/www.visionix.com\/fr\/wp-json\/wp\/v2\/product_cat?post=7233"},{"taxonomy":"product_tag","embeddable":true,"href":"https:\/\/www.visionix.com\/fr\/wp-json\/wp\/v2\/product_tag?post=7233"}],"curies":[{"name":"wp","href":"https:\/\/api.w.org\/{rel}","templated":true}]}}