{"id":7229,"date":"2022-03-07T14:34:09","date_gmt":"2022-03-07T13:34:09","guid":{"rendered":"https:\/\/www.visionix.com\/produit\/visionix-vx120-2\/"},"modified":"2026-02-04T11:43:16","modified_gmt":"2026-02-04T10:43:16","slug":"vx-120","status":"publish","type":"product","link":"https:\/\/www.visionix.com\/fr\/product\/vx-120\/","title":{"rendered":"Equipement multimodal VX 120+"},"content":{"rendered":"<p>Le d\u00e9pistage avec le VX 120+ permet d&rsquo;alerter sur des pathologies telles que le glaucome, la cataracte, le k\u00e9ratoc\u00f4ne, ainsi que de corriger les d\u00e9fauts de vision, y compris ceux affectant la vision nocturne. Le VX 120+ compl\u00e8te ainsi le panel de services que vous proposez. Fid\u00e9lisez en offrant des soins compl\u00e9mentaires.<\/p>\n","protected":false},"excerpt":{"rendered":"<p><strong>Dispositif multimodal d&rsquo;analyse du segment ant\u00e9rieur<\/strong>.<\/p>\n<p>Le VX 120+ permet au sp\u00e9cialiste d\u2019obtenir diff\u00e9rentes informations anatomiques sur les structures du segment ant\u00e9rieur, qui sont cruciales pour le d\u00e9pistage des pathologies oculaires et leur suivi.<\/p>\n<p>&nbsp;<\/p>\n","protected":false},"featured_media":60886,"template":"","meta":{"_acf_changed":false,"content-type":"","footnotes":""},"pwb-brand":[509],"product_brand":[],"product_cat":[209,183,184],"product_tag":[],"class_list":{"0":"post-7229","1":"product","2":"type-product","3":"status-publish","4":"has-post-thumbnail","6":"pwb-brand-visionix-fr","7":"product_cat-ophtalmologie-instruments","8":"product_cat-optique-equipement","9":"product_cat-orthoptie-instrument","11":"first","12":"instock","13":"product-type-simple"},"acf":[],"brands":[{"id":509,"name":"Visionix","slug":"visionix-fr"}],"_links":{"self":[{"href":"https:\/\/www.visionix.com\/fr\/wp-json\/wp\/v2\/product\/7229","targetHints":{"allow":["GET"]}}],"collection":[{"href":"https:\/\/www.visionix.com\/fr\/wp-json\/wp\/v2\/product"}],"about":[{"href":"https:\/\/www.visionix.com\/fr\/wp-json\/wp\/v2\/types\/product"}],"version-history":[{"count":14,"href":"https:\/\/www.visionix.com\/fr\/wp-json\/wp\/v2\/product\/7229\/revisions"}],"predecessor-version":[{"id":77808,"href":"https:\/\/www.visionix.com\/fr\/wp-json\/wp\/v2\/product\/7229\/revisions\/77808"}],"wp:featuredmedia":[{"embeddable":true,"href":"https:\/\/www.visionix.com\/fr\/wp-json\/wp\/v2\/media\/60886"}],"wp:attachment":[{"href":"https:\/\/www.visionix.com\/fr\/wp-json\/wp\/v2\/media?parent=7229"}],"wp:term":[{"taxonomy":"pwb-brand","embeddable":true,"href":"https:\/\/www.visionix.com\/fr\/wp-json\/wp\/v2\/pwb-brand?post=7229"},{"taxonomy":"product_brand","embeddable":true,"href":"https:\/\/www.visionix.com\/fr\/wp-json\/wp\/v2\/product_brand?post=7229"},{"taxonomy":"product_cat","embeddable":true,"href":"https:\/\/www.visionix.com\/fr\/wp-json\/wp\/v2\/product_cat?post=7229"},{"taxonomy":"product_tag","embeddable":true,"href":"https:\/\/www.visionix.com\/fr\/wp-json\/wp\/v2\/product_tag?post=7229"}],"curies":[{"name":"wp","href":"https:\/\/api.w.org\/{rel}","templated":true}]}}