{"id":7221,"date":"2022-03-07T14:34:09","date_gmt":"2022-03-07T13:34:09","guid":{"rendered":"https:\/\/www.visionix.com\/produit\/visionix-vx130\/"},"modified":"2026-02-25T11:05:05","modified_gmt":"2026-02-25T10:05:05","slug":"vx-130","status":"publish","type":"product","link":"https:\/\/www.visionix.com\/fr\/product\/vx-130\/","title":{"rendered":"Equipement multimodal VX 130+"},"content":{"rendered":"<p>Le VX 130+ est le dispositif de suivi de sant\u00e9 visuelle id\u00e9al. Profilage des patients, accompagnement du pr\u00e9- au post-op\u00e9ratoire. Le VX 130+ combine des technologies de pointe (cam\u00e9ra Scheimpflug \u00e0 balayage, tonom\u00e8tre \u00e0 air, aberrom\u00e8tre, topographe corn\u00e9en) et fournit les donn\u00e9es essentielles \u00e0 une meilleure prise en charge des patients quel que soit leur profil. Sa prise de mesure enti\u00e8rement automatis\u00e9e en fait un outil simple \u00e0 utiliser.<\/p>\n","protected":false},"excerpt":{"rendered":"<p><strong>Adopter une approche multidiagnostique pour caract\u00e9riser le segment ant\u00e9rieur<\/strong><\/p>\n<p>Le VX 130+ est le dispositif de suivi de sant\u00e9 visuelle id\u00e9al. Profilage des patients, accompagnement du pr\u00e9- au post-op\u00e9ratoire. Le VX 130+ combine des technologies de pointe (cam\u00e9ra Scheimpflug \u00e0 balayage, tonom\u00e8tre \u00e0 air, aberrom\u00e8tre, topographe corn\u00e9en) et fournit les donn\u00e9es essentielles \u00e0 une meilleure prise en charge des patients quel que soit leur profil. Sa prise de mesure enti\u00e8rement automatis\u00e9e en fait un outil simple \u00e0 utiliser.<\/p>\n","protected":false},"featured_media":49687,"template":"","meta":{"_acf_changed":false,"content-type":"","footnotes":""},"pwb-brand":[509],"product_brand":[],"product_cat":[209,184],"product_tag":[],"class_list":{"0":"post-7221","1":"product","2":"type-product","3":"status-publish","4":"has-post-thumbnail","6":"pwb-brand-visionix-fr","7":"product_cat-ophtalmologie-instruments","8":"product_cat-orthoptie-instrument","10":"first","11":"instock","12":"product-type-simple"},"acf":[],"brands":[{"id":509,"name":"Visionix","slug":"visionix-fr"}],"_links":{"self":[{"href":"https:\/\/www.visionix.com\/fr\/wp-json\/wp\/v2\/product\/7221","targetHints":{"allow":["GET"]}}],"collection":[{"href":"https:\/\/www.visionix.com\/fr\/wp-json\/wp\/v2\/product"}],"about":[{"href":"https:\/\/www.visionix.com\/fr\/wp-json\/wp\/v2\/types\/product"}],"version-history":[{"count":11,"href":"https:\/\/www.visionix.com\/fr\/wp-json\/wp\/v2\/product\/7221\/revisions"}],"predecessor-version":[{"id":14796,"href":"https:\/\/www.visionix.com\/fr\/wp-json\/wp\/v2\/product\/7221\/revisions\/14796"}],"wp:featuredmedia":[{"embeddable":true,"href":"https:\/\/www.visionix.com\/fr\/wp-json\/wp\/v2\/media\/49687"}],"wp:attachment":[{"href":"https:\/\/www.visionix.com\/fr\/wp-json\/wp\/v2\/media?parent=7221"}],"wp:term":[{"taxonomy":"pwb-brand","embeddable":true,"href":"https:\/\/www.visionix.com\/fr\/wp-json\/wp\/v2\/pwb-brand?post=7221"},{"taxonomy":"product_brand","embeddable":true,"href":"https:\/\/www.visionix.com\/fr\/wp-json\/wp\/v2\/product_brand?post=7221"},{"taxonomy":"product_cat","embeddable":true,"href":"https:\/\/www.visionix.com\/fr\/wp-json\/wp\/v2\/product_cat?post=7221"},{"taxonomy":"product_tag","embeddable":true,"href":"https:\/\/www.visionix.com\/fr\/wp-json\/wp\/v2\/product_tag?post=7221"}],"curies":[{"name":"wp","href":"https:\/\/api.w.org\/{rel}","templated":true}]}}