{"id":7213,"date":"2022-03-07T14:34:09","date_gmt":"2022-03-07T13:34:09","guid":{"rendered":"https:\/\/www.visionix.com\/produit\/visionix-vx25\/"},"modified":"2026-02-03T14:32:56","modified_gmt":"2026-02-03T13:32:56","slug":"vx-25","status":"publish","type":"product","link":"https:\/\/www.visionix.com\/fr\/product\/vx-25\/","title":{"rendered":"R\u00e9fracteur Visionix VX 25"},"content":{"rendered":"<p>Le Vx 25 est \u00e9cran \u00ab\u00a0gain d&rsquo;espace\u00a0\u00bb est con\u00e7u pour fournir des r\u00e9sultats optimaux en salle d&rsquo;examen gr\u00e2ce \u00e0 son design ergonomique, \u00e0 son style \u00e9pur\u00e9, et aux nombreux tests qu&rsquo;il propose.<br \/>\nIl permet d&rsquo;\u00e9tablir des diagnostics en mati\u00e8re d&rsquo;acuit\u00e9 visuelle et de vision binoculaire. Coupl\u00e9 \u00e0 l&rsquo;Eye Refract ou au VX 65 il vous permet d&rsquo;optimiser votre espace de r\u00e9fraction le tout prenant moins de 1m20 au sol.<\/p>\n","protected":false},"excerpt":{"rendered":"<p><strong>Afficheur courte distance \u00e0 faible encombrement<\/strong>.<\/p>\n<p>Cet \u00e9cran \u00ab\u00a0gain d&rsquo;espace\u00a0\u00bb est con\u00e7u pour fournir des r\u00e9sultats optimaux en salle d&rsquo;examen gr\u00e2ce \u00e0 son design ergonomique, \u00e0 son style \u00e9pur\u00e9, et aux nombreux tests qu&rsquo;il propose.<br \/>\nIl permet d&rsquo;\u00e9tablir des diagnostics en mati\u00e8re d&rsquo;acuit\u00e9 visuelle et de vision binoculaire. Coupl\u00e9 \u00e0 l&rsquo;Eye Refract ou au VX 65 il vous permet d&rsquo;optimiser votre espace de r\u00e9fraction le tout prenant moins de 1m20 au sol.<\/p>\n","protected":false},"featured_media":59359,"template":"","meta":{"_acf_changed":false,"content-type":"","footnotes":""},"pwb-brand":[509],"product_brand":[],"product_cat":[209,183,184],"product_tag":[],"class_list":{"0":"post-7213","1":"product","2":"type-product","3":"status-publish","4":"has-post-thumbnail","6":"pwb-brand-visionix-fr","7":"product_cat-ophtalmologie-instruments","8":"product_cat-optique-equipement","9":"product_cat-orthoptie-instrument","11":"first","12":"instock","13":"product-type-simple"},"acf":[],"brands":[{"id":509,"name":"Visionix","slug":"visionix-fr"}],"_links":{"self":[{"href":"https:\/\/www.visionix.com\/fr\/wp-json\/wp\/v2\/product\/7213","targetHints":{"allow":["GET"]}}],"collection":[{"href":"https:\/\/www.visionix.com\/fr\/wp-json\/wp\/v2\/product"}],"about":[{"href":"https:\/\/www.visionix.com\/fr\/wp-json\/wp\/v2\/types\/product"}],"version-history":[{"count":12,"href":"https:\/\/www.visionix.com\/fr\/wp-json\/wp\/v2\/product\/7213\/revisions"}],"predecessor-version":[{"id":77762,"href":"https:\/\/www.visionix.com\/fr\/wp-json\/wp\/v2\/product\/7213\/revisions\/77762"}],"wp:featuredmedia":[{"embeddable":true,"href":"https:\/\/www.visionix.com\/fr\/wp-json\/wp\/v2\/media\/59359"}],"wp:attachment":[{"href":"https:\/\/www.visionix.com\/fr\/wp-json\/wp\/v2\/media?parent=7213"}],"wp:term":[{"taxonomy":"pwb-brand","embeddable":true,"href":"https:\/\/www.visionix.com\/fr\/wp-json\/wp\/v2\/pwb-brand?post=7213"},{"taxonomy":"product_brand","embeddable":true,"href":"https:\/\/www.visionix.com\/fr\/wp-json\/wp\/v2\/product_brand?post=7213"},{"taxonomy":"product_cat","embeddable":true,"href":"https:\/\/www.visionix.com\/fr\/wp-json\/wp\/v2\/product_cat?post=7213"},{"taxonomy":"product_tag","embeddable":true,"href":"https:\/\/www.visionix.com\/fr\/wp-json\/wp\/v2\/product_tag?post=7213"}],"curies":[{"name":"wp","href":"https:\/\/api.w.org\/{rel}","templated":true}]}}