{"id":7209,"date":"2022-03-07T14:34:09","date_gmt":"2022-03-07T13:34:09","guid":{"rendered":"https:\/\/www.visionix.com\/produit\/visionix-vx22\/"},"modified":"2026-02-03T14:42:05","modified_gmt":"2026-02-03T13:42:05","slug":"vx-22","status":"publish","type":"product","link":"https:\/\/www.visionix.com\/fr\/product\/vx-22\/","title":{"rendered":"Afficheur d&rsquo;optoypes Visionix VX 22"},"content":{"rendered":"<p>Un afficheur d&rsquo;optotypes qui offre un large \u00e9ventail de tests dont l&rsquo;acuit\u00e9 visuelle et la vision des couleurs. Complet et ergonomique, cet appareil est simple \u00e0 utiliser et a \u00e9t\u00e9 con\u00e7u pour un r\u00e9sultat optimal en salle d&rsquo;examen. L&rsquo;\u00e9cran LCD VX 22, au style \u00e9pur\u00e9, mesure 23.6&Prime; et est disponible en 3 versions : non polaris\u00e9, polaris\u00e9 lin\u00e9aire et polaris\u00e9 circulaire.<\/p>\n","protected":false},"excerpt":{"rendered":"<p><strong>Un afficheur complet<\/strong><\/p>\n<p>Un afficheur d&rsquo;optotypes qui offre un large \u00e9ventail de tests dont l&rsquo;acuit\u00e9 visuelle et la vision des couleurs. Complet et ergonomique, cet appareil est simple \u00e0 utiliser et a \u00e9t\u00e9 con\u00e7u pour un r\u00e9sultat optimal en salle d&rsquo;examen. L&rsquo;\u00e9cran LCD VX 22, au style \u00e9pur\u00e9, mesure 23.6&Prime; et est disponible en 3 versions : non polaris\u00e9, polaris\u00e9 lin\u00e9aire et polaris\u00e9 circulaire.<\/p>\n","protected":false},"featured_media":42635,"template":"","meta":{"_acf_changed":false,"content-type":"","footnotes":""},"pwb-brand":[509],"product_brand":[],"product_cat":[209,183,184],"product_tag":[],"class_list":{"0":"post-7209","1":"product","2":"type-product","3":"status-publish","4":"has-post-thumbnail","6":"pwb-brand-visionix-fr","7":"product_cat-ophtalmologie-instruments","8":"product_cat-optique-equipement","9":"product_cat-orthoptie-instrument","11":"first","12":"instock","13":"product-type-simple"},"acf":[],"brands":[{"id":509,"name":"Visionix","slug":"visionix-fr"}],"_links":{"self":[{"href":"https:\/\/www.visionix.com\/fr\/wp-json\/wp\/v2\/product\/7209","targetHints":{"allow":["GET"]}}],"collection":[{"href":"https:\/\/www.visionix.com\/fr\/wp-json\/wp\/v2\/product"}],"about":[{"href":"https:\/\/www.visionix.com\/fr\/wp-json\/wp\/v2\/types\/product"}],"version-history":[{"count":14,"href":"https:\/\/www.visionix.com\/fr\/wp-json\/wp\/v2\/product\/7209\/revisions"}],"predecessor-version":[{"id":77765,"href":"https:\/\/www.visionix.com\/fr\/wp-json\/wp\/v2\/product\/7209\/revisions\/77765"}],"wp:featuredmedia":[{"embeddable":true,"href":"https:\/\/www.visionix.com\/fr\/wp-json\/wp\/v2\/media\/42635"}],"wp:attachment":[{"href":"https:\/\/www.visionix.com\/fr\/wp-json\/wp\/v2\/media?parent=7209"}],"wp:term":[{"taxonomy":"pwb-brand","embeddable":true,"href":"https:\/\/www.visionix.com\/fr\/wp-json\/wp\/v2\/pwb-brand?post=7209"},{"taxonomy":"product_brand","embeddable":true,"href":"https:\/\/www.visionix.com\/fr\/wp-json\/wp\/v2\/product_brand?post=7209"},{"taxonomy":"product_cat","embeddable":true,"href":"https:\/\/www.visionix.com\/fr\/wp-json\/wp\/v2\/product_cat?post=7209"},{"taxonomy":"product_tag","embeddable":true,"href":"https:\/\/www.visionix.com\/fr\/wp-json\/wp\/v2\/product_tag?post=7209"}],"curies":[{"name":"wp","href":"https:\/\/api.w.org\/{rel}","templated":true}]}}