{"id":71065,"date":"2022-03-22T12:02:21","date_gmt":"2022-03-22T11:02:21","guid":{"rendered":"https:\/\/www.visionix.com\/product\/vx-205-2\/"},"modified":"2025-06-10T10:49:07","modified_gmt":"2025-06-10T08:49:07","slug":"vx-205-2","status":"publish","type":"product","link":"https:\/\/www.visionix.com\/fr\/product\/vx-205-2\/","title":{"rendered":"VX 205"},"content":{"rendered":"<p><strong data-start=\"53\" data-end=\"110\">Le VX 205 est un topographe corn\u00e9en multifonctionnel.<\/strong><br data-start=\"110\" data-end=\"113\" \/>La mesure topographique pr\u00e9cise vous fournit les donn\u00e9es n\u00e9cessaires pour un ajustement personnalis\u00e9 des lentilles de contact. De plus, le logiciel offre de nombreuses fonctions de d\u00e9pistage pour d\u00e9tecter les modifications de la surface corn\u00e9enne.<br data-start=\"360\" data-end=\"363\" \/>Le logiciel comprend un d\u00e9pistage sp\u00e9cifique pour le syndrome de l\u2019\u0153il sec. Identifiez et analysez les signes d\u2019un \u0153il sec et proposez \u00e0 vos clients un conseil complet.<\/p>\n","protected":false},"excerpt":{"rendered":"<p><strong data-start=\"75\" data-end=\"129\">Le VX 205 est un topographe corn\u00e9en multifonction.<\/strong><br data-start=\"129\" data-end=\"132\" \/>Gr\u00e2ce \u00e0 des mesures topographiques pr\u00e9cises, il fournit les donn\u00e9es n\u00e9cessaires pour une adaptation personnalis\u00e9e des lentilles de contact.<br data-start=\"271\" data-end=\"274\" \/>Son logiciel int\u00e9gr\u00e9 propose \u00e9galement de nombreuses fonctions de d\u00e9pistage permettant d\u2019identifier les alt\u00e9rations de la surface corn\u00e9enne.<br data-start=\"414\" data-end=\"417\" \/>Il comprend notamment un module sp\u00e9cifique d\u00e9di\u00e9 au d\u00e9pistage du syndrome de l\u2019\u0153il sec.<br data-start=\"504\" data-end=\"507\" \/>Identifiez et analysez les signes de s\u00e9cheresse oculaire et offrez \u00e0 vos patients un accompagnement complet.<\/p>\n","protected":false},"featured_media":24949,"template":"","meta":{"_acf_changed":false,"content-type":"","footnotes":""},"pwb-brand":[],"product_brand":[],"product_cat":[209],"product_tag":[],"class_list":{"0":"post-71065","1":"product","2":"type-product","3":"status-publish","4":"has-post-thumbnail","6":"product_cat-ophtalmologie-instruments","8":"first","9":"instock","10":"product-type-simple"},"acf":[],"brands":[],"_links":{"self":[{"href":"https:\/\/www.visionix.com\/fr\/wp-json\/wp\/v2\/product\/71065","targetHints":{"allow":["GET"]}}],"collection":[{"href":"https:\/\/www.visionix.com\/fr\/wp-json\/wp\/v2\/product"}],"about":[{"href":"https:\/\/www.visionix.com\/fr\/wp-json\/wp\/v2\/types\/product"}],"version-history":[{"count":2,"href":"https:\/\/www.visionix.com\/fr\/wp-json\/wp\/v2\/product\/71065\/revisions"}],"predecessor-version":[{"id":71115,"href":"https:\/\/www.visionix.com\/fr\/wp-json\/wp\/v2\/product\/71065\/revisions\/71115"}],"wp:featuredmedia":[{"embeddable":true,"href":"https:\/\/www.visionix.com\/fr\/wp-json\/wp\/v2\/media\/24949"}],"wp:attachment":[{"href":"https:\/\/www.visionix.com\/fr\/wp-json\/wp\/v2\/media?parent=71065"}],"wp:term":[{"taxonomy":"pwb-brand","embeddable":true,"href":"https:\/\/www.visionix.com\/fr\/wp-json\/wp\/v2\/pwb-brand?post=71065"},{"taxonomy":"product_brand","embeddable":true,"href":"https:\/\/www.visionix.com\/fr\/wp-json\/wp\/v2\/product_brand?post=71065"},{"taxonomy":"product_cat","embeddable":true,"href":"https:\/\/www.visionix.com\/fr\/wp-json\/wp\/v2\/product_cat?post=71065"},{"taxonomy":"product_tag","embeddable":true,"href":"https:\/\/www.visionix.com\/fr\/wp-json\/wp\/v2\/product_tag?post=71065"}],"curies":[{"name":"wp","href":"https:\/\/api.w.org\/{rel}","templated":true}]}}