{"id":7094,"date":"2022-03-07T14:34:09","date_gmt":"2022-03-07T13:34:09","guid":{"rendered":"https:\/\/www.visionix.com\/produit\/visionix-vx40\/"},"modified":"2026-02-03T12:20:50","modified_gmt":"2026-02-03T11:20:50","slug":"vx-40","status":"publish","type":"product","link":"https:\/\/www.visionix.com\/fr\/product\/vx-40\/","title":{"rendered":"Frontofocom\u00e8tre VX 40"},"content":{"rendered":"<p>La technologie Wavefront de Visionix vous permet d&rsquo;obtenir une analyse d\u00e9taill\u00e9e des verres d&rsquo;un simple geste. Faites l&rsquo;exp\u00e9rience de la prochaine g\u00e9n\u00e9ration de frontofocom\u00e8tres avec le VX 40. Le VX 40 peut d\u00e9tecter et analyser les verres simples, bifocaux et progressifs et est compatible avec toutes les technologies et marques de verres.<\/p>\n","protected":false},"excerpt":{"rendered":"<p><strong>Le frontofocom\u00e8tre pour une analyse d\u00e9taill\u00e9e et automatique des verres en 30 secondes<\/strong><\/p>\n<p>Le <span class=\"notion-enable-hover\" data-token-index=\"1\">frontofocom\u00e8tre VX 40<\/span> de Visionix int\u00e8gre la technologie Wavefront pour une analyse d\u00e9taill\u00e9e des verres en un seul geste. V\u00e9ritable concentr\u00e9 d\u2019innovation, il d\u00e9tecte et identifie automatiquement les verres unifocaux, bifocaux et progressifs, quelle que soit la marque ou la technologie utilis\u00e9e. Le VX 40 incarne la nouvelle g\u00e9n\u00e9ration de frontofocom\u00e8tres, alliant simplicit\u00e9 d\u2019usage, pr\u00e9cision et compatibilit\u00e9 totale<!-- notionvc: af6544e6-08c1-4079-936b-425b165d512d --><\/p>\n","protected":false},"featured_media":48511,"template":"","meta":{"_acf_changed":false,"content-type":"","footnotes":""},"pwb-brand":[509],"product_brand":[],"product_cat":[209,183,184],"product_tag":[],"class_list":{"0":"post-7094","1":"product","2":"type-product","3":"status-publish","4":"has-post-thumbnail","6":"pwb-brand-visionix-fr","7":"product_cat-ophtalmologie-instruments","8":"product_cat-optique-equipement","9":"product_cat-orthoptie-instrument","11":"first","12":"instock","13":"product-type-simple"},"acf":[],"brands":[{"id":509,"name":"Visionix","slug":"visionix-fr"}],"_links":{"self":[{"href":"https:\/\/www.visionix.com\/fr\/wp-json\/wp\/v2\/product\/7094","targetHints":{"allow":["GET"]}}],"collection":[{"href":"https:\/\/www.visionix.com\/fr\/wp-json\/wp\/v2\/product"}],"about":[{"href":"https:\/\/www.visionix.com\/fr\/wp-json\/wp\/v2\/types\/product"}],"version-history":[{"count":16,"href":"https:\/\/www.visionix.com\/fr\/wp-json\/wp\/v2\/product\/7094\/revisions"}],"predecessor-version":[{"id":77749,"href":"https:\/\/www.visionix.com\/fr\/wp-json\/wp\/v2\/product\/7094\/revisions\/77749"}],"wp:featuredmedia":[{"embeddable":true,"href":"https:\/\/www.visionix.com\/fr\/wp-json\/wp\/v2\/media\/48511"}],"wp:attachment":[{"href":"https:\/\/www.visionix.com\/fr\/wp-json\/wp\/v2\/media?parent=7094"}],"wp:term":[{"taxonomy":"pwb-brand","embeddable":true,"href":"https:\/\/www.visionix.com\/fr\/wp-json\/wp\/v2\/pwb-brand?post=7094"},{"taxonomy":"product_brand","embeddable":true,"href":"https:\/\/www.visionix.com\/fr\/wp-json\/wp\/v2\/product_brand?post=7094"},{"taxonomy":"product_cat","embeddable":true,"href":"https:\/\/www.visionix.com\/fr\/wp-json\/wp\/v2\/product_cat?post=7094"},{"taxonomy":"product_tag","embeddable":true,"href":"https:\/\/www.visionix.com\/fr\/wp-json\/wp\/v2\/product_tag?post=7094"}],"curies":[{"name":"wp","href":"https:\/\/api.w.org\/{rel}","templated":true}]}}