{"id":7085,"date":"2022-03-07T14:34:09","date_gmt":"2022-03-07T13:34:09","guid":{"rendered":"https:\/\/www.visionix.com\/produit\/visionix-vx36\/"},"modified":"2026-03-18T15:05:32","modified_gmt":"2026-03-18T14:05:32","slug":"vx-36","status":"publish","type":"product","link":"https:\/\/www.visionix.com\/fr\/product\/vx-36\/","title":{"rendered":"Frontofocom\u00e8tre VX 36"},"content":{"rendered":"<p>Cette nouvelle g\u00e9n\u00e9ration de frontofocom\u00e8tre permet la mesure du taux de transmission de la lumi\u00e8re bleue et offre une interface utilisateur intuitive pour effectuer des mesures de verres simplement et rapidement.<\/p>\n","protected":false},"excerpt":{"rendered":"<p><strong>R\u00e9alisez des mesures de verres simplement et rapidement<\/strong>.<\/p>\n<p>Cette nouvelle g\u00e9n\u00e9ration de frontofocom\u00e8tre permet la mesure du taux de transmission de la lumi\u00e8re bleue et offre une interface utilisateur intuitive pour effectuer des mesures de verres simplement et rapidement.<\/p>\n","protected":false},"featured_media":55790,"template":"","meta":{"_acf_changed":false,"content-type":"","footnotes":""},"pwb-brand":[509],"product_brand":[],"product_cat":[209,183,184],"product_tag":[],"class_list":{"0":"post-7085","1":"product","2":"type-product","3":"status-publish","4":"has-post-thumbnail","6":"pwb-brand-visionix-fr","7":"product_cat-ophtalmologie-instruments","8":"product_cat-optique-equipement","9":"product_cat-orthoptie-instrument","11":"first","12":"instock","13":"product-type-simple"},"acf":[],"brands":[{"id":509,"name":"Visionix","slug":"visionix-fr"}],"_links":{"self":[{"href":"https:\/\/www.visionix.com\/fr\/wp-json\/wp\/v2\/product\/7085","targetHints":{"allow":["GET"]}}],"collection":[{"href":"https:\/\/www.visionix.com\/fr\/wp-json\/wp\/v2\/product"}],"about":[{"href":"https:\/\/www.visionix.com\/fr\/wp-json\/wp\/v2\/types\/product"}],"version-history":[{"count":11,"href":"https:\/\/www.visionix.com\/fr\/wp-json\/wp\/v2\/product\/7085\/revisions"}],"predecessor-version":[{"id":78692,"href":"https:\/\/www.visionix.com\/fr\/wp-json\/wp\/v2\/product\/7085\/revisions\/78692"}],"wp:featuredmedia":[{"embeddable":true,"href":"https:\/\/www.visionix.com\/fr\/wp-json\/wp\/v2\/media\/55790"}],"wp:attachment":[{"href":"https:\/\/www.visionix.com\/fr\/wp-json\/wp\/v2\/media?parent=7085"}],"wp:term":[{"taxonomy":"pwb-brand","embeddable":true,"href":"https:\/\/www.visionix.com\/fr\/wp-json\/wp\/v2\/pwb-brand?post=7085"},{"taxonomy":"product_brand","embeddable":true,"href":"https:\/\/www.visionix.com\/fr\/wp-json\/wp\/v2\/product_brand?post=7085"},{"taxonomy":"product_cat","embeddable":true,"href":"https:\/\/www.visionix.com\/fr\/wp-json\/wp\/v2\/product_cat?post=7085"},{"taxonomy":"product_tag","embeddable":true,"href":"https:\/\/www.visionix.com\/fr\/wp-json\/wp\/v2\/product_tag?post=7085"}],"curies":[{"name":"wp","href":"https:\/\/api.w.org\/{rel}","templated":true}]}}