{"id":7083,"date":"2022-03-07T14:34:09","date_gmt":"2022-03-07T13:34:09","guid":{"rendered":"https:\/\/www.visionix.com\/produit\/visionix-vx70\/"},"modified":"2026-02-03T16:40:57","modified_gmt":"2026-02-03T15:40:57","slug":"vx-70","status":"publish","type":"product","link":"https:\/\/www.visionix.com\/fr\/product\/vx-70\/","title":{"rendered":"Lampe \u00e0 fente VX 70"},"content":{"rendered":"<p>Le design moderne et les lentilles optiques trait\u00e9es anti-reflets (multicouche) de la lampe \u00e0 fente VX 70 transmettent la lumi\u00e8re plus efficacement. La lampe \u00e0 fente VX 70 vous permettra de r\u00e9aliser facilement tous les examens.<br \/>\nLa lumi\u00e8re LED consomme moins d&rsquo;\u00e9nergie et peut donc durer pr\u00e8s de cent fois plus longtemps qu&rsquo;une source halog\u00e8ne. La LED fournit \u00e9galement un \u00e9clairage plus uniforme, augmentant la qualit\u00e9 de l&rsquo;image.<\/p>\n","protected":false},"excerpt":{"rendered":"<h2><strong>Lampe \u00e0 fente d&rsquo;examen <\/strong><\/h2>\n<p>Le design moderne et les lentilles optiques trait\u00e9es anti-reflets (multicouche) de la Visionix VX 70 transmettent la lumi\u00e8re plus efficacement. La lampe \u00e0 fente VX 70 vous permettra de r\u00e9aliser facilement tous les examens.<br \/>\nLa lumi\u00e8re LED consomme moins d&rsquo;\u00e9nergie et peut donc durer pr\u00e8s de cent fois plus longtemps qu&rsquo;une source halog\u00e8ne. La LED fournit \u00e9galement un \u00e9clairage plus uniforme, augmentant la qualit\u00e9 de l&rsquo;image.<\/p>\n","protected":false},"featured_media":40852,"template":"","meta":{"_acf_changed":false,"content-type":"","footnotes":""},"pwb-brand":[509],"product_brand":[],"product_cat":[209,183,184],"product_tag":[],"class_list":{"0":"post-7083","1":"product","2":"type-product","3":"status-publish","4":"has-post-thumbnail","6":"pwb-brand-visionix-fr","7":"product_cat-ophtalmologie-instruments","8":"product_cat-optique-equipement","9":"product_cat-orthoptie-instrument","11":"first","12":"instock","13":"product-type-simple"},"acf":[],"brands":[{"id":509,"name":"Visionix","slug":"visionix-fr"}],"_links":{"self":[{"href":"https:\/\/www.visionix.com\/fr\/wp-json\/wp\/v2\/product\/7083","targetHints":{"allow":["GET"]}}],"collection":[{"href":"https:\/\/www.visionix.com\/fr\/wp-json\/wp\/v2\/product"}],"about":[{"href":"https:\/\/www.visionix.com\/fr\/wp-json\/wp\/v2\/types\/product"}],"version-history":[{"count":6,"href":"https:\/\/www.visionix.com\/fr\/wp-json\/wp\/v2\/product\/7083\/revisions"}],"predecessor-version":[{"id":77792,"href":"https:\/\/www.visionix.com\/fr\/wp-json\/wp\/v2\/product\/7083\/revisions\/77792"}],"wp:featuredmedia":[{"embeddable":true,"href":"https:\/\/www.visionix.com\/fr\/wp-json\/wp\/v2\/media\/40852"}],"wp:attachment":[{"href":"https:\/\/www.visionix.com\/fr\/wp-json\/wp\/v2\/media?parent=7083"}],"wp:term":[{"taxonomy":"pwb-brand","embeddable":true,"href":"https:\/\/www.visionix.com\/fr\/wp-json\/wp\/v2\/pwb-brand?post=7083"},{"taxonomy":"product_brand","embeddable":true,"href":"https:\/\/www.visionix.com\/fr\/wp-json\/wp\/v2\/product_brand?post=7083"},{"taxonomy":"product_cat","embeddable":true,"href":"https:\/\/www.visionix.com\/fr\/wp-json\/wp\/v2\/product_cat?post=7083"},{"taxonomy":"product_tag","embeddable":true,"href":"https:\/\/www.visionix.com\/fr\/wp-json\/wp\/v2\/product_tag?post=7083"}],"curies":[{"name":"wp","href":"https:\/\/api.w.org\/{rel}","templated":true}]}}