{"id":7076,"date":"2022-03-07T14:34:09","date_gmt":"2022-03-07T13:34:09","guid":{"rendered":"https:\/\/www.visionix.com\/produit\/visionix-vx75\/"},"modified":"2024-01-15T13:13:08","modified_gmt":"2024-01-15T12:13:08","slug":"lampe-a-fente-vx-75","status":"publish","type":"product","link":"https:\/\/www.visionix.com\/fr\/product\/lampe-a-fente-vx-75\/","title":{"rendered":"Visionix VX 75"},"content":{"rendered":"<p>La lampe \u00e0 fente avec \u00e9clairage (par le haut) vous assure une s\u00e9curit\u00e9 d&rsquo;utilisation sans faille gr\u00e2ce \u00e0 une optique et une technique d&rsquo;\u00e9clairage \u00e9prouv\u00e9e.<\/p>\n","protected":false},"excerpt":{"rendered":"<p><strong>Lampe \u00e0 fente d&rsquo;examen<\/strong><\/p>\n<p>La lampe \u00e0 fente avec \u00e9clairage (par le haut) vous assure une s\u00e9curit\u00e9 d&rsquo;utilisation sans faille gr\u00e2ce \u00e0 une optique et une technique d&rsquo;\u00e9clairage \u00e9prouv\u00e9e.<\/p>\n","protected":false},"featured_media":9917,"template":"","meta":{"_acf_changed":false,"content-type":"","footnotes":""},"pwb-brand":[509],"product_brand":[],"product_cat":[209,183,184],"product_tag":[],"class_list":{"0":"post-7076","1":"product","2":"type-product","3":"status-publish","4":"has-post-thumbnail","6":"pwb-brand-visionix-fr","7":"product_cat-ophtalmologie-instruments","8":"product_cat-optique-equipement","9":"product_cat-orthoptie-instrument","10":"pa_product-family-diagnostic-fr","11":"pa_product-type-slit-lamps-fr","13":"first","14":"instock","15":"product-type-simple"},"acf":[],"brands":[{"id":509,"name":"Visionix","slug":"visionix-fr"}],"_links":{"self":[{"href":"https:\/\/www.visionix.com\/fr\/wp-json\/wp\/v2\/product\/7076","targetHints":{"allow":["GET"]}}],"collection":[{"href":"https:\/\/www.visionix.com\/fr\/wp-json\/wp\/v2\/product"}],"about":[{"href":"https:\/\/www.visionix.com\/fr\/wp-json\/wp\/v2\/types\/product"}],"version-history":[{"count":9,"href":"https:\/\/www.visionix.com\/fr\/wp-json\/wp\/v2\/product\/7076\/revisions"}],"predecessor-version":[{"id":36760,"href":"https:\/\/www.visionix.com\/fr\/wp-json\/wp\/v2\/product\/7076\/revisions\/36760"}],"wp:featuredmedia":[{"embeddable":true,"href":"https:\/\/www.visionix.com\/fr\/wp-json\/wp\/v2\/media\/9917"}],"wp:attachment":[{"href":"https:\/\/www.visionix.com\/fr\/wp-json\/wp\/v2\/media?parent=7076"}],"wp:term":[{"taxonomy":"pwb-brand","embeddable":true,"href":"https:\/\/www.visionix.com\/fr\/wp-json\/wp\/v2\/pwb-brand?post=7076"},{"taxonomy":"product_brand","embeddable":true,"href":"https:\/\/www.visionix.com\/fr\/wp-json\/wp\/v2\/product_brand?post=7076"},{"taxonomy":"product_cat","embeddable":true,"href":"https:\/\/www.visionix.com\/fr\/wp-json\/wp\/v2\/product_cat?post=7076"},{"taxonomy":"product_tag","embeddable":true,"href":"https:\/\/www.visionix.com\/fr\/wp-json\/wp\/v2\/product_tag?post=7076"}],"curies":[{"name":"wp","href":"https:\/\/api.w.org\/{rel}","templated":true}]}}