{"id":7064,"date":"2022-03-07T14:34:09","date_gmt":"2022-03-07T13:34:09","guid":{"rendered":"https:\/\/www.visionix.com\/produit\/visionix-vx90\/"},"modified":"2026-02-03T15:41:49","modified_gmt":"2026-02-03T14:41:49","slug":"vx-90","status":"publish","type":"product","link":"https:\/\/www.visionix.com\/fr\/product\/vx-90\/","title":{"rendered":"Auto r\u00e9fractom\u00e8tre VX90"},"content":{"rendered":"<p>Autor\u00e9fracto-k\u00e9ratom\u00e8tre dot\u00e9 d&rsquo;un syst\u00e8me de brouillage qui permet de mieux rel\u00e2cher l&rsquo;accommodation le VX 90 permet d&rsquo;obtenir une r\u00e9fraction objective dans les meilleures conditions. Outre la r\u00e9fraction, l&rsquo;appareil comprend la k\u00e9ratom\u00e9trie et une focntion de r\u00e9tro-illumination pour la cataracte.<\/p>\n","protected":false},"excerpt":{"rendered":"<p><strong>ARK avec syst\u00e8me de brouillage<\/strong><\/p>\n<p>Autor\u00e9fracto-k\u00e9ratom\u00e8tre dot\u00e9 d&rsquo;un syst\u00e8me de brouillage qui permet de mieux rel\u00e2cher l&rsquo;accommodation le VX 90 permet d&rsquo;obtenir une r\u00e9fraction objective dans les meilleures conditions. Outre la r\u00e9fraction, l&rsquo;appareil comprend la k\u00e9ratom\u00e9trie et une fonction de r\u00e9tro-illumination pour la cataracte.<\/p>\n","protected":false},"featured_media":55711,"template":"","meta":{"_acf_changed":false,"content-type":"","footnotes":""},"pwb-brand":[509],"product_brand":[],"product_cat":[209,183,184],"product_tag":[],"class_list":{"0":"post-7064","1":"product","2":"type-product","3":"status-publish","4":"has-post-thumbnail","6":"pwb-brand-visionix-fr","7":"product_cat-ophtalmologie-instruments","8":"product_cat-optique-equipement","9":"product_cat-orthoptie-instrument","11":"first","12":"instock","13":"product-type-simple"},"acf":[],"brands":[{"id":509,"name":"Visionix","slug":"visionix-fr"}],"_links":{"self":[{"href":"https:\/\/www.visionix.com\/fr\/wp-json\/wp\/v2\/product\/7064","targetHints":{"allow":["GET"]}}],"collection":[{"href":"https:\/\/www.visionix.com\/fr\/wp-json\/wp\/v2\/product"}],"about":[{"href":"https:\/\/www.visionix.com\/fr\/wp-json\/wp\/v2\/types\/product"}],"version-history":[{"count":14,"href":"https:\/\/www.visionix.com\/fr\/wp-json\/wp\/v2\/product\/7064\/revisions"}],"predecessor-version":[{"id":77773,"href":"https:\/\/www.visionix.com\/fr\/wp-json\/wp\/v2\/product\/7064\/revisions\/77773"}],"wp:featuredmedia":[{"embeddable":true,"href":"https:\/\/www.visionix.com\/fr\/wp-json\/wp\/v2\/media\/55711"}],"wp:attachment":[{"href":"https:\/\/www.visionix.com\/fr\/wp-json\/wp\/v2\/media?parent=7064"}],"wp:term":[{"taxonomy":"pwb-brand","embeddable":true,"href":"https:\/\/www.visionix.com\/fr\/wp-json\/wp\/v2\/pwb-brand?post=7064"},{"taxonomy":"product_brand","embeddable":true,"href":"https:\/\/www.visionix.com\/fr\/wp-json\/wp\/v2\/product_brand?post=7064"},{"taxonomy":"product_cat","embeddable":true,"href":"https:\/\/www.visionix.com\/fr\/wp-json\/wp\/v2\/product_cat?post=7064"},{"taxonomy":"product_tag","embeddable":true,"href":"https:\/\/www.visionix.com\/fr\/wp-json\/wp\/v2\/product_tag?post=7064"}],"curies":[{"name":"wp","href":"https:\/\/api.w.org\/{rel}","templated":true}]}}