{"id":7036,"date":"2022-03-07T14:34:09","date_gmt":"2022-03-07T13:34:09","guid":{"rendered":"https:\/\/www.visionix.com\/produit\/weco-e-32\/"},"modified":"2024-01-16T13:43:23","modified_gmt":"2024-01-16T12:43:23","slug":"weco-e32","status":"publish","type":"product","link":"https:\/\/www.visionix.com\/fr\/product\/weco-e32\/","title":{"rendered":"Weco E32"},"content":{"rendered":"<p>La Weco E32 est un syst\u00e8me de meulage tout-en-un qui int\u00e8gre le tra\u00e7age, le blocage, le meulage et le per\u00e7age.<br \/>\nce qui la rend id\u00e9ale pour les ateliers disposant de peu d&rsquo;espace et pour ceux qui recherchent une solution de finition simple et compl\u00e8te.<\/p>\n","protected":false},"excerpt":{"rendered":"<p><strong>Meulez en toute simplicit\u00e9<br \/>\n<\/strong><\/p>\n<p>La Weco E32 est un syst\u00e8me de meulage tout-en-un qui int\u00e8gre le tra\u00e7age, le blocage, le meulage et le per\u00e7age. ce qui la rend id\u00e9ale pour les ateliers disposant de peu d&rsquo;espace et pour ceux qui recherchent une solution de finition simple et compl\u00e8te.<\/p>\n","protected":false},"featured_media":42390,"template":"","meta":{"_acf_changed":false,"content-type":"","footnotes":""},"pwb-brand":[511],"product_brand":[],"product_cat":[183,184],"product_tag":[],"class_list":{"0":"post-7036","1":"product","2":"type-product","3":"status-publish","4":"has-post-thumbnail","6":"pwb-brand-weco-fr","7":"product_cat-optique-equipement","8":"product_cat-orthoptie-instrument","9":"pa_product-family-finishing-fr","10":"pa_product-type-edging-system-fr","12":"first","13":"instock","14":"product-type-simple"},"acf":[],"brands":[{"id":511,"name":"Weco","slug":"weco-fr"}],"_links":{"self":[{"href":"https:\/\/www.visionix.com\/fr\/wp-json\/wp\/v2\/product\/7036","targetHints":{"allow":["GET"]}}],"collection":[{"href":"https:\/\/www.visionix.com\/fr\/wp-json\/wp\/v2\/product"}],"about":[{"href":"https:\/\/www.visionix.com\/fr\/wp-json\/wp\/v2\/types\/product"}],"version-history":[{"count":12,"href":"https:\/\/www.visionix.com\/fr\/wp-json\/wp\/v2\/product\/7036\/revisions"}],"predecessor-version":[{"id":36429,"href":"https:\/\/www.visionix.com\/fr\/wp-json\/wp\/v2\/product\/7036\/revisions\/36429"}],"wp:featuredmedia":[{"embeddable":true,"href":"https:\/\/www.visionix.com\/fr\/wp-json\/wp\/v2\/media\/42390"}],"wp:attachment":[{"href":"https:\/\/www.visionix.com\/fr\/wp-json\/wp\/v2\/media?parent=7036"}],"wp:term":[{"taxonomy":"pwb-brand","embeddable":true,"href":"https:\/\/www.visionix.com\/fr\/wp-json\/wp\/v2\/pwb-brand?post=7036"},{"taxonomy":"product_brand","embeddable":true,"href":"https:\/\/www.visionix.com\/fr\/wp-json\/wp\/v2\/product_brand?post=7036"},{"taxonomy":"product_cat","embeddable":true,"href":"https:\/\/www.visionix.com\/fr\/wp-json\/wp\/v2\/product_cat?post=7036"},{"taxonomy":"product_tag","embeddable":true,"href":"https:\/\/www.visionix.com\/fr\/wp-json\/wp\/v2\/product_tag?post=7036"}],"curies":[{"name":"wp","href":"https:\/\/api.w.org\/{rel}","templated":true}]}}