{"id":60125,"date":"2024-12-23T17:09:37","date_gmt":"2024-12-23T16:09:37","guid":{"rendered":"https:\/\/www.visionix.com\/?post_type=product&#038;p=60125"},"modified":"2026-02-03T12:02:29","modified_gmt":"2026-02-03T11:02:29","slug":"weco-e13","status":"publish","type":"product","link":"https:\/\/www.visionix.com\/fr\/product\/weco-e13\/","title":{"rendered":"Meuleuse automatique Weco E13"},"content":{"rendered":"<p>Visionix pr\u00e9sente la nouvelle g\u00e9n\u00e9ration de meuleuses tout-en-un : Weco E13 qui offre des r\u00e9sultats exceptionnels pour vos montages, alliant fiabilit\u00e9 et accessibilit\u00e9. \u00c9galement disponible en version\u00a0 rainurage.<\/p>\n","protected":false},"excerpt":{"rendered":"<p><strong>Puissante simplicit\u00e9<\/strong><\/p>\n<p>Le Weco E13 est un syst\u00e8me de meulage tout-en-un qui comprend le tra\u00e7age, le blocage, le meulage, le rainage et le per\u00e7age en un seul appareil. Avec Weco E13 , l&rsquo;ajustement parfait est possible.<\/p>\n","protected":false},"featured_media":60138,"template":"","meta":{"_acf_changed":false,"content-type":"","footnotes":""},"pwb-brand":[511],"product_brand":[],"product_cat":[183,184],"product_tag":[560],"class_list":{"0":"post-60125","1":"product","2":"type-product","3":"status-publish","4":"has-post-thumbnail","6":"pwb-brand-weco-fr","7":"product_cat-optique-equipement","8":"product_cat-orthoptie-instrument","9":"product_tag-optical-lab-finishing-equipment-fr","11":"first","12":"instock","13":"product-type-simple"},"acf":[],"brands":[{"id":511,"name":"Weco","slug":"weco-fr"}],"_links":{"self":[{"href":"https:\/\/www.visionix.com\/fr\/wp-json\/wp\/v2\/product\/60125","targetHints":{"allow":["GET"]}}],"collection":[{"href":"https:\/\/www.visionix.com\/fr\/wp-json\/wp\/v2\/product"}],"about":[{"href":"https:\/\/www.visionix.com\/fr\/wp-json\/wp\/v2\/types\/product"}],"version-history":[{"count":7,"href":"https:\/\/www.visionix.com\/fr\/wp-json\/wp\/v2\/product\/60125\/revisions"}],"predecessor-version":[{"id":77744,"href":"https:\/\/www.visionix.com\/fr\/wp-json\/wp\/v2\/product\/60125\/revisions\/77744"}],"wp:featuredmedia":[{"embeddable":true,"href":"https:\/\/www.visionix.com\/fr\/wp-json\/wp\/v2\/media\/60138"}],"wp:attachment":[{"href":"https:\/\/www.visionix.com\/fr\/wp-json\/wp\/v2\/media?parent=60125"}],"wp:term":[{"taxonomy":"pwb-brand","embeddable":true,"href":"https:\/\/www.visionix.com\/fr\/wp-json\/wp\/v2\/pwb-brand?post=60125"},{"taxonomy":"product_brand","embeddable":true,"href":"https:\/\/www.visionix.com\/fr\/wp-json\/wp\/v2\/product_brand?post=60125"},{"taxonomy":"product_cat","embeddable":true,"href":"https:\/\/www.visionix.com\/fr\/wp-json\/wp\/v2\/product_cat?post=60125"},{"taxonomy":"product_tag","embeddable":true,"href":"https:\/\/www.visionix.com\/fr\/wp-json\/wp\/v2\/product_tag?post=60125"}],"curies":[{"name":"wp","href":"https:\/\/api.w.org\/{rel}","templated":true}]}}