{"id":60084,"date":"2024-12-23T16:07:44","date_gmt":"2024-12-23T15:07:44","guid":{"rendered":"https:\/\/www.visionix.com\/?post_type=product&#038;p=60084"},"modified":"2026-02-03T11:09:34","modified_gmt":"2026-02-03T10:09:34","slug":"briot-perception-3","status":"publish","type":"product","link":"https:\/\/www.visionix.com\/fr\/product\/briot-perception-3\/","title":{"rendered":"Meuleuse automatique Briot Perception 3"},"content":{"rendered":"<p>Visionix pr\u00e9sente la nouvelle g\u00e9n\u00e9ration de meuleuses tout-en-un : Briot Perception 3 qui offre des r\u00e9sultats exceptionnels pour vos montages, alliant fiabilit\u00e9 et accessibilit\u00e9. \u00c9galement disponible en version uniquement rainurage.<\/p>\n","protected":false},"excerpt":{"rendered":"<p><strong>Puissante simplicit\u00e9<\/strong><\/p>\n<p>Le Briot Perception 3 est un syst\u00e8me de meulage tout-en-un qui comprend le tra\u00e7age, le blocage, le meulage, le rainage et le per\u00e7age en un seul appareil. Avec le Perception 3, l&rsquo;ajustement parfait est possible.<\/p>\n","protected":false},"featured_media":60092,"template":"","meta":{"_acf_changed":false,"content-type":"","footnotes":""},"pwb-brand":[493],"product_brand":[],"product_cat":[183,184],"product_tag":[560],"class_list":{"0":"post-60084","1":"product","2":"type-product","3":"status-publish","4":"has-post-thumbnail","6":"pwb-brand-briot-fr","7":"product_cat-optique-equipement","8":"product_cat-orthoptie-instrument","9":"product_tag-optical-lab-finishing-equipment-fr","11":"first","12":"instock","13":"product-type-simple"},"acf":[],"brands":[{"id":493,"name":"Briot","slug":"briot-fr"}],"_links":{"self":[{"href":"https:\/\/www.visionix.com\/fr\/wp-json\/wp\/v2\/product\/60084","targetHints":{"allow":["GET"]}}],"collection":[{"href":"https:\/\/www.visionix.com\/fr\/wp-json\/wp\/v2\/product"}],"about":[{"href":"https:\/\/www.visionix.com\/fr\/wp-json\/wp\/v2\/types\/product"}],"version-history":[{"count":11,"href":"https:\/\/www.visionix.com\/fr\/wp-json\/wp\/v2\/product\/60084\/revisions"}],"predecessor-version":[{"id":77739,"href":"https:\/\/www.visionix.com\/fr\/wp-json\/wp\/v2\/product\/60084\/revisions\/77739"}],"wp:featuredmedia":[{"embeddable":true,"href":"https:\/\/www.visionix.com\/fr\/wp-json\/wp\/v2\/media\/60092"}],"wp:attachment":[{"href":"https:\/\/www.visionix.com\/fr\/wp-json\/wp\/v2\/media?parent=60084"}],"wp:term":[{"taxonomy":"pwb-brand","embeddable":true,"href":"https:\/\/www.visionix.com\/fr\/wp-json\/wp\/v2\/pwb-brand?post=60084"},{"taxonomy":"product_brand","embeddable":true,"href":"https:\/\/www.visionix.com\/fr\/wp-json\/wp\/v2\/product_brand?post=60084"},{"taxonomy":"product_cat","embeddable":true,"href":"https:\/\/www.visionix.com\/fr\/wp-json\/wp\/v2\/product_cat?post=60084"},{"taxonomy":"product_tag","embeddable":true,"href":"https:\/\/www.visionix.com\/fr\/wp-json\/wp\/v2\/product_tag?post=60084"}],"curies":[{"name":"wp","href":"https:\/\/api.w.org\/{rel}","templated":true}]}}