{"id":59991,"date":"2024-12-23T09:40:07","date_gmt":"2024-12-23T08:40:07","guid":{"rendered":"https:\/\/www.visionix.com\/?post_type=product&#038;p=59991"},"modified":"2026-02-03T11:12:00","modified_gmt":"2026-02-03T10:12:00","slug":"briot-emotion-3","status":"publish","type":"product","link":"https:\/\/www.visionix.com\/fr\/product\/briot-emotion-3\/","title":{"rendered":"Meuleuse automatique Briot Emotion 3"},"content":{"rendered":"<p>Depuis son lancement en 2012, la meuleuse Briot Emotion 3 est devenue une ic\u00f4ne dans l&rsquo;industrie de l&rsquo;optique, reconnue pour sa simplicit\u00e9 d&rsquo;utilisation et son design intuitif. Au fil des ann\u00e9es, elle a \u00e9volu\u00e9 gr\u00e2ce \u00e0 des technologies de pointe comme Gravitech en 2018, offrant des performances exceptionnelles. Aujourd&rsquo;hui, le mod\u00e8le Briot Emotion 3 incarne le contr\u00f4le, devenant indispensable pour les ateliers d&rsquo;optique.<\/p>\n<p>Visionix pr\u00e9sente la nouvelle g\u00e9n\u00e9ration de meuleuses tout-en-un : Briot Emotion 3 qui offre des r\u00e9sultats exceptionnels pour vos montages, alliant fiabilit\u00e9 et accessibilit\u00e9.<\/p>\n","protected":false},"excerpt":{"rendered":"<p><strong>Puissante simplicit\u00e9<\/strong><\/p>\n<p>Le Briot Emotion 3 est un syst\u00e8me de meulage tout-en-un qui comprend le tra\u00e7age, le blocage, le meulage, le rainage et le per\u00e7age en un seul appareil. Avec l&rsquo;Emotion 3, l&rsquo;ajustement parfait est possible.<\/p>\n","protected":false},"featured_media":60004,"template":"","meta":{"_acf_changed":false,"content-type":"","footnotes":""},"pwb-brand":[493],"product_brand":[],"product_cat":[183,184],"product_tag":[560],"class_list":{"0":"post-59991","1":"product","2":"type-product","3":"status-publish","4":"has-post-thumbnail","6":"pwb-brand-briot-fr","7":"product_cat-optique-equipement","8":"product_cat-orthoptie-instrument","9":"product_tag-optical-lab-finishing-equipment-fr","11":"first","12":"instock","13":"product-type-simple"},"acf":[],"brands":[{"id":493,"name":"Briot","slug":"briot-fr"}],"_links":{"self":[{"href":"https:\/\/www.visionix.com\/fr\/wp-json\/wp\/v2\/product\/59991","targetHints":{"allow":["GET"]}}],"collection":[{"href":"https:\/\/www.visionix.com\/fr\/wp-json\/wp\/v2\/product"}],"about":[{"href":"https:\/\/www.visionix.com\/fr\/wp-json\/wp\/v2\/types\/product"}],"version-history":[{"count":8,"href":"https:\/\/www.visionix.com\/fr\/wp-json\/wp\/v2\/product\/59991\/revisions"}],"predecessor-version":[{"id":77740,"href":"https:\/\/www.visionix.com\/fr\/wp-json\/wp\/v2\/product\/59991\/revisions\/77740"}],"wp:featuredmedia":[{"embeddable":true,"href":"https:\/\/www.visionix.com\/fr\/wp-json\/wp\/v2\/media\/60004"}],"wp:attachment":[{"href":"https:\/\/www.visionix.com\/fr\/wp-json\/wp\/v2\/media?parent=59991"}],"wp:term":[{"taxonomy":"pwb-brand","embeddable":true,"href":"https:\/\/www.visionix.com\/fr\/wp-json\/wp\/v2\/pwb-brand?post=59991"},{"taxonomy":"product_brand","embeddable":true,"href":"https:\/\/www.visionix.com\/fr\/wp-json\/wp\/v2\/product_brand?post=59991"},{"taxonomy":"product_cat","embeddable":true,"href":"https:\/\/www.visionix.com\/fr\/wp-json\/wp\/v2\/product_cat?post=59991"},{"taxonomy":"product_tag","embeddable":true,"href":"https:\/\/www.visionix.com\/fr\/wp-json\/wp\/v2\/product_tag?post=59991"}],"curies":[{"name":"wp","href":"https:\/\/api.w.org\/{rel}","templated":true}]}}