{"id":54543,"date":"2024-04-05T11:58:53","date_gmt":"2024-04-05T09:58:53","guid":{"rendered":"https:\/\/www.visionix.com\/?post_type=product&#038;p=54543"},"modified":"2024-10-14T11:58:45","modified_gmt":"2024-10-14T09:58:45","slug":"vx-620","status":"publish","type":"product","link":"https:\/\/www.visionix.com\/fr\/product\/vx-620\/","title":{"rendered":"VX 620"},"content":{"rendered":"<p><strong>Simplicit\u00e9 d&rsquo;utilisation : <\/strong>Le VX 620 est une cam\u00e9ra num\u00e9rique de fond d&rsquo;\u0153il facile \u00e0 utiliser et non mydriatique. La cam\u00e9ra de 5 MP produit des images r\u00e9tiniennes de haute r\u00e9solution sur un champ visuel de 50 \u00b0 \u00e0 travers un diam\u00e8tre pupillaire de 2,5 mm.<\/p>\n","protected":false},"excerpt":{"rendered":"<p><strong>Simplicit\u00e9 d&rsquo;utilisation : <\/strong>Le VX 620 est une cam\u00e9ra num\u00e9rique de fond d&rsquo;\u0153il facile \u00e0 utiliser et non mydriatique. La cam\u00e9ra de 5 MP produit des images r\u00e9tiniennes de haute r\u00e9solution sur un champ visuel de 50 \u00b0 \u00e0 travers un diam\u00e8tre pupillaire de 2,5 mm.<\/p>\n","protected":false},"featured_media":59348,"template":"","meta":{"_acf_changed":false,"content-type":"","footnotes":""},"pwb-brand":[509],"product_brand":[],"product_cat":[325,209],"product_tag":[],"class_list":{"0":"post-54543","1":"product","2":"type-product","3":"status-publish","4":"has-post-thumbnail","6":"pwb-brand-visionix-fr","7":"product_cat-new-products-fr","8":"product_cat-ophtalmologie-instruments","10":"first","11":"instock","12":"shipping-taxable","13":"product-type-simple"},"acf":[],"brands":[{"id":509,"name":"Visionix","slug":"visionix-fr"}],"_links":{"self":[{"href":"https:\/\/www.visionix.com\/fr\/wp-json\/wp\/v2\/product\/54543","targetHints":{"allow":["GET"]}}],"collection":[{"href":"https:\/\/www.visionix.com\/fr\/wp-json\/wp\/v2\/product"}],"about":[{"href":"https:\/\/www.visionix.com\/fr\/wp-json\/wp\/v2\/types\/product"}],"version-history":[{"count":4,"href":"https:\/\/www.visionix.com\/fr\/wp-json\/wp\/v2\/product\/54543\/revisions"}],"predecessor-version":[{"id":54962,"href":"https:\/\/www.visionix.com\/fr\/wp-json\/wp\/v2\/product\/54543\/revisions\/54962"}],"wp:featuredmedia":[{"embeddable":true,"href":"https:\/\/www.visionix.com\/fr\/wp-json\/wp\/v2\/media\/59348"}],"wp:attachment":[{"href":"https:\/\/www.visionix.com\/fr\/wp-json\/wp\/v2\/media?parent=54543"}],"wp:term":[{"taxonomy":"pwb-brand","embeddable":true,"href":"https:\/\/www.visionix.com\/fr\/wp-json\/wp\/v2\/pwb-brand?post=54543"},{"taxonomy":"product_brand","embeddable":true,"href":"https:\/\/www.visionix.com\/fr\/wp-json\/wp\/v2\/product_brand?post=54543"},{"taxonomy":"product_cat","embeddable":true,"href":"https:\/\/www.visionix.com\/fr\/wp-json\/wp\/v2\/product_cat?post=54543"},{"taxonomy":"product_tag","embeddable":true,"href":"https:\/\/www.visionix.com\/fr\/wp-json\/wp\/v2\/product_tag?post=54543"}],"curies":[{"name":"wp","href":"https:\/\/api.w.org\/{rel}","templated":true}]}}