{"id":54398,"date":"2024-04-05T14:41:11","date_gmt":"2024-04-05T12:41:11","guid":{"rendered":"https:\/\/www.visionix.com\/?post_type=product&#038;p=54398"},"modified":"2024-10-14T12:01:18","modified_gmt":"2024-10-14T10:01:18","slug":"vx-205","status":"publish","type":"product","link":"https:\/\/www.visionix.com\/fr\/product\/vx-205\/","title":{"rendered":"VX 205"},"content":{"rendered":"<p><strong>Qualit\u00e9 et pr\u00e9cision<\/strong> : \u00c9quip\u00e9 de 24 disques de Placido, le VX 205 est con\u00e7u pour l&rsquo;analyse de la surface corn\u00e9enne ant\u00e9rieure et pour l&rsquo;\u00e9tude de la surface oculaire et du film lacrymal permettant un rapport complet de l&rsquo;\u0153il sec.<\/p>\n","protected":false},"excerpt":{"rendered":"<p><strong>Qualit\u00e9 et pr\u00e9cision<\/strong> : \u00c9quip\u00e9 de 24 disques de Placido, le VX 205 est con\u00e7u pour l&rsquo;analyse de la surface corn\u00e9enne ant\u00e9rieure et pour l&rsquo;\u00e9tude de la surface oculaire et du film lacrymal permettant un rapport complet de l&rsquo;\u0153il sec.<\/p>\n","protected":false},"featured_media":54792,"template":"","meta":{"_acf_changed":false,"content-type":"","footnotes":""},"pwb-brand":[509],"product_brand":[],"product_cat":[325,209],"product_tag":[],"class_list":{"0":"post-54398","1":"product","2":"type-product","3":"status-publish","4":"has-post-thumbnail","6":"pwb-brand-visionix-fr","7":"product_cat-new-products-fr","8":"product_cat-ophtalmologie-instruments","10":"first","11":"instock","12":"shipping-taxable","13":"product-type-simple"},"acf":[],"brands":[{"id":509,"name":"Visionix","slug":"visionix-fr"}],"_links":{"self":[{"href":"https:\/\/www.visionix.com\/fr\/wp-json\/wp\/v2\/product\/54398","targetHints":{"allow":["GET"]}}],"collection":[{"href":"https:\/\/www.visionix.com\/fr\/wp-json\/wp\/v2\/product"}],"about":[{"href":"https:\/\/www.visionix.com\/fr\/wp-json\/wp\/v2\/types\/product"}],"version-history":[{"count":6,"href":"https:\/\/www.visionix.com\/fr\/wp-json\/wp\/v2\/product\/54398\/revisions"}],"predecessor-version":[{"id":59369,"href":"https:\/\/www.visionix.com\/fr\/wp-json\/wp\/v2\/product\/54398\/revisions\/59369"}],"wp:featuredmedia":[{"embeddable":true,"href":"https:\/\/www.visionix.com\/fr\/wp-json\/wp\/v2\/media\/54792"}],"wp:attachment":[{"href":"https:\/\/www.visionix.com\/fr\/wp-json\/wp\/v2\/media?parent=54398"}],"wp:term":[{"taxonomy":"pwb-brand","embeddable":true,"href":"https:\/\/www.visionix.com\/fr\/wp-json\/wp\/v2\/pwb-brand?post=54398"},{"taxonomy":"product_brand","embeddable":true,"href":"https:\/\/www.visionix.com\/fr\/wp-json\/wp\/v2\/product_brand?post=54398"},{"taxonomy":"product_cat","embeddable":true,"href":"https:\/\/www.visionix.com\/fr\/wp-json\/wp\/v2\/product_cat?post=54398"},{"taxonomy":"product_tag","embeddable":true,"href":"https:\/\/www.visionix.com\/fr\/wp-json\/wp\/v2\/product_tag?post=54398"}],"curies":[{"name":"wp","href":"https:\/\/api.w.org\/{rel}","templated":true}]}}