{"id":52275,"date":"2024-01-29T13:47:18","date_gmt":"2024-01-29T12:47:18","guid":{"rendered":"https:\/\/www.visionix.com\/?post_type=product&#038;p=52275"},"modified":"2024-01-29T14:17:54","modified_gmt":"2024-01-29T13:17:54","slug":"weco-t-6","status":"publish","type":"product","link":"https:\/\/www.visionix.com\/fr\/product\/weco-t-6\/","title":{"rendered":"Weco T6"},"content":{"rendered":"<p>Weco T6 est un traceur m\u00e9canique dot\u00e9 de notre stylet angulaire brevet\u00e9 TrueScan\u00ae,\u00a0 Weco T6 peut tracer sans effort les montures les plus difficiles, m\u00eame les montures les plus galb\u00e9es.<br \/>\nLa pression douce du stylet garantit le respect de toutes les montures y compris m\u00e9talliques sans distorsion. Son \u00e9cran tactile intuitif en fait l&rsquo;un des traceurs les plus faciles \u00e0 utiliser, il devient le traceur id\u00e9al pour votre atelier.<\/p>\n","protected":false},"excerpt":{"rendered":"<p><strong>D\u00e9passez vos attentes<\/strong><\/p>\n<p>Weco T6 est un traceur m\u00e9canique dot\u00e9 de notre stylet angulaire brevet\u00e9 TrueScan\u00ae, le Weco T6 peut tracer sans effort les montures les plus difficiles, m\u00eame les montures les plus galb\u00e9es.<br \/>\nLa pression douce du stylet garantit le respect de toutes les montures y compris m\u00e9talliques sans distorsion. Son \u00e9cran tactile intuitif en fait l&rsquo;un des traceurs les plus faciles \u00e0 utiliser, il devient le traceur id\u00e9al pour votre atelier.<\/p>\n","protected":false},"featured_media":52339,"template":"","meta":{"_acf_changed":false,"content-type":"","footnotes":""},"pwb-brand":[511],"product_brand":[],"product_cat":[183,184],"product_tag":[560],"class_list":{"0":"post-52275","1":"product","2":"type-product","3":"status-publish","4":"has-post-thumbnail","6":"pwb-brand-weco-fr","7":"product_cat-optique-equipement","8":"product_cat-orthoptie-instrument","9":"product_tag-optical-lab-finishing-equipment-fr","10":"pa_product-family-finishing-fr","11":"pa_product-type-edging-system-fr","13":"first","14":"instock","15":"product-type-simple"},"acf":[],"brands":[{"id":511,"name":"Weco","slug":"weco-fr"}],"_links":{"self":[{"href":"https:\/\/www.visionix.com\/fr\/wp-json\/wp\/v2\/product\/52275","targetHints":{"allow":["GET"]}}],"collection":[{"href":"https:\/\/www.visionix.com\/fr\/wp-json\/wp\/v2\/product"}],"about":[{"href":"https:\/\/www.visionix.com\/fr\/wp-json\/wp\/v2\/types\/product"}],"version-history":[{"count":3,"href":"https:\/\/www.visionix.com\/fr\/wp-json\/wp\/v2\/product\/52275\/revisions"}],"predecessor-version":[{"id":52392,"href":"https:\/\/www.visionix.com\/fr\/wp-json\/wp\/v2\/product\/52275\/revisions\/52392"}],"wp:featuredmedia":[{"embeddable":true,"href":"https:\/\/www.visionix.com\/fr\/wp-json\/wp\/v2\/media\/52339"}],"wp:attachment":[{"href":"https:\/\/www.visionix.com\/fr\/wp-json\/wp\/v2\/media?parent=52275"}],"wp:term":[{"taxonomy":"pwb-brand","embeddable":true,"href":"https:\/\/www.visionix.com\/fr\/wp-json\/wp\/v2\/pwb-brand?post=52275"},{"taxonomy":"product_brand","embeddable":true,"href":"https:\/\/www.visionix.com\/fr\/wp-json\/wp\/v2\/product_brand?post=52275"},{"taxonomy":"product_cat","embeddable":true,"href":"https:\/\/www.visionix.com\/fr\/wp-json\/wp\/v2\/product_cat?post=52275"},{"taxonomy":"product_tag","embeddable":true,"href":"https:\/\/www.visionix.com\/fr\/wp-json\/wp\/v2\/product_tag?post=52275"}],"curies":[{"name":"wp","href":"https:\/\/api.w.org\/{rel}","templated":true}]}}