{"id":45276,"date":"2023-06-29T12:57:14","date_gmt":"2023-06-29T10:57:14","guid":{"rendered":"https:\/\/www.visionix.com\/?post_type=product&#038;p=45276"},"modified":"2026-02-03T12:09:02","modified_gmt":"2026-02-03T11:09:02","slug":"weco-e52","status":"publish","type":"product","link":"https:\/\/www.visionix.com\/fr\/product\/weco-e52\/","title":{"rendered":"Meuleuse automatique Weco E52"},"content":{"rendered":"<p>Une flexibilit\u00e9 maximale pour votre atelier<\/p>\n<p>Le syst\u00e8me Weco E52 vous fournit tous les outils dont vous avez besoin pour obtenir les meilleurs r\u00e9sultats. Des diff\u00e9rents types de biseaux aux fonctionnalit\u00e9s de rainure en passant par le per\u00e7age inclin\u00e9, la E52 est la meilleure r\u00e9ponse aux montures modernes et donne une flexibilit\u00e9 maximale pour \u00e0 votre atelier.<\/p>\n","protected":false},"excerpt":{"rendered":"<p><strong>Une flexibilit\u00e9 maximale pour votre atelier<\/strong><\/p>\n<p>Le syst\u00e8me Weco E52 vous fournit tous les outils dont vous avez besoin pour obtenir les meilleurs r\u00e9sultats. Des diff\u00e9rents types de biseaux aux fonctionnalit\u00e9s de rainure en passant par le per\u00e7age inclin\u00e9, la E52 est la meilleure r\u00e9ponse aux montures modernes et donne une flexibilit\u00e9 maximale pour \u00e0 votre atelier.<\/p>\n","protected":false},"featured_media":46775,"template":"","meta":{"_acf_changed":false,"content-type":"","footnotes":""},"pwb-brand":[511],"product_brand":[],"product_cat":[325,183,184],"product_tag":[560],"class_list":{"0":"post-45276","1":"product","2":"type-product","3":"status-publish","4":"has-post-thumbnail","6":"pwb-brand-weco-fr","7":"product_cat-new-products-fr","8":"product_cat-optique-equipement","9":"product_cat-orthoptie-instrument","10":"product_tag-optical-lab-finishing-equipment-fr","12":"first","13":"instock","14":"shipping-taxable","15":"product-type-simple"},"acf":[],"brands":[{"id":511,"name":"Weco","slug":"weco-fr"}],"_links":{"self":[{"href":"https:\/\/www.visionix.com\/fr\/wp-json\/wp\/v2\/product\/45276","targetHints":{"allow":["GET"]}}],"collection":[{"href":"https:\/\/www.visionix.com\/fr\/wp-json\/wp\/v2\/product"}],"about":[{"href":"https:\/\/www.visionix.com\/fr\/wp-json\/wp\/v2\/types\/product"}],"version-history":[{"count":11,"href":"https:\/\/www.visionix.com\/fr\/wp-json\/wp\/v2\/product\/45276\/revisions"}],"predecessor-version":[{"id":77746,"href":"https:\/\/www.visionix.com\/fr\/wp-json\/wp\/v2\/product\/45276\/revisions\/77746"}],"wp:featuredmedia":[{"embeddable":true,"href":"https:\/\/www.visionix.com\/fr\/wp-json\/wp\/v2\/media\/46775"}],"wp:attachment":[{"href":"https:\/\/www.visionix.com\/fr\/wp-json\/wp\/v2\/media?parent=45276"}],"wp:term":[{"taxonomy":"pwb-brand","embeddable":true,"href":"https:\/\/www.visionix.com\/fr\/wp-json\/wp\/v2\/pwb-brand?post=45276"},{"taxonomy":"product_brand","embeddable":true,"href":"https:\/\/www.visionix.com\/fr\/wp-json\/wp\/v2\/product_brand?post=45276"},{"taxonomy":"product_cat","embeddable":true,"href":"https:\/\/www.visionix.com\/fr\/wp-json\/wp\/v2\/product_cat?post=45276"},{"taxonomy":"product_tag","embeddable":true,"href":"https:\/\/www.visionix.com\/fr\/wp-json\/wp\/v2\/product_tag?post=45276"}],"curies":[{"name":"wp","href":"https:\/\/api.w.org\/{rel}","templated":true}]}}