{"id":44975,"date":"2023-06-27T16:46:29","date_gmt":"2023-06-27T14:46:29","guid":{"rendered":"https:\/\/www.visionix.com\/?post_type=product&#038;p=44975"},"modified":"2026-02-03T12:11:10","modified_gmt":"2026-02-03T11:11:10","slug":"weco-e62","status":"publish","type":"product","link":"https:\/\/www.visionix.com\/fr\/product\/weco-e62\/","title":{"rendered":"Meuleuse automatique Weco E62"},"content":{"rendered":"<p><strong>Un meulage optimis\u00e9 pour une efficacit\u00e9 augment\u00e9e.<\/strong><\/p>\n<p>La meuleuse Weco E62 combine toutes les fonctionnalit\u00e9s n\u00e9cessaires pour une finition de pointe.<br \/>\nWeco CT7 est un traceur \/ centreur qui offre une pr\u00e9paration compl\u00e8te du travail de la capture de la forme, au centrage et au blocage, avec une vitesse et une pr\u00e9cision \u00e9tonnantes. Gr\u00e2ce \u00e0 la technologie TMS (Torque Management System), Weco E62 optimise le temps du cycle de taillage sans risque de glissement du verre.<\/p>\n<p>&nbsp;<\/p>\n","protected":false},"excerpt":{"rendered":"<p><strong>Un meulage optimis\u00e9 pour une efficacit\u00e9 augment\u00e9e.<\/strong><\/p>\n<p>La meuleuse Weco E62 combine toutes les fonctionnalit\u00e9s n\u00e9cessaires pour une finition de pointe.<br \/>\nWeco CT7 est un traceur \/ centreur qui offre une pr\u00e9paration compl\u00e8te du travail de la capture de la forme, au centrage et au blocage, avec une vitesse et une pr\u00e9cision \u00e9tonnantes. Gr\u00e2ce \u00e0 la technologie TMS (Torque Management System), Weco E62 optimise le temps du cycle de taillage sans risque de glissement du verre.<\/p>\n","protected":false},"featured_media":44952,"template":"","meta":{"_acf_changed":false,"content-type":"","footnotes":""},"pwb-brand":[511],"product_brand":[],"product_cat":[325,183,184],"product_tag":[560],"class_list":{"0":"post-44975","1":"product","2":"type-product","3":"status-publish","4":"has-post-thumbnail","6":"pwb-brand-weco-fr","7":"product_cat-new-products-fr","8":"product_cat-optique-equipement","9":"product_cat-orthoptie-instrument","10":"product_tag-optical-lab-finishing-equipment-fr","12":"first","13":"instock","14":"shipping-taxable","15":"product-type-simple"},"acf":[],"brands":[{"id":511,"name":"Weco","slug":"weco-fr"}],"_links":{"self":[{"href":"https:\/\/www.visionix.com\/fr\/wp-json\/wp\/v2\/product\/44975","targetHints":{"allow":["GET"]}}],"collection":[{"href":"https:\/\/www.visionix.com\/fr\/wp-json\/wp\/v2\/product"}],"about":[{"href":"https:\/\/www.visionix.com\/fr\/wp-json\/wp\/v2\/types\/product"}],"version-history":[{"count":10,"href":"https:\/\/www.visionix.com\/fr\/wp-json\/wp\/v2\/product\/44975\/revisions"}],"predecessor-version":[{"id":77747,"href":"https:\/\/www.visionix.com\/fr\/wp-json\/wp\/v2\/product\/44975\/revisions\/77747"}],"wp:featuredmedia":[{"embeddable":true,"href":"https:\/\/www.visionix.com\/fr\/wp-json\/wp\/v2\/media\/44952"}],"wp:attachment":[{"href":"https:\/\/www.visionix.com\/fr\/wp-json\/wp\/v2\/media?parent=44975"}],"wp:term":[{"taxonomy":"pwb-brand","embeddable":true,"href":"https:\/\/www.visionix.com\/fr\/wp-json\/wp\/v2\/pwb-brand?post=44975"},{"taxonomy":"product_brand","embeddable":true,"href":"https:\/\/www.visionix.com\/fr\/wp-json\/wp\/v2\/product_brand?post=44975"},{"taxonomy":"product_cat","embeddable":true,"href":"https:\/\/www.visionix.com\/fr\/wp-json\/wp\/v2\/product_cat?post=44975"},{"taxonomy":"product_tag","embeddable":true,"href":"https:\/\/www.visionix.com\/fr\/wp-json\/wp\/v2\/product_tag?post=44975"}],"curies":[{"name":"wp","href":"https:\/\/api.w.org\/{rel}","templated":true}]}}