{"id":44006,"date":"2023-06-19T21:55:26","date_gmt":"2023-06-19T19:55:26","guid":{"rendered":"https:\/\/www.visionix.com\/?post_type=product&#038;p=44006"},"modified":"2025-08-19T15:36:32","modified_gmt":"2025-08-19T13:36:32","slug":"briot-attitude-evolution","status":"publish","type":"product","link":"https:\/\/www.visionix.com\/fr\/product\/briot-attitude-evolution\/","title":{"rendered":"Briot Attitude Evolution"},"content":{"rendered":"<p><strong>La meuleuse \u00e0 verre r\u00e9f\u00e9rence pour votre atelier<\/strong><\/p>\n<p>Utilisez les meilleurs proc\u00e9d\u00e9s de reproduction de forme disponibles \u2013 TrueScan et GraviTech \u2013 pour obtenir des dimensions et formes parfaites. Le processus de blocage automatique in\u00e9gal\u00e9 garantit une finition de qualit\u00e9 sup\u00e9rieure. La <span class=\"notion-enable-hover\" data-token-index=\"1\">meuleuse \u00e0 verre Briot Attitude Evolution<\/span> est un \u00e9quipement essentiel de la cha\u00eene de montage de l\u2019opticien : elle rend le processus plus rapide, pr\u00e9cis et fiable. Son syst\u00e8me de gestion du couple optimise le cycle de taillage sans risque de d\u00e9saxage, quel que soit le type de verre.<!-- notionvc: 2072ca9f-9016-4162-90b9-8925b8275e99 --><\/p>\n","protected":false},"excerpt":{"rendered":"<h2>La meuleuse \u00e0 verre r\u00e9f\u00e9rence pour votre atelier<\/h2>\n<p>Utilisez les meilleurs proc\u00e9d\u00e9s de reproduction de forme disponibles &#8211; TrueScan et GraviTech &#8211; qui permettent d\u2019obtenir des dimensions et formes parfaites.<br \/>\nLe processus de blocage automatique in\u00e9gal\u00e9 permet d\u2019obtenir une finition de qualit\u00e9 sup\u00e9rieure.<br \/>\nL\u2019ensemble Briot Attitude Evolution est un maillon essentiel de la cha\u00eene de montage de l\u2019opticien, permettant de rendre le processus rapide et extr\u00eamement fiable. Le syst\u00e8me de gestion du couple permet d\u2019optimiser le temps du cycle de taillage sans risque de d\u00e9saxage des verres.<\/p>\n","protected":false},"featured_media":44025,"template":"","meta":{"_acf_changed":false,"content-type":"","footnotes":""},"pwb-brand":[493],"product_brand":[],"product_cat":[183,184],"product_tag":[560],"class_list":{"0":"post-44006","1":"product","2":"type-product","3":"status-publish","4":"has-post-thumbnail","6":"pwb-brand-briot-fr","7":"product_cat-optique-equipement","8":"product_cat-orthoptie-instrument","9":"product_tag-optical-lab-finishing-equipment-fr","10":"pa_product-family-finishing-fr","11":"pa_product-type-edging-system-fr","13":"first","14":"instock","15":"product-type-simple"},"acf":[],"brands":[{"id":493,"name":"Briot","slug":"briot-fr"}],"_links":{"self":[{"href":"https:\/\/www.visionix.com\/fr\/wp-json\/wp\/v2\/product\/44006","targetHints":{"allow":["GET"]}}],"collection":[{"href":"https:\/\/www.visionix.com\/fr\/wp-json\/wp\/v2\/product"}],"about":[{"href":"https:\/\/www.visionix.com\/fr\/wp-json\/wp\/v2\/types\/product"}],"version-history":[{"count":29,"href":"https:\/\/www.visionix.com\/fr\/wp-json\/wp\/v2\/product\/44006\/revisions"}],"predecessor-version":[{"id":44889,"href":"https:\/\/www.visionix.com\/fr\/wp-json\/wp\/v2\/product\/44006\/revisions\/44889"}],"wp:featuredmedia":[{"embeddable":true,"href":"https:\/\/www.visionix.com\/fr\/wp-json\/wp\/v2\/media\/44025"}],"wp:attachment":[{"href":"https:\/\/www.visionix.com\/fr\/wp-json\/wp\/v2\/media?parent=44006"}],"wp:term":[{"taxonomy":"pwb-brand","embeddable":true,"href":"https:\/\/www.visionix.com\/fr\/wp-json\/wp\/v2\/pwb-brand?post=44006"},{"taxonomy":"product_brand","embeddable":true,"href":"https:\/\/www.visionix.com\/fr\/wp-json\/wp\/v2\/product_brand?post=44006"},{"taxonomy":"product_cat","embeddable":true,"href":"https:\/\/www.visionix.com\/fr\/wp-json\/wp\/v2\/product_cat?post=44006"},{"taxonomy":"product_tag","embeddable":true,"href":"https:\/\/www.visionix.com\/fr\/wp-json\/wp\/v2\/product_tag?post=44006"}],"curies":[{"name":"wp","href":"https:\/\/api.w.org\/{rel}","templated":true}]}}