{"id":43978,"date":"2023-06-19T21:38:45","date_gmt":"2023-06-19T19:38:45","guid":{"rendered":"https:\/\/www.visionix.com\/?post_type=product&#038;p=43978"},"modified":"2026-02-03T11:13:31","modified_gmt":"2026-02-03T10:13:31","slug":"briot-evolution","status":"publish","type":"product","link":"https:\/\/www.visionix.com\/fr\/product\/briot-evolution\/","title":{"rendered":"Meuleuse automatique Briot Evolution"},"content":{"rendered":"<p><strong>Le syst\u00e8me de meulage polyvalent<\/strong><\/p>\n<p>Le syst\u00e8me de tra\u00e7age optique permet de capturer la forme de la monture dans le cas o\u00f9 un verre de d\u00e9monstration n\u2019est pas disponible.<br \/>\nLe bloqueur Evolution est le ma\u00eetre de la d\u00e9tection des trous de per\u00e7age. Il n\u2019est pas n\u00e9cessaire de marquer les trous, Evolution capturera \u00e9l\u00e9gamment les coordonn\u00e9es pr\u00e9cises en quelques secondes. Gr\u00e2ce \u00e0 son interface intuitive, la modification des trous de per\u00e7age et des encoches devient simple et rapide.<br \/>\nLe meuleuse Evolution \u00e9quip\u00e9e de la fonctionnalit\u00e9 TMS (Torque Management System) optimise le temps du cycle sans risque de glissement des verres.<\/p>\n","protected":false},"excerpt":{"rendered":"<p><strong>Le syst\u00e8me de meulage polyvalent<\/strong><\/p>\n<p>Le syst\u00e8me de tra\u00e7age optique permet de capturer la forme de la monture dans le cas o\u00f9 un verre de d\u00e9monstration n\u2019est pas disponible.Le bloqueur Evolution est le ma\u00eetre de la d\u00e9tection des trous de per\u00e7age. Il n\u2019est pas n\u00e9cessaire de marquer les trous, Evolution capturera \u00e9l\u00e9gamment les coordonn\u00e9es pr\u00e9cises en quelques secondes. Gr\u00e2ce \u00e0 son interface intuitive, la modification des trous de per\u00e7age et des encoches devient simple et rapide.<br \/>\nLe meuleuse Evolution \u00e9quip\u00e9e de la fonctionnalit\u00e9 TMS (Torque Management System) optimise le temps du cycle sans risque de glissement des verres.<\/p>\n","protected":false},"featured_media":50741,"template":"","meta":{"_acf_changed":false,"content-type":"","footnotes":""},"pwb-brand":[493],"product_brand":[],"product_cat":[183,184],"product_tag":[560],"class_list":{"0":"post-43978","1":"product","2":"type-product","3":"status-publish","4":"has-post-thumbnail","6":"pwb-brand-briot-fr","7":"product_cat-optique-equipement","8":"product_cat-orthoptie-instrument","9":"product_tag-optical-lab-finishing-equipment-fr","11":"first","12":"instock","13":"product-type-simple"},"acf":[],"brands":[{"id":493,"name":"Briot","slug":"briot-fr"}],"_links":{"self":[{"href":"https:\/\/www.visionix.com\/fr\/wp-json\/wp\/v2\/product\/43978","targetHints":{"allow":["GET"]}}],"collection":[{"href":"https:\/\/www.visionix.com\/fr\/wp-json\/wp\/v2\/product"}],"about":[{"href":"https:\/\/www.visionix.com\/fr\/wp-json\/wp\/v2\/types\/product"}],"version-history":[{"count":22,"href":"https:\/\/www.visionix.com\/fr\/wp-json\/wp\/v2\/product\/43978\/revisions"}],"predecessor-version":[{"id":77736,"href":"https:\/\/www.visionix.com\/fr\/wp-json\/wp\/v2\/product\/43978\/revisions\/77736"}],"wp:featuredmedia":[{"embeddable":true,"href":"https:\/\/www.visionix.com\/fr\/wp-json\/wp\/v2\/media\/50741"}],"wp:attachment":[{"href":"https:\/\/www.visionix.com\/fr\/wp-json\/wp\/v2\/media?parent=43978"}],"wp:term":[{"taxonomy":"pwb-brand","embeddable":true,"href":"https:\/\/www.visionix.com\/fr\/wp-json\/wp\/v2\/pwb-brand?post=43978"},{"taxonomy":"product_brand","embeddable":true,"href":"https:\/\/www.visionix.com\/fr\/wp-json\/wp\/v2\/product_brand?post=43978"},{"taxonomy":"product_cat","embeddable":true,"href":"https:\/\/www.visionix.com\/fr\/wp-json\/wp\/v2\/product_cat?post=43978"},{"taxonomy":"product_tag","embeddable":true,"href":"https:\/\/www.visionix.com\/fr\/wp-json\/wp\/v2\/product_tag?post=43978"}],"curies":[{"name":"wp","href":"https:\/\/api.w.org\/{rel}","templated":true}]}}