{"id":37949,"date":"2023-05-04T14:08:32","date_gmt":"2023-05-04T12:08:32","guid":{"rendered":"https:\/\/www.visionix.com\/?post_type=product&#038;p=37949"},"modified":"2026-02-04T09:56:19","modified_gmt":"2026-02-04T08:56:19","slug":"vx-2200","status":"publish","type":"product","link":"https:\/\/www.visionix.com\/fr\/product\/vx-2200\/","title":{"rendered":"Unit\u00e9 de r\u00e9fraction VX 2200"},"content":{"rendered":"<p>L&rsquo;unit\u00e9 de r\u00e9fraction polyvalente con\u00e7ue avec une technologie ergonomique exclusive.<\/p>\n<p>La nouvelle unit\u00e9 VX 2200 de Visionix, ultra compacte s&rsquo;adapte facilement aux besoins de tous les utilisateurs. Con\u00e7ue sp\u00e9cialement pour \u00eatre compatible avec les instruments Visionix, elle s&rsquo;int\u00e8gre parfaitement dans vos installations existantes, pour une exp\u00e9rience utilisateur optimale.<\/p>\n","protected":false},"excerpt":{"rendered":"<p><strong>L&rsquo;unit\u00e9 de r\u00e9fraction polyvalente con\u00e7ue avec une technologie ergonomique exclusive.<\/strong><\/p>\n<p>La nouvelle unit\u00e9 VX 2200 de Visionix, ultra compacte s&rsquo;adapte facilement aux besoins de tous les utilisateurs. Con\u00e7ue sp\u00e9cialement pour \u00eatre compatible avec les instruments Visionix, elle s&rsquo;int\u00e8gre parfaitement dans vos installations existantes, pour une exp\u00e9rience utilisateur optimale.<\/p>\n","protected":false},"featured_media":37747,"template":"","meta":{"_acf_changed":false,"content-type":"","footnotes":""},"pwb-brand":[509],"product_brand":[],"product_cat":[325,209,183,184],"product_tag":[],"class_list":{"0":"post-37949","1":"product","2":"type-product","3":"status-publish","4":"has-post-thumbnail","6":"pwb-brand-visionix-fr","7":"product_cat-new-products-fr","8":"product_cat-ophtalmologie-instruments","9":"product_cat-optique-equipement","10":"product_cat-orthoptie-instrument","12":"first","13":"instock","14":"shipping-taxable","15":"product-type-simple"},"acf":[],"brands":[{"id":509,"name":"Visionix","slug":"visionix-fr"}],"_links":{"self":[{"href":"https:\/\/www.visionix.com\/fr\/wp-json\/wp\/v2\/product\/37949","targetHints":{"allow":["GET"]}}],"collection":[{"href":"https:\/\/www.visionix.com\/fr\/wp-json\/wp\/v2\/product"}],"about":[{"href":"https:\/\/www.visionix.com\/fr\/wp-json\/wp\/v2\/types\/product"}],"version-history":[{"count":9,"href":"https:\/\/www.visionix.com\/fr\/wp-json\/wp\/v2\/product\/37949\/revisions"}],"predecessor-version":[{"id":77804,"href":"https:\/\/www.visionix.com\/fr\/wp-json\/wp\/v2\/product\/37949\/revisions\/77804"}],"wp:featuredmedia":[{"embeddable":true,"href":"https:\/\/www.visionix.com\/fr\/wp-json\/wp\/v2\/media\/37747"}],"wp:attachment":[{"href":"https:\/\/www.visionix.com\/fr\/wp-json\/wp\/v2\/media?parent=37949"}],"wp:term":[{"taxonomy":"pwb-brand","embeddable":true,"href":"https:\/\/www.visionix.com\/fr\/wp-json\/wp\/v2\/pwb-brand?post=37949"},{"taxonomy":"product_brand","embeddable":true,"href":"https:\/\/www.visionix.com\/fr\/wp-json\/wp\/v2\/product_brand?post=37949"},{"taxonomy":"product_cat","embeddable":true,"href":"https:\/\/www.visionix.com\/fr\/wp-json\/wp\/v2\/product_cat?post=37949"},{"taxonomy":"product_tag","embeddable":true,"href":"https:\/\/www.visionix.com\/fr\/wp-json\/wp\/v2\/product_tag?post=37949"}],"curies":[{"name":"wp","href":"https:\/\/api.w.org\/{rel}","templated":true}]}}