{"id":37194,"date":"2022-11-16T10:59:45","date_gmt":"2022-11-16T09:59:45","guid":{"rendered":"https:\/\/www.visionix.com\/?post_type=product&#038;p=37194"},"modified":"2026-02-03T16:43:14","modified_gmt":"2026-02-03T15:43:14","slug":"mw-50d-digital","status":"publish","type":"product","link":"https:\/\/www.visionix.com\/fr\/product\/mw-50d-digital\/","title":{"rendered":"Lampe \u00e0 fente MW 50D Digital"},"content":{"rendered":"<p>D\u00e9couvrez MW 50D, la lampe \u00e0 fente qui r\u00e9volutionne l\u2019observation clinique \u00e0 tr\u00e8s fort grossissement.<\/p>\n","protected":false},"excerpt":{"rendered":"<p><strong>Lampe \u00e0 fente Led<\/strong><\/p>\n<p>D\u00e9couvrez MW 50D, la lampe \u00e0 fente qui r\u00e9volutionne l\u2019observation clinique \u00e0 tr\u00e8s fort grossissement. Disponible en version clinique et num\u00e9rique.<\/p>\n","protected":false},"featured_media":34867,"template":"","meta":{"_acf_changed":false,"content-type":"","footnotes":""},"pwb-brand":[509],"product_brand":[],"product_cat":[209,183,184],"product_tag":[],"class_list":{"0":"post-37194","1":"product","2":"type-product","3":"status-publish","4":"has-post-thumbnail","6":"pwb-brand-visionix-fr","7":"product_cat-ophtalmologie-instruments","8":"product_cat-optique-equipement","9":"product_cat-orthoptie-instrument","11":"first","12":"instock","13":"product-type-simple"},"acf":[],"brands":[{"id":509,"name":"Visionix","slug":"visionix-fr"}],"_links":{"self":[{"href":"https:\/\/www.visionix.com\/fr\/wp-json\/wp\/v2\/product\/37194","targetHints":{"allow":["GET"]}}],"collection":[{"href":"https:\/\/www.visionix.com\/fr\/wp-json\/wp\/v2\/product"}],"about":[{"href":"https:\/\/www.visionix.com\/fr\/wp-json\/wp\/v2\/types\/product"}],"version-history":[{"count":10,"href":"https:\/\/www.visionix.com\/fr\/wp-json\/wp\/v2\/product\/37194\/revisions"}],"predecessor-version":[{"id":77793,"href":"https:\/\/www.visionix.com\/fr\/wp-json\/wp\/v2\/product\/37194\/revisions\/77793"}],"wp:featuredmedia":[{"embeddable":true,"href":"https:\/\/www.visionix.com\/fr\/wp-json\/wp\/v2\/media\/34867"}],"wp:attachment":[{"href":"https:\/\/www.visionix.com\/fr\/wp-json\/wp\/v2\/media?parent=37194"}],"wp:term":[{"taxonomy":"pwb-brand","embeddable":true,"href":"https:\/\/www.visionix.com\/fr\/wp-json\/wp\/v2\/pwb-brand?post=37194"},{"taxonomy":"product_brand","embeddable":true,"href":"https:\/\/www.visionix.com\/fr\/wp-json\/wp\/v2\/product_brand?post=37194"},{"taxonomy":"product_cat","embeddable":true,"href":"https:\/\/www.visionix.com\/fr\/wp-json\/wp\/v2\/product_cat?post=37194"},{"taxonomy":"product_tag","embeddable":true,"href":"https:\/\/www.visionix.com\/fr\/wp-json\/wp\/v2\/product_tag?post=37194"}],"curies":[{"name":"wp","href":"https:\/\/api.w.org\/{rel}","templated":true}]}}