{"id":34788,"date":"2022-11-10T16:29:12","date_gmt":"2022-11-10T15:29:12","guid":{"rendered":"https:\/\/www.visionix.com\/?post_type=product&#038;p=34788"},"modified":"2025-09-17T15:05:44","modified_gmt":"2025-09-17T13:05:44","slug":"speedy-k2","status":"publish","type":"product","link":"https:\/\/www.visionix.com\/fr\/product\/speedy-k2\/","title":{"rendered":"Speedy K2"},"content":{"rendered":"<p><span dir=\"ltr\" role=\"presentation\">L\u2019auto<\/span><span dir=\"ltr\" role=\"presentation\">r\u00e9fractom\u00e8tre <\/span><span dir=\"ltr\" role=\"presentation\">k\u00e9ratom\u00e8tre <\/span><span dir=\"ltr\" role=\"presentation\">Speedy K2 offre <\/span><span dir=\"ltr\" role=\"presentation\">des mesures de <\/span><span dir=\"ltr\" role=\"presentation\">r\u00e9fraction et de <\/span><span dir=\"ltr\" role=\"presentation\">k\u00e9ratom\u00e9trie <\/span><span dir=\"ltr\" role=\"presentation\">pr\u00e9cises dans un <\/span><span dir=\"ltr\" role=\"presentation\">design compact <\/span><span dir=\"ltr\" role=\"presentation\">gr\u00e2ce au principe <\/span><span dir=\"ltr\" role=\"presentation\">de mesure de la <\/span><span dir=\"ltr\" role=\"presentation\">r\u00e9tinoscopie.<\/span><\/p>\n","protected":false},"excerpt":{"rendered":"<article class=\"text-token-text-primary w-full focus:outline-none scroll-mt-[calc(var(--header-height)+min(200px,max(70px,20svh)))]\" dir=\"auto\" tabindex=\"-1\" data-turn-id=\"request-WEB:555c5f1a-7d4c-416e-9537-2fa166b7e568-8\" data-testid=\"conversation-turn-18\" data-scroll-anchor=\"true\" data-turn=\"assistant\">\n<div class=\"text-base my-auto mx-auto pb-10 [--thread-content-margin:--spacing(4)] @[37rem]:[--thread-content-margin:--spacing(6)] @[72rem]:[--thread-content-margin:--spacing(16)] px-(--thread-content-margin)\">\n<div class=\"[--thread-content-max-width:32rem] @[34rem]:[--thread-content-max-width:40rem] @[64rem]:[--thread-content-max-width:48rem] mx-auto max-w-(--thread-content-max-width) flex-1 group\/turn-messages focus-visible:outline-hidden relative flex w-full min-w-0 flex-col agent-turn\" tabindex=\"-1\">\n<div class=\"flex max-w-full flex-col grow\">\n<div class=\"min-h-8 text-message relative flex w-full flex-col items-end gap-2 text-start break-words whitespace-normal [.text-message+&amp;]:mt-5\" dir=\"auto\" data-message-author-role=\"assistant\" data-message-id=\"bd3c2b00-a883-4ff4-9ad3-15dbaeef0f01\" data-message-model-slug=\"gpt-5\">\n<div class=\"flex w-full flex-col gap-1 empty:hidden first:pt-[3px]\">\n<div class=\"markdown prose dark:prose-invert w-full break-words dark markdown-new-styling\">\n<p data-start=\"47\" data-end=\"117\"><strong data-start=\"47\" data-end=\"115\">Autor\u00e9fractom\u00e8tre k\u00e9ratom\u00e8tre Speedy K2 : pr\u00e9cision et compacit\u00e9<\/strong><\/p>\n<\/div>\n<\/div>\n<\/div>\n<\/div>\n<\/div>\n<\/div>\n<\/article>\n<p><span dir=\"ltr\" role=\"presentation\">L\u2019auto<\/span><span dir=\"ltr\" role=\"presentation\">r\u00e9fractom\u00e8tre <\/span><span dir=\"ltr\" role=\"presentation\">k\u00e9ratom\u00e8tre <\/span><span dir=\"ltr\" role=\"presentation\">Speedy K2 offre <\/span><span dir=\"ltr\" role=\"presentation\">des mesures de <\/span><span dir=\"ltr\" role=\"presentation\">r\u00e9fraction et de <\/span><span dir=\"ltr\" role=\"presentation\">k\u00e9ratom\u00e9trie <\/span><span dir=\"ltr\" role=\"presentation\">pr\u00e9cises dans un <\/span><span dir=\"ltr\" role=\"presentation\">design compact <\/span><span dir=\"ltr\" role=\"presentation\">gr\u00e2ce au principe <\/span><span dir=\"ltr\" role=\"presentation\">de mesure de la <\/span><span dir=\"ltr\" role=\"presentation\">r\u00e9tinoscopie.<\/span><\/p>\n","protected":false},"featured_media":34805,"template":"","meta":{"_acf_changed":false,"content-type":"","footnotes":""},"pwb-brand":[509],"product_brand":[],"product_cat":[209,183,184],"product_tag":[539],"class_list":{"0":"post-34788","1":"product","2":"type-product","3":"status-publish","4":"has-post-thumbnail","6":"pwb-brand-visionix-fr","7":"product_cat-ophtalmologie-instruments","8":"product_cat-optique-equipement","9":"product_cat-orthoptie-instrument","10":"product_tag-ark-fr","11":"pa_product-family-refraction-fr","12":"pa_product-type-ark-fr","14":"first","15":"instock","16":"product-type-simple"},"acf":[],"brands":[{"id":509,"name":"Visionix","slug":"visionix-fr"}],"_links":{"self":[{"href":"https:\/\/www.visionix.com\/fr\/wp-json\/wp\/v2\/product\/34788","targetHints":{"allow":["GET"]}}],"collection":[{"href":"https:\/\/www.visionix.com\/fr\/wp-json\/wp\/v2\/product"}],"about":[{"href":"https:\/\/www.visionix.com\/fr\/wp-json\/wp\/v2\/types\/product"}],"version-history":[{"count":11,"href":"https:\/\/www.visionix.com\/fr\/wp-json\/wp\/v2\/product\/34788\/revisions"}],"predecessor-version":[{"id":74600,"href":"https:\/\/www.visionix.com\/fr\/wp-json\/wp\/v2\/product\/34788\/revisions\/74600"}],"wp:featuredmedia":[{"embeddable":true,"href":"https:\/\/www.visionix.com\/fr\/wp-json\/wp\/v2\/media\/34805"}],"wp:attachment":[{"href":"https:\/\/www.visionix.com\/fr\/wp-json\/wp\/v2\/media?parent=34788"}],"wp:term":[{"taxonomy":"pwb-brand","embeddable":true,"href":"https:\/\/www.visionix.com\/fr\/wp-json\/wp\/v2\/pwb-brand?post=34788"},{"taxonomy":"product_brand","embeddable":true,"href":"https:\/\/www.visionix.com\/fr\/wp-json\/wp\/v2\/product_brand?post=34788"},{"taxonomy":"product_cat","embeddable":true,"href":"https:\/\/www.visionix.com\/fr\/wp-json\/wp\/v2\/product_cat?post=34788"},{"taxonomy":"product_tag","embeddable":true,"href":"https:\/\/www.visionix.com\/fr\/wp-json\/wp\/v2\/product_tag?post=34788"}],"curies":[{"name":"wp","href":"https:\/\/api.w.org\/{rel}","templated":true}]}}