{"id":34643,"date":"2022-11-10T15:37:28","date_gmt":"2022-11-10T14:37:28","guid":{"rendered":"https:\/\/www.visionix.com\/?post_type=product&#038;p=34643"},"modified":"2026-02-03T16:03:02","modified_gmt":"2026-02-03T15:03:02","slug":"retinomax-k-plus-5","status":"publish","type":"product","link":"https:\/\/www.visionix.com\/fr\/product\/retinomax-k-plus-5\/","title":{"rendered":"Auto r\u00e9fractom\u00e8tre Retinomax K-plus 5"},"content":{"rendered":"<p data-sourcepos=\"3:1-3:269\">Le Retinomax K-plus 5 est un auto-r\u00e9fractom\u00e8tre-k\u00e9ratom\u00e8tre portable qui offre une pr\u00e9cision \u00e9lev\u00e9e et reconnue \u00e0 travers le monde. Il est id\u00e9al pour les professionnels de la sant\u00e9 visuelle qui souhaitent am\u00e9liorer la qualit\u00e9 des examens de la vision de leurs patients.<\/p>\n<p data-sourcepos=\"5:1-5:254\">Le Retinomax K-plus 5 est facile \u00e0 utiliser et permet d&rsquo;obtenir des r\u00e9sultats fiables en un temps record. Il est \u00e9galement compatible avec une large gamme de patients, y compris les enfants et les personnes aux pupilles petites ou sensibles \u00e0 la lumi\u00e8re.<\/p>\n<p data-sourcepos=\"5:1-5:254\">\n","protected":false},"excerpt":{"rendered":"<p><strong>Retinomax : la r\u00e9f\u00e9rence de la r\u00e9fraction objective portable<\/strong><br \/>\nAvec sa plage de mesure \u00e9tendue, la gamme Retinomax vous assure des r\u00e9sultats de r\u00e9fraction et de k\u00e9ratom\u00e9trie \u00e0 chaque examen avec une pr\u00e9cision \u00e9lev\u00e9e et reconnue \u00e0 travers le monde depuis de nombreuses ann\u00e9es. Sa l\u00e9g\u00e8ret\u00e9 et sa grande autonomie en font l\u2019AR-K mobile par excellence.<\/p>\n","protected":false},"featured_media":34650,"template":"","meta":{"_acf_changed":false,"content-type":"","footnotes":""},"pwb-brand":[509],"product_brand":[],"product_cat":[209,183,184],"product_tag":[],"class_list":{"0":"post-34643","1":"product","2":"type-product","3":"status-publish","4":"has-post-thumbnail","6":"pwb-brand-visionix-fr","7":"product_cat-ophtalmologie-instruments","8":"product_cat-optique-equipement","9":"product_cat-orthoptie-instrument","11":"first","12":"instock","13":"product-type-simple"},"acf":[],"brands":[{"id":509,"name":"Visionix","slug":"visionix-fr"}],"_links":{"self":[{"href":"https:\/\/www.visionix.com\/fr\/wp-json\/wp\/v2\/product\/34643","targetHints":{"allow":["GET"]}}],"collection":[{"href":"https:\/\/www.visionix.com\/fr\/wp-json\/wp\/v2\/product"}],"about":[{"href":"https:\/\/www.visionix.com\/fr\/wp-json\/wp\/v2\/types\/product"}],"version-history":[{"count":9,"href":"https:\/\/www.visionix.com\/fr\/wp-json\/wp\/v2\/product\/34643\/revisions"}],"predecessor-version":[{"id":77776,"href":"https:\/\/www.visionix.com\/fr\/wp-json\/wp\/v2\/product\/34643\/revisions\/77776"}],"wp:featuredmedia":[{"embeddable":true,"href":"https:\/\/www.visionix.com\/fr\/wp-json\/wp\/v2\/media\/34650"}],"wp:attachment":[{"href":"https:\/\/www.visionix.com\/fr\/wp-json\/wp\/v2\/media?parent=34643"}],"wp:term":[{"taxonomy":"pwb-brand","embeddable":true,"href":"https:\/\/www.visionix.com\/fr\/wp-json\/wp\/v2\/pwb-brand?post=34643"},{"taxonomy":"product_brand","embeddable":true,"href":"https:\/\/www.visionix.com\/fr\/wp-json\/wp\/v2\/product_brand?post=34643"},{"taxonomy":"product_cat","embeddable":true,"href":"https:\/\/www.visionix.com\/fr\/wp-json\/wp\/v2\/product_cat?post=34643"},{"taxonomy":"product_tag","embeddable":true,"href":"https:\/\/www.visionix.com\/fr\/wp-json\/wp\/v2\/product_tag?post=34643"}],"curies":[{"name":"wp","href":"https:\/\/api.w.org\/{rel}","templated":true}]}}