{"id":33872,"date":"2022-10-14T15:36:59","date_gmt":"2022-10-14T13:36:59","guid":{"rendered":"https:\/\/www.visionix.com\/?post_type=product&#038;p=33872"},"modified":"2026-02-03T11:03:38","modified_gmt":"2026-02-03T10:03:38","slug":"optovue-solix-essential","status":"publish","type":"product","link":"https:\/\/www.visionix.com\/fr\/product\/optovue-solix-essential\/","title":{"rendered":"OCT Optovue Solix Essential"},"content":{"rendered":"<p>Optovue Solix Essential est une technologie construite autour de l\u2019OCT Spectral Domain Haute vitesse. Optovue Solix Essential permet une imagerie ultra avanc\u00e9e de la corn\u00e9e \u00e0 la choro\u00efde gr\u00e2ce \u00e0 une technologie exclusive qui promet de r\u00e9volutionner le diagnostic et le suivi des patients.<\/p>\n","protected":false},"excerpt":{"rendered":"<p><strong>L&rsquo;imagerie nouvelle g\u00e9n\u00e9ration, de la corn\u00e9e \u00e0 la choro\u00efde.<br \/>\n<\/strong><\/p>\n<p>Optovue Solix Essential est une technologie construite autour de l\u2019OCT Spectral Domain Haute vitesse. Optovue Solix Essential permet une imagerie ultra avanc\u00e9e de la corn\u00e9e \u00e0 la choro\u00efde gr\u00e2ce \u00e0 une technologie exclusive qui promet de r\u00e9volutionner le diagnostic et le<br \/>\nsuivi des patients.<\/p>\n","protected":false},"featured_media":56393,"template":"","meta":{"_acf_changed":false,"content-type":"","footnotes":""},"pwb-brand":[503],"product_brand":[],"product_cat":[325,209,184],"product_tag":[],"class_list":{"0":"post-33872","1":"product","2":"type-product","3":"status-publish","4":"has-post-thumbnail","6":"pwb-brand-optovue-fr","7":"product_cat-new-products-fr","8":"product_cat-ophtalmologie-instruments","9":"product_cat-orthoptie-instrument","11":"first","12":"instock","13":"featured","14":"product-type-simple"},"acf":[],"brands":[{"id":503,"name":"Optovue","slug":"optovue-fr"}],"_links":{"self":[{"href":"https:\/\/www.visionix.com\/fr\/wp-json\/wp\/v2\/product\/33872","targetHints":{"allow":["GET"]}}],"collection":[{"href":"https:\/\/www.visionix.com\/fr\/wp-json\/wp\/v2\/product"}],"about":[{"href":"https:\/\/www.visionix.com\/fr\/wp-json\/wp\/v2\/types\/product"}],"version-history":[{"count":14,"href":"https:\/\/www.visionix.com\/fr\/wp-json\/wp\/v2\/product\/33872\/revisions"}],"predecessor-version":[{"id":78417,"href":"https:\/\/www.visionix.com\/fr\/wp-json\/wp\/v2\/product\/33872\/revisions\/78417"}],"wp:featuredmedia":[{"embeddable":true,"href":"https:\/\/www.visionix.com\/fr\/wp-json\/wp\/v2\/media\/56393"}],"wp:attachment":[{"href":"https:\/\/www.visionix.com\/fr\/wp-json\/wp\/v2\/media?parent=33872"}],"wp:term":[{"taxonomy":"pwb-brand","embeddable":true,"href":"https:\/\/www.visionix.com\/fr\/wp-json\/wp\/v2\/pwb-brand?post=33872"},{"taxonomy":"product_brand","embeddable":true,"href":"https:\/\/www.visionix.com\/fr\/wp-json\/wp\/v2\/product_brand?post=33872"},{"taxonomy":"product_cat","embeddable":true,"href":"https:\/\/www.visionix.com\/fr\/wp-json\/wp\/v2\/product_cat?post=33872"},{"taxonomy":"product_tag","embeddable":true,"href":"https:\/\/www.visionix.com\/fr\/wp-json\/wp\/v2\/product_tag?post=33872"}],"curies":[{"name":"wp","href":"https:\/\/api.w.org\/{rel}","templated":true}]}}