{"id":2762,"date":"2022-03-07T14:34:09","date_gmt":"2022-03-07T13:34:09","guid":{"rendered":"https:\/\/www.visionix.com\/produit\/weco-e-12-groove-2\/"},"modified":"2024-01-16T11:22:31","modified_gmt":"2024-01-16T10:22:31","slug":"weco-e12-groove","status":"publish","type":"product","link":"https:\/\/www.visionix.com\/fr\/product\/weco-e12-groove\/","title":{"rendered":"Weco E12 Groove"},"content":{"rendered":"<p>Si vous recherchez une meuleuse d&rsquo;entr\u00e9e de gamme parfaite avec per\u00e7age pour votre atelier de finition, vous ne pouvez tout simplement pas faire mieux que la Weco E12. Avec le tra\u00e7age optique brevet\u00e9 Gravitech\u00ae et une fonction de per\u00e7age int\u00e9gr\u00e9e, la Weco E12 repr\u00e9sente une technologie et une valeur in\u00e9gal\u00e9es dans sa cat\u00e9gorie.<\/p>\n","protected":false},"excerpt":{"rendered":"<p><strong>L\u2019innovation qui change les r\u00e8gles du tra\u00e7age<\/strong><\/p>\n<p>Si vous recherchez une meuleuse d\u2019entr\u00e9e de gamme parfaite avec per\u00e7age pour votre atelier de finition, vous ne pouvez tout simplement pas faire mieux que la Weco E12<\/p>\n","protected":false},"featured_media":42407,"template":"","meta":{"_acf_changed":false,"content-type":"","footnotes":""},"pwb-brand":[511],"product_brand":[],"product_cat":[183,184],"product_tag":[],"class_list":{"0":"post-2762","1":"product","2":"type-product","3":"status-publish","4":"has-post-thumbnail","6":"pwb-brand-weco-fr","7":"product_cat-optique-equipement","8":"product_cat-orthoptie-instrument","9":"pa_product-family-finishing-fr","10":"pa_product-type-edging-system-fr","12":"first","13":"instock","14":"product-type-simple"},"acf":[],"brands":[{"id":511,"name":"Weco","slug":"weco-fr"}],"_links":{"self":[{"href":"https:\/\/www.visionix.com\/fr\/wp-json\/wp\/v2\/product\/2762","targetHints":{"allow":["GET"]}}],"collection":[{"href":"https:\/\/www.visionix.com\/fr\/wp-json\/wp\/v2\/product"}],"about":[{"href":"https:\/\/www.visionix.com\/fr\/wp-json\/wp\/v2\/types\/product"}],"version-history":[{"count":10,"href":"https:\/\/www.visionix.com\/fr\/wp-json\/wp\/v2\/product\/2762\/revisions"}],"predecessor-version":[{"id":16598,"href":"https:\/\/www.visionix.com\/fr\/wp-json\/wp\/v2\/product\/2762\/revisions\/16598"}],"wp:featuredmedia":[{"embeddable":true,"href":"https:\/\/www.visionix.com\/fr\/wp-json\/wp\/v2\/media\/42407"}],"wp:attachment":[{"href":"https:\/\/www.visionix.com\/fr\/wp-json\/wp\/v2\/media?parent=2762"}],"wp:term":[{"taxonomy":"pwb-brand","embeddable":true,"href":"https:\/\/www.visionix.com\/fr\/wp-json\/wp\/v2\/pwb-brand?post=2762"},{"taxonomy":"product_brand","embeddable":true,"href":"https:\/\/www.visionix.com\/fr\/wp-json\/wp\/v2\/product_brand?post=2762"},{"taxonomy":"product_cat","embeddable":true,"href":"https:\/\/www.visionix.com\/fr\/wp-json\/wp\/v2\/product_cat?post=2762"},{"taxonomy":"product_tag","embeddable":true,"href":"https:\/\/www.visionix.com\/fr\/wp-json\/wp\/v2\/product_tag?post=2762"}],"curies":[{"name":"wp","href":"https:\/\/api.w.org\/{rel}","templated":true}]}}